{"id":10047,"date":"2023-05-22T08:55:50","date_gmt":"2023-05-22T08:55:50","guid":{"rendered":"https:\/\/windowshopline.com\/?post_type=product&#038;p=10047"},"modified":"2023-12-16T21:50:51","modified_gmt":"2023-12-16T21:50:51","slug":"trepied-z-02-flexible-360","status":"publish","type":"product","link":"https:\/\/windowshopline.com\/en\/shop\/trepied-z-02-flexible-360\/","title":{"rendered":"Tr\u00e9pied Z-02 Flexible 360\u00b0"},"content":{"rendered":"<p><b>Le tr\u00e9pied flexible de conception a 3 pied<\/b>s, chaque pied flexible. Vous pouvez accrocher ce tr\u00e9pied \u00e0 un poteau et \u00e0 d&#8217;autres endroits o\u00f9 un tr\u00e9pied n&#8217;est g\u00e9n\u00e9ralement pas possible. Prise universelle La prise utilise une vis 1\/4 universelle, de sorte que tous les appareils photo et reflex num\u00e9riques \u00e9quip\u00e9s de ce type de prise peuvent utiliser ce tr\u00e9pied. Rotation \u00e0 360 Vous pouvez faire pivoter la position de la cam\u00e9ra jusqu&#8217;\u00e0 360, et sa position peut \u00eatre verrouill\u00e9e si elle a trouv\u00e9 la position appropri\u00e9e. Informations sur le produit Dimensions : 24 x 4 x 4 cm Poids : 165 g Charge maximale : 1 kg Mat\u00e9riau : ABS Compatible : Convient aux cam\u00e9ras Action Cam, DSLR, Mirrorless, Smartphone, etc. Compl\u00e9tude dans la bo\u00eete : -1pcs Tewe Tripod Gorilla est actuellement Z02 -1pcs support u Flexibilit\u00e9 totale, en plastique ABS et caoutchouc. Support portable : design l\u00e9ger, assez portable \u00e0 transporter. Articulations flexibles r\u00e9glables : les jambes des articulations flexibles se plient et tournent pour former la forme parfaite \u00e0 360\u00b0. Il peut s&#8217;agir de fixations Slim-line amovibles qui s&#8217;enclenchent dans le pod pour une connexion instantan\u00e9e \u00e0 votre appareil photo. Stabilit\u00e9 sur n&#8217;importe quelle surface : des pieds flexibles et enveloppants avec un anneau caoutchout\u00e9 et des poign\u00e9es de pied stabilisent l&#8217;appareil photo sur pratiquement n&#8217;importe quelle surface, pour capturer des souvenirs qui auraient \u00e9t\u00e9 auparavant impossibles. Contr\u00f4le pr\u00e9cis avec inclinaison \u00e0 90\u00b0 et panoramique \u00e0 360\u00b0 : orientez rapidement votre appareil photo et r\u00e9alisez de belles compositions avec des configurations portrait et paysage. Panoramique fluide sans inclinaison : le bouton de r\u00e9glage \u00e0 double action avec m\u00e9canisme de verrouillage s\u00e9par\u00e9 permet un mouvement horizontal et vertical s\u00e9curis\u00e9. Configuration rapide, images de niveau : le clip \u00e0 d\u00e9gagement rapide reste connect\u00e9 \u00e0 votre appareil photo pour une configuration instantan\u00e9e tandis que le niveau \u00e0 bulle sur la rotule assure des prises de vue de niveau \u00e0 chaque fois.<\/p>","protected":false},"excerpt":{"rendered":"<ul class=\"-pvs -mvxs -phm -lsn\">\n<li class=\"-pvxs\"><span class=\"-b\">Mod\u00e8le<\/span>: z-02<\/li>\n<li class=\"-pvxs\"><span class=\"-b\">Poids (kg)<\/span>: 0.2<\/li>\n<li class=\"-pvxs\"><span class=\"-b\">Couleur<\/span>: Noir-Blanc<\/li>\n<li>solutions techlife Support de tr\u00e9pied de 10 pouces enti\u00e8rement flexible pour tous les mobiles et appareils photo num\u00e9riques pour les personnes qui aiment capturer des paysages, des paysages et des personnes.<\/li>\n<li>Portable dans n&#8217;importe quel sac \u00e0 dos ou poche de veste ou sacs \u00e0 bandouli\u00e8re.<\/li>\n<li>Il comprend trois pattes en fil flexible et des pieds \u00e0 billes en caoutchouc.<\/li>\n<li>Chaque jambe a des boules noires et des joints \u00e0 douille qui peuvent pivoter \u00e0 360 degr\u00e9s.<\/li>\n<li>Montez votre appareil photo o\u00f9 vous le souhaitez.<\/li>\n<li>Enroulez uniquement les 3 pieds flexibles segment\u00e9s solidement sur une branche d&#8217;arbre, une cl\u00f4ture, un banc de parc ou tout autre \u00e9l\u00e9ment pratique.<\/li>\n<li>L&#8217;anneau caoutchout\u00e9 et les poign\u00e9es de pied offrent une stabilit\u00e9 accrue sur les terrains difficiles. \u2714Il est livr\u00e9 avec une fixation mobile universelle gratuite afin que vous puissiez \u00e9galement l&#8217;utiliser avec votre mobil<\/li>\n<\/ul>","protected":false},"featured_media":10048,"comment_status":"open","ping_status":"closed","template":"","meta":{"_joinchat":[]},"product_cat":[85,42],"product_tag":[],"class_list":{"0":"post-10047","1":"product","2":"type-product","3":"status-publish","4":"has-post-thumbnail","6":"product_cat-accessoires-gopro","7":"product_cat-phone-accessories","9":"first","10":"instock","11":"sale","12":"shipping-taxable","13":"purchasable","14":"product-type-simple"},"_links":{"self":[{"href":"https:\/\/windowshopline.com\/en\/wp-json\/wp\/v2\/product\/10047","targetHints":{"allow":["GET"]}}],"collection":[{"href":"https:\/\/windowshopline.com\/en\/wp-json\/wp\/v2\/product"}],"about":[{"href":"https:\/\/windowshopline.com\/en\/wp-json\/wp\/v2\/types\/product"}],"replies":[{"embeddable":true,"href":"https:\/\/windowshopline.com\/en\/wp-json\/wp\/v2\/comments?post=10047"}],"wp:featuredmedia":[{"embeddable":true,"href":"https:\/\/windowshopline.com\/en\/wp-json\/wp\/v2\/media\/10048"}],"wp:attachment":[{"href":"https:\/\/windowshopline.com\/en\/wp-json\/wp\/v2\/media?parent=10047"}],"wp:term":[{"taxonomy":"product_cat","embeddable":true,"href":"https:\/\/windowshopline.com\/en\/wp-json\/wp\/v2\/product_cat?post=10047"},{"taxonomy":"product_tag","embeddable":true,"href":"https:\/\/windowshopline.com\/en\/wp-json\/wp\/v2\/product_tag?post=10047"}],"curies":[{"name":"wp","href":"https:\/\/api.w.org\/{rel}","templated":true}]}}