{"id":10126,"date":"2023-05-23T10:43:41","date_gmt":"2023-05-23T10:43:41","guid":{"rendered":"https:\/\/windowshopline.com\/?post_type=product&#038;p=10126"},"modified":"2023-12-16T21:47:01","modified_gmt":"2023-12-16T21:47:01","slug":"antichoc-silicone-gopro-hero-3-4-vert","status":"publish","type":"product","link":"https:\/\/windowshopline.com\/en\/shop\/antichoc-silicone-gopro-hero-3-4-vert\/","title":{"rendered":"Antichoc Silicone GoPro Hero 3.4 &#8211; Vert."},"content":{"rendered":"<p>Pour GoPro \u00e9tui de protection logement en caoutchouc souple Silicone r\u00e9sistant aux chocs cadre de couverture action cam\u00e9ra accessoire pour Go pro Hero 5\/Hero 6<\/p>\n<p>Description:<\/p>\n<p>100% neuf et de haute qualit\u00e9<\/p>\n<p>Largement utilis\u00e9 sur le surf, le ski, le skateboard, l&#8217;\u00e9quitation de v\u00e9lo\/moto<\/p>\n<p>1. Se sent doux avec le mat\u00e9riel de silicone en caoutchouc, antid\u00e9rapant.<br \/>\n2. Anti-rayures, emp\u00eache l&#8217;usure pour une utilisation de longue dur\u00e9e.<br \/>\n3. Conception parfaite de chaque bouton et ouverture. N&#8217;affecte pas l&#8217;utilisation.<\/p>\n<p>Mat\u00e9riau en silicone souple, prot\u00e9gez votre appareil photo de la poussi\u00e8re, de la salet\u00e9, de l&#8217;huile et du glissement.<\/p>\n<p>Tr\u00e8s pratique, pratique et facile \u00e0 installer.<\/p>\n<p><b>Fonctionnalit\u00e9s:\u00a0<\/b><\/p>\n<ol>\n<li>se sent doux avec un mat\u00e9riau slicone, antid\u00e9rapant.<\/li>\n<li>Facile et pratique \u00e0 utiliser.<\/li>\n<li>Fait de silicone souple et souple.<\/li>\n<li>Cela aide \u00e0 \u00e9viter la poussi\u00e8re, les taches et les rayures sur votre appareil photo.<\/li>\n<li>Bon choix pour chaque photographe ou amateur de plein air.<\/li>\n<\/ol>","protected":false},"excerpt":{"rendered":"<ul>\n<li>Mat\u00e9riel: Silicone<\/li>\n<li>Taille: 6.5 * 3 * 4.7cm<\/li>\n<li>Type: \u00c9tui souple<\/li>\n<li>Emballage inclus: 1 x \u00c9tui pour appareil photo<\/li>\n<li>Couleur : Vert<\/li>\n<li>Poids: 5G<\/li>\n<\/ul>","protected":false},"featured_media":10127,"comment_status":"open","ping_status":"closed","template":"","meta":{"_joinchat":[]},"product_cat":[85],"product_tag":[],"class_list":{"0":"post-10126","1":"product","2":"type-product","3":"status-publish","4":"has-post-thumbnail","6":"product_cat-accessoires-gopro","8":"first","9":"instock","10":"sale","11":"shipping-taxable","12":"purchasable","13":"product-type-simple"},"_links":{"self":[{"href":"https:\/\/windowshopline.com\/en\/wp-json\/wp\/v2\/product\/10126","targetHints":{"allow":["GET"]}}],"collection":[{"href":"https:\/\/windowshopline.com\/en\/wp-json\/wp\/v2\/product"}],"about":[{"href":"https:\/\/windowshopline.com\/en\/wp-json\/wp\/v2\/types\/product"}],"replies":[{"embeddable":true,"href":"https:\/\/windowshopline.com\/en\/wp-json\/wp\/v2\/comments?post=10126"}],"wp:featuredmedia":[{"embeddable":true,"href":"https:\/\/windowshopline.com\/en\/wp-json\/wp\/v2\/media\/10127"}],"wp:attachment":[{"href":"https:\/\/windowshopline.com\/en\/wp-json\/wp\/v2\/media?parent=10126"}],"wp:term":[{"taxonomy":"product_cat","embeddable":true,"href":"https:\/\/windowshopline.com\/en\/wp-json\/wp\/v2\/product_cat?post=10126"},{"taxonomy":"product_tag","embeddable":true,"href":"https:\/\/windowshopline.com\/en\/wp-json\/wp\/v2\/product_tag?post=10126"}],"curies":[{"name":"wp","href":"https:\/\/api.w.org\/{rel}","templated":true}]}}