{"id":10167,"date":"2023-05-23T12:20:47","date_gmt":"2023-05-23T12:20:47","guid":{"rendered":"https:\/\/windowshopline.com\/?post_type=product&#038;p=10167"},"modified":"2023-12-16T21:46:07","modified_gmt":"2023-12-16T21:46:07","slug":"trepied-z01-flexible-mobile-camera-rotatif-noir-blanc","status":"publish","type":"product","link":"https:\/\/windowshopline.com\/en\/shop\/trepied-z01-flexible-mobile-camera-rotatif-noir-blanc\/","title":{"rendered":"Trepied Z01- Flexible Mobile-Camera &#038; Rotatif Noir-Blanc"},"content":{"rendered":"<p>Le Gorillapod SLR poss\u00e8de des pieds pr\u00e9hensiles et solides qui vous permettent de prendre une photo stable dans pratiquement n&#8217;importe quel environnent. Avec sa taille compacte, vous pouvez l&#8217;emporter partout et n&#8217;importe o\u00f9. De plus, la patte de d\u00e9montage rapide avec niveau rend la configuration tr\u00e8s facile. Que vous preniez des photos rapides avec votre appareil SLR ou que vous enregistriez des vid\u00e9os avec votre cam\u00e9scope, le Gorillapod SLR est le compagnon parfait pour votre prochaine grande aventure.<\/p>\n<p>Tr\u00e9pied flexible GorillaPod est le plus flexible, le support pour s&#8217;attacher \u00e0 n&#8217;importe quoi et il est con\u00e7u pour les t\u00e9l\u00e9phones, les GoPro et les cam\u00e9ras de poche.<\/p>\n<p>Il a inclus la vis universelle pour ajuster n&#8217;importe quel appareil. Portable \u00e0 transporter: Compact \u00e0 transporter tout en prot\u00e9geant votre \u00e9quipement. Les Griffes: Deux points de connexion vous permettent d&#8217;ajuster l&#8217;angle de votre appareil<br \/>\nTr\u00e9pied flexible GorillaPod et pince pour smartphone Grip Tight. Prenez des photos et des vid\u00e9os exceptionnelles avec votre t\u00e9l\u00e9phone !Un tr\u00e9pied est un meuble \u00e0 trois pieds, servant de table, de si\u00e8ge ou de support1. Il a l&#8217;avantage de n&#8217;\u00eatre jamais bancal, quelle que soit sa fabrication, et quelle que soit la surface sur laquelle il est pos\u00e9.<br \/>\nDes tr\u00e9pieds servent de base \u00e0 des tabourets, des tables (gu\u00e9ridon), et des supports \u00e0 usage domestique, artisanal ou professionnel.<br \/>\nLes photographes et les cadreurs installent leurs appareils qui doivent \u00eatre stables sur des tr\u00e9pieds r\u00e9glables et repliables, sp\u00e9cialement con\u00e7us pour cet usage, qu&#8217;ils appellent plus couramment \u00ab un pied \u00bb<\/p>\n<ul class=\"pdp-info__bulletpoints\">\n<li>Compatible avec tous les smartphones<\/li>\n<li>Jambes flexibles qui s&#8217;enroulent autour d&#8217;objets o\u00f9 que ce soit<\/li>\n<li>Les jambes servent de poign\u00e9e pour la prise de selfie, de vid\u00e9o<\/li>\n<li>Pieds en caoutchouc assurant l&#8217;adh\u00e9rence sur toutes les surfaces<\/li>\n<li>Compact et l\u00e9ger pour un transport facile<\/li>\n<\/ul>","protected":false},"excerpt":{"rendered":"<ul>\n<li>Type de produit :\u00a0Support T\u00e9l\u00e9phone<\/li>\n<li>Poids (g) :100<\/li>\n<li>Type : Tr\u00e9pied flexible<\/li>\n<li>Utilisation : Appareil photo num\u00e9rique<\/li>\n<li>Mat\u00e9riel : Plastique ABS, Acier Inoxydable,<\/li>\n<li>Colour : Noir-Blanc<\/li>\n<li>Application : For Gopro Hero 7, 6, 5, 4, 3+, 5 Session , 4 session , SJCAM SJ4000 Camera<\/li>\n<li>Working :For Mobile Phone , Digital Camera<\/li>\n<\/ul>","protected":false},"featured_media":10168,"comment_status":"open","ping_status":"closed","template":"","meta":{"_joinchat":[]},"product_cat":[85,42],"product_tag":[],"class_list":{"0":"post-10167","1":"product","2":"type-product","3":"status-publish","4":"has-post-thumbnail","6":"product_cat-accessoires-gopro","7":"product_cat-phone-accessories","9":"first","10":"instock","11":"sale","12":"shipping-taxable","13":"purchasable","14":"product-type-simple"},"_links":{"self":[{"href":"https:\/\/windowshopline.com\/en\/wp-json\/wp\/v2\/product\/10167","targetHints":{"allow":["GET"]}}],"collection":[{"href":"https:\/\/windowshopline.com\/en\/wp-json\/wp\/v2\/product"}],"about":[{"href":"https:\/\/windowshopline.com\/en\/wp-json\/wp\/v2\/types\/product"}],"replies":[{"embeddable":true,"href":"https:\/\/windowshopline.com\/en\/wp-json\/wp\/v2\/comments?post=10167"}],"wp:featuredmedia":[{"embeddable":true,"href":"https:\/\/windowshopline.com\/en\/wp-json\/wp\/v2\/media\/10168"}],"wp:attachment":[{"href":"https:\/\/windowshopline.com\/en\/wp-json\/wp\/v2\/media?parent=10167"}],"wp:term":[{"taxonomy":"product_cat","embeddable":true,"href":"https:\/\/windowshopline.com\/en\/wp-json\/wp\/v2\/product_cat?post=10167"},{"taxonomy":"product_tag","embeddable":true,"href":"https:\/\/windowshopline.com\/en\/wp-json\/wp\/v2\/product_tag?post=10167"}],"curies":[{"name":"wp","href":"https:\/\/api.w.org\/{rel}","templated":true}]}}