{"id":10525,"date":"2024-08-30T14:29:52","date_gmt":"2024-08-30T14:29:52","guid":{"rendered":"https:\/\/windowshopline.com\/?post_type=product&#038;p=10525"},"modified":"2024-09-05T16:52:27","modified_gmt":"2024-09-05T16:52:27","slug":"support-pour-ordinateur-portable-tablette-a1","status":"publish","type":"product","link":"https:\/\/windowshopline.com\/en\/shop\/support-pour-ordinateur-portable-tablette-a1\/","title":{"rendered":"support pour ordinateur portable\/tablette A1"},"content":{"rendered":"<p data-spm-anchor-id=\"a2g0o.detail.1000023.i1.1e7aXwCRXwCRX2\"><b>Stable et protecteur<\/b>\u00a0: le support rotatif pour ordinateur portable\u00a0\u00a0est fabriqu\u00e9 en alliage d&#8217;aluminium \u00e9pais et\u00a0\u00a0poss\u00e8de un bord lisse qui vous prot\u00e8ge des rayures.\u00a0Fournit des coussinets en silicone tr\u00e8s fermes et durables pour garantir une connexion \u00e9troite avec le bureau et maintenir votre ordinateur portable stable en place, sans vous soucier des oscillations et des glissements.<\/p>\n<p>&nbsp;<\/p>\n<p>Large compatibilit\u00e9 \u2013 Ce support pour ordinateur portable s&#8217;adapte \u00e0 toutes les tablettes et ordinateurs portables de 10&#8243; \u00e0 17,3&#8243;, convient pour MacBook Air MacBook Pro Microsoft Surface Google Pixel book Dell XPS HP Acer Chromebook et plus d&#8217;ordinateurs portables de 10 \u00e0 17,3&#8243;.<\/p>\n<p>&nbsp;<\/p>\n<p>Conception ergonomique &#8211; L&#8217;utilisation d&#8217;un ordinateur portable avec un support peut \u00e9viter de se pencher \u00e0 long terme et d\u00e9velopper une bonne posture de travail, r\u00e9duisant ainsi les douleurs aux \u00e9paules et au cou.<\/p>\n<p>&nbsp;<\/p>\n<p>Refroidissez votre ordinateur portable : la base sup\u00e9rieure creuse pour ordinateur portable peut dissiper efficacement la chaleur et emp\u00eacher l&#8217;ordinateur de surchauffer.<\/p>","protected":false},"excerpt":{"rendered":"<ul>\n<li>Model A1<\/li>\n<li>Package Dimensions \u200e30.9 x 26.6 x 8 cm; 1.48 Kilograms<\/li>\n<li>Item model number \u200e90849<\/li>\n<li>Hardware Platform \u200ePC<\/li>\n<li>Compatible Devices \u200eTablets, Laptops<\/li>\n<li>Special Features \u200eErgonomic, Foldable, Adjustable<\/li>\n<li>Mounting Hardware \u200eLaptop Stand<\/li>\n<li>Number of items \u200e1<\/li>\n<li>Batteries Required \u200eNo<\/li>\n<li>Material \u200eAluminium<\/li>\n<li>Mounting Type \u200eTabletop<\/li>\n<li>Manufacturer \u200eUgreen Group Limited<\/li>\n<li>Country of Origin \u200eChina<\/li>\n<li>Item Weight \u200e1 kg 480 g<\/li>\n<\/ul>","protected":false},"featured_media":10875,"comment_status":"open","ping_status":"closed","template":"","meta":{"_joinchat":[]},"product_cat":[83],"product_tag":[],"class_list":{"0":"post-10525","1":"product","2":"type-product","3":"status-publish","4":"has-post-thumbnail","6":"product_cat-accessoires-pc-laptop","8":"first","9":"instock","10":"shipping-taxable","11":"purchasable","12":"product-type-simple"},"_links":{"self":[{"href":"https:\/\/windowshopline.com\/en\/wp-json\/wp\/v2\/product\/10525","targetHints":{"allow":["GET"]}}],"collection":[{"href":"https:\/\/windowshopline.com\/en\/wp-json\/wp\/v2\/product"}],"about":[{"href":"https:\/\/windowshopline.com\/en\/wp-json\/wp\/v2\/types\/product"}],"replies":[{"embeddable":true,"href":"https:\/\/windowshopline.com\/en\/wp-json\/wp\/v2\/comments?post=10525"}],"wp:featuredmedia":[{"embeddable":true,"href":"https:\/\/windowshopline.com\/en\/wp-json\/wp\/v2\/media\/10875"}],"wp:attachment":[{"href":"https:\/\/windowshopline.com\/en\/wp-json\/wp\/v2\/media?parent=10525"}],"wp:term":[{"taxonomy":"product_cat","embeddable":true,"href":"https:\/\/windowshopline.com\/en\/wp-json\/wp\/v2\/product_cat?post=10525"},{"taxonomy":"product_tag","embeddable":true,"href":"https:\/\/windowshopline.com\/en\/wp-json\/wp\/v2\/product_tag?post=10525"}],"curies":[{"name":"wp","href":"https:\/\/api.w.org\/{rel}","templated":true}]}}