{"id":10559,"date":"2024-08-30T15:08:11","date_gmt":"2024-08-30T15:08:11","guid":{"rendered":"https:\/\/windowshopline.com\/?post_type=product&#038;p=10559"},"modified":"2024-08-30T15:08:11","modified_gmt":"2024-08-30T15:08:11","slug":"objectif-zoom-telescopique-x8-pour-telephone","status":"publish","type":"product","link":"https:\/\/windowshopline.com\/en\/shop\/objectif-zoom-telescopique-x8-pour-telephone\/","title":{"rendered":"Objectif Zoom T\u00e9lescopique X8 &#8211; Pour T\u00e9l\u00e9phone"},"content":{"rendered":"<p><b>Objectif Zoom Telescopique X8 &#8211; Pour Telephone<\/b><br \/>\nProduit de haute qualit\u00e9 et haute d\u00e9finition qui fera de votre appareil photo \/ t\u00e9l\u00e9phone \u00e0 courte vue un t\u00e9l\u00e9objectif. Il peut \u00eatre utilis\u00e9 comme jumelles s\u00e9par\u00e9ment et sert de mani\u00e8re appropri\u00e9e pour la plupart des appareils photo et des t\u00e9l\u00e9phones mobiles.\u00a0Design assorti L&#8217;objectif universel de t\u00e9lescope de t\u00e9l\u00e9phone portable optique zoom x8 achet\u00e9 avec l&#8217;agrafe pour des t\u00e9l\u00e9phones intelligents<br \/>\nType de produit:Objectif Zoom Telescopique Pour TelephoneCoque ABS, l\u00e9g\u00e8re.\u00a0Surmonter le d\u00e9faut du t\u00e9l\u00e9phone portable qui ne peut que prendre des photos myope.\u00a0Conception intelligente pour focaliser plus de distance avec le zoom optique 8-18x lors de la prise de photos ou de vid\u00e9os.\u00a0Conception de chemin de lumi\u00e8re de mode, super grand angle, haute r\u00e9solution, excellente performance de revivification de couleur.\u00a0\u00c9vite efficacement la contorsion de l&#8217;image pour obtenir une image nette et claire.\u00a0Convient \u00e0 la plupart des appareils photo et t\u00e9l\u00e9phones portable<\/p>","protected":false},"excerpt":{"rendered":"<ul>\n<li>Type de produit:Objectif Zoom Telescopique Pour Telephone<\/li>\n<li>Coque ABS, l\u00e9g\u00e8re.<\/li>\n<li>Surmonter le d\u00e9faut du t\u00e9l\u00e9phone portable qui ne peut que prendre des photos myope.<\/li>\n<li>Conception intelligente pour focaliser plus de distance avec le zoom optique 8-18x lors de la prise de photos ou de vid\u00e9os.<\/li>\n<li>Conception de chemin de lumi\u00e8re de mode, super grand angle, haute r\u00e9solution, excellente performance de revivification de couleur.<\/li>\n<li>\u00c9vite efficacement la contorsion de l&#8217;image pour obtenir une image nette et claire.<\/li>\n<li>Convient \u00e0 la plupart des appareils photo et t\u00e9l\u00e9phones portables<\/li>\n<\/ul>","protected":false},"featured_media":10563,"comment_status":"open","ping_status":"closed","template":"","meta":{"_joinchat":[]},"product_cat":[69,42],"product_tag":[],"class_list":{"0":"post-10559","1":"product","2":"type-product","3":"status-publish","4":"has-post-thumbnail","6":"product_cat-electronics","7":"product_cat-phone-accessories","9":"first","10":"instock","11":"shipping-taxable","12":"purchasable","13":"product-type-simple"},"_links":{"self":[{"href":"https:\/\/windowshopline.com\/en\/wp-json\/wp\/v2\/product\/10559","targetHints":{"allow":["GET"]}}],"collection":[{"href":"https:\/\/windowshopline.com\/en\/wp-json\/wp\/v2\/product"}],"about":[{"href":"https:\/\/windowshopline.com\/en\/wp-json\/wp\/v2\/types\/product"}],"replies":[{"embeddable":true,"href":"https:\/\/windowshopline.com\/en\/wp-json\/wp\/v2\/comments?post=10559"}],"wp:featuredmedia":[{"embeddable":true,"href":"https:\/\/windowshopline.com\/en\/wp-json\/wp\/v2\/media\/10563"}],"wp:attachment":[{"href":"https:\/\/windowshopline.com\/en\/wp-json\/wp\/v2\/media?parent=10559"}],"wp:term":[{"taxonomy":"product_cat","embeddable":true,"href":"https:\/\/windowshopline.com\/en\/wp-json\/wp\/v2\/product_cat?post=10559"},{"taxonomy":"product_tag","embeddable":true,"href":"https:\/\/windowshopline.com\/en\/wp-json\/wp\/v2\/product_tag?post=10559"}],"curies":[{"name":"wp","href":"https:\/\/api.w.org\/{rel}","templated":true}]}}