{"id":10583,"date":"2024-09-02T13:37:42","date_gmt":"2024-09-02T13:37:42","guid":{"rendered":"https:\/\/windowshopline.com\/?post_type=product&#038;p=10583"},"modified":"2025-08-10T17:28:44","modified_gmt":"2025-08-10T17:28:44","slug":"smart-watch-s8-ultra-noir","status":"publish","type":"product","link":"https:\/\/windowshopline.com\/en\/shop\/smart-watch-s8-ultra-noir\/","title":{"rendered":"Smart Watch S8 Ultra Noir"},"content":{"rendered":"<p><b>\u00c9tui et bracelet :<\/b><br \/>\nLa forme du cadran : forme carr\u00e9eTaille du bracelet : 49 mm (bracelet de montre amovible)Mat\u00e9riau du bracelet : SiliconeMat\u00e9riau du bo\u00eetier : alliage de titanePoids : environ 53 gTaille du corps : 49*43*13,8 mmTaille du bracelet : 260*20*2,5 mm<\/p>\n<p><b>Batterie:<\/b><br \/>\nCapacit\u00e9 de la batterie : 450 mAhAutonomie en veille : jusqu&#8217;\u00e0 5 joursDur\u00e9e d&#8217;utilisation : environ 2 \u00e0 5 jours (la dur\u00e9e d&#8217;utilisation d\u00e9pend de la m\u00e9thode d&#8217;utilisation)Temps de charge : environ 3 heuresType de charge : chargement sans fil<\/p>\n<p><b>Imperm\u00e9able:<\/b><br \/>\nIP67 \u00e9tanche \u00e0 vie, ne sugg\u00e8re pas de toucher l&#8217;eau.Capteur: G-sensorTaille de l&#8217;\u00e9cran: 2,02 poucesType d&#8217;affichage: \u00c9cran RetinaR\u00e9solution: 425 * 518 TFTNom de l&#8217;application : QifitLangue de l&#8217;application :Anglais, tha\u00ef, allemand, italien, fran\u00e7ais, russe, turc, arabe, espagnol, Portugal, vietnamienMod\u00e8le :S8 Ultra\u00a0Couleur : NoirPuce : RTL8763EStockage : RAM 256 MoVersion Bluetooth : BT V5.0Syst\u00e8me d&#8217;exploitation compatible : Android 5.0, iOS 10.0 ou sup\u00e9rieurMode de fonctionnement : Touche compl\u00e8te + 3 touches lat\u00e9rales + bouton rotatif<\/p>","protected":false},"excerpt":{"rendered":"<ul>\n<li>Nom : Awsome S8 Ultra Smart Watch 1,44 pouces Bluetooth Appel Bracelet intelligent Tensiom\u00e8tre Sommeil Montre de sport Montre intelligente \u00e9tanche, Montre intelligente, Montre portable, Montre intelligente, Montre \u00e0 \u00e9cran tactile, Montre portable, AMOLED S8 Ultra<\/li>\n<li>Temps de charge de la batterie : 1 heure<\/li>\n<li>Autonomie de la batterie : 20 heures<\/li>\n<li>Port\u00e9e Bluetooth : 10 m\u00e8tres<\/li>\n<li>Temps de charge : 1 heure<\/li>\n<li>couleur Noir<\/li>\n<li>Syst\u00e8mes d&#8217;exploitation compatibles : Android et iOS<\/li>\n<li>Forme du disque : carr\u00e9<\/li>\n<li>Type d&#8217;affichage : AMOLED<\/li>\n<li>Caract\u00e9ristiques : Fonction d&#8217;appel<\/li>\n<li>Id\u00e9al pour : hommes et femmes<\/li>\n<li>Num\u00e9ro du mod\u00e8le de l&#8217;article: S-8 ULTRA WATCH<\/li>\n<li>Quantit\u00e9 nette (N) : 1<\/li>\n<li>Mat\u00e9riau du bracelet : silicone<\/li>\n<li>Type : actif 2<\/li>\n<li>R\u00e9sistant \u00e0 l&#8217;eau : Oui<\/li>\n<\/ul>","protected":false},"featured_media":10584,"comment_status":"open","ping_status":"closed","template":"","meta":{"_joinchat":[]},"product_cat":[69,28,42],"product_tag":[],"class_list":{"0":"post-10583","1":"product","2":"type-product","3":"status-publish","4":"has-post-thumbnail","6":"product_cat-electronics","7":"product_cat-clocks","8":"product_cat-phone-accessories","10":"first","11":"instock","12":"shipping-taxable","13":"purchasable","14":"product-type-simple"},"_links":{"self":[{"href":"https:\/\/windowshopline.com\/en\/wp-json\/wp\/v2\/product\/10583","targetHints":{"allow":["GET"]}}],"collection":[{"href":"https:\/\/windowshopline.com\/en\/wp-json\/wp\/v2\/product"}],"about":[{"href":"https:\/\/windowshopline.com\/en\/wp-json\/wp\/v2\/types\/product"}],"replies":[{"embeddable":true,"href":"https:\/\/windowshopline.com\/en\/wp-json\/wp\/v2\/comments?post=10583"}],"wp:featuredmedia":[{"embeddable":true,"href":"https:\/\/windowshopline.com\/en\/wp-json\/wp\/v2\/media\/10584"}],"wp:attachment":[{"href":"https:\/\/windowshopline.com\/en\/wp-json\/wp\/v2\/media?parent=10583"}],"wp:term":[{"taxonomy":"product_cat","embeddable":true,"href":"https:\/\/windowshopline.com\/en\/wp-json\/wp\/v2\/product_cat?post=10583"},{"taxonomy":"product_tag","embeddable":true,"href":"https:\/\/windowshopline.com\/en\/wp-json\/wp\/v2\/product_tag?post=10583"}],"curies":[{"name":"wp","href":"https:\/\/api.w.org\/{rel}","templated":true}]}}