{"id":10588,"date":"2024-09-02T13:44:59","date_gmt":"2024-09-02T13:44:59","guid":{"rendered":"https:\/\/windowshopline.com\/?post_type=product&#038;p=10588"},"modified":"2024-09-02T13:44:59","modified_gmt":"2024-09-02T13:44:59","slug":"smart-watch-s8-ultra-orange","status":"publish","type":"product","link":"https:\/\/windowshopline.com\/en\/shop\/smart-watch-s8-ultra-orange\/","title":{"rendered":"Smart Watch S8 Ultra Orange"},"content":{"rendered":"<header class=\"-pvs -bb\">\n<h2 class=\"-fs20 -m -phm -pvxs\">D\u00e9tails<\/h2>\n<\/header>\n<div class=\"markup -mhm -pvl -oxa -sc\"><b>\u00c9tui et bracelet :<\/b><br \/>\nLa forme du cadran : forme carr\u00e9e Taille du bracelet : 49 mm (bracelet de montre amovible)Mat\u00e9riau du bracelet : Silicone Mat\u00e9riau du bo\u00eetier : alliage de titane Poids : environ 53 g Taille du corps : 49*43*13,8 mm Taille du bracelet : 260*20*2,5 mm<\/div>\n<div class=\"markup -mhm -pvl -oxa -sc\"><b>Batterie:<\/b><br \/>\nCapacit\u00e9 de la batterie : 450 mAh Autonomie en veille : jusqu&#8217;\u00e0 5 jours Dur\u00e9e d&#8217;utilisation : environ 2 \u00e0 5 jours (la dur\u00e9e d&#8217;utilisation d\u00e9pend de la m\u00e9thode d&#8217;utilisation)Temps de charge : environ 3 heures Type de charge : chargement sans fil<\/div>\n<div class=\"markup -mhm -pvl -oxa -sc\"><b>Imperm\u00e9able:<\/b><br \/>\nIP67 \u00e9tanche \u00e0 vie, ne sugg\u00e8re pas de toucher l&#8217;eau. Capteur: G-sensor Taille de l&#8217;\u00e9cran: 2,02 pouces Type d&#8217;affichage: \u00c9cran Retina R\u00e9solution: 425 * 518 TFT Nom de l&#8217;application : Qifit Langue de l&#8217;application :Anglais, tha\u00ef, allemand, italien, fran\u00e7ais, russe, turc, arabe, espagnol, Portugal, vietnamien Mod\u00e8le :S8 Ultra Couleur : Blanc Puce : RTL8763EStockage : RAM 256 Mo Version Bluetooth : BT V5.0Syst\u00e8me d&#8217;exploitation compatible : Android 5.0, iOS 10.0 ou sup\u00e9rieur Mode de fonctionnement : Touche compl\u00e8te + 3 touches lat\u00e9rales + bouton rotatif<\/div>","protected":false},"excerpt":{"rendered":"<ul>\n<li>Nom : Awsome S8 Ultra Smart Watch 1,44 pouces Bluetooth Appel Bracelet intelligent Tensiom\u00e8tre Sommeil Montre de sport Montre intelligente \u00e9tanche, Montre intelligente, Montre portable, Montre intelligente, Montre \u00e0 \u00e9cran tactile, Montre portable, AMOLED 8 SIRIES<\/li>\n<li>Temps de charge de la batterie : 1 heure<\/li>\n<li>Autonomie de la batterie : 20 heures<\/li>\n<li>Port\u00e9e Bluetooth : 10 m\u00e8tres<\/li>\n<li>Temps de charge : 1 heure<\/li>\n<li>couleur orange<\/li>\n<li>Syst\u00e8mes d&#8217;exploitation compatibles : Android et iOS<\/li>\n<li>Forme du disque : carr\u00e9<\/li>\n<li>Type d&#8217;affichage : AMOLED<\/li>\n<li>Caract\u00e9ristiques : Fonction d&#8217;appel<\/li>\n<li>Id\u00e9al pour : hommes et femmes<\/li>\n<li>Num\u00e9ro du mod\u00e8le de l&#8217;article: S-8 ULTRA WATCH<\/li>\n<li>Quantit\u00e9 nette (N) : 1<\/li>\n<li>Mat\u00e9riau du bracelet : silicone<\/li>\n<li>Type : actif 2<\/li>\n<li>R\u00e9sistant \u00e0 l&#8217;eau : Oui<\/li>\n<\/ul>","protected":false},"featured_media":10590,"comment_status":"open","ping_status":"closed","template":"","meta":{"_joinchat":[]},"product_cat":[69,28,42],"product_tag":[],"class_list":{"0":"post-10588","1":"product","2":"type-product","3":"status-publish","4":"has-post-thumbnail","6":"product_cat-electronics","7":"product_cat-clocks","8":"product_cat-phone-accessories","10":"first","11":"instock","12":"shipping-taxable","13":"purchasable","14":"product-type-simple"},"_links":{"self":[{"href":"https:\/\/windowshopline.com\/en\/wp-json\/wp\/v2\/product\/10588","targetHints":{"allow":["GET"]}}],"collection":[{"href":"https:\/\/windowshopline.com\/en\/wp-json\/wp\/v2\/product"}],"about":[{"href":"https:\/\/windowshopline.com\/en\/wp-json\/wp\/v2\/types\/product"}],"replies":[{"embeddable":true,"href":"https:\/\/windowshopline.com\/en\/wp-json\/wp\/v2\/comments?post=10588"}],"wp:featuredmedia":[{"embeddable":true,"href":"https:\/\/windowshopline.com\/en\/wp-json\/wp\/v2\/media\/10590"}],"wp:attachment":[{"href":"https:\/\/windowshopline.com\/en\/wp-json\/wp\/v2\/media?parent=10588"}],"wp:term":[{"taxonomy":"product_cat","embeddable":true,"href":"https:\/\/windowshopline.com\/en\/wp-json\/wp\/v2\/product_cat?post=10588"},{"taxonomy":"product_tag","embeddable":true,"href":"https:\/\/windowshopline.com\/en\/wp-json\/wp\/v2\/product_tag?post=10588"}],"curies":[{"name":"wp","href":"https:\/\/api.w.org\/{rel}","templated":true}]}}