{"id":10605,"date":"2024-09-02T14:30:46","date_gmt":"2024-09-02T14:30:46","guid":{"rendered":"https:\/\/windowshopline.com\/?post_type=product&#038;p=10605"},"modified":"2024-09-02T14:30:46","modified_gmt":"2024-09-02T14:30:46","slug":"smart2030-smart-watch-for-kids-c02-vert","status":"publish","type":"product","link":"https:\/\/windowshopline.com\/en\/shop\/smart2030-smart-watch-for-kids-c02-vert\/","title":{"rendered":"Smart2030 Smart Watch For Kids C02 Vert"},"content":{"rendered":"<p><b>Vous cherchez un moyen de garder votre enfant en s\u00e9curit\u00e9 et de le garder en s\u00e9curit\u00e9?<\/b>\u00a0La montre intelligente pour enfants n&#8217;est pas qu&#8217;une montre-bracelet ordinaire, mais plut\u00f4t le meilleur moyen de surveiller les mouvements de votre enfant et de rester en contact avec lui tout le temps gr\u00e2ce \u00e0 ses nombreuses fonctionnalit\u00e9s, telles que les messages vocaux et la fonction de conna\u00eetre l&#8217;emplacement approximatif de votre enfant pendant qu&#8217;il est \u00e0 l&#8217;ext\u00e9rieur, et il contient \u00e9galement un appareil photo pour savoir o\u00f9 se trouve votre enfant et prendre de jolies photos avec ses amis.<\/p>\n<ul>\n<li>T\u00e9l\u00e9phone de montre intelligente pour enfants \u00e0 num\u00e9rotation rapide int\u00e9gr\u00e9e, 7 types de jeux de puzzle amusants, appareil photo, calculatrices, r\u00e9veil, lecteur de musique mp3, etc. La montre intelligente pour enfants est un bon partenaire pour accompagner la croissance saine de votre enfant Peut vous aider \u00e0 vous connecter avec votre enfant \u00e0 tout moment , n&#8217;importe o\u00f9 et am\u00e9liore la communication entre parents et enfants<\/li>\n<li>La montre de t\u00e9l\u00e9phone pour enfants avec fonction cam\u00e9ra \u00e0 distance peut vous aider \u00e0 enregistrer le sourire le plus innocent de vos enfants toute l&#8217;ann\u00e9e afin que vous ne manquiez pas le moment critique de votre enfant. C&#8217;est le meilleur moment pour accompagner votre enfant \u00e0 explorer ce beau monde, un bon compagnon Smartwatch peut ajouter dix num\u00e9ros de t\u00e9l\u00e9phone, appeler \u00e0 tout moment, n&#8217;importe o\u00f9, cultiver la conscience de l&#8217;affection familiale de l&#8217;enfant depuis l&#8217;enfance<\/li>\n<li>Vous pouvez d\u00e9finir trois chiffres, il y a un bouton SOS sur le c\u00f4t\u00e9 droit de la montre Lorsqu&#8217;ils sont en difficult\u00e9, appuyez longuement sur le bouton SOS pour appeler rapidement la famille, et le bouton SOS peut faire d\u00e9filer les trois chiffres, pour assurer votre les enfants entrent en contact avec leurs familles d\u00e8s que possible En cas d&#8217;urgence, le dispositif \u00e0 bouton SOS peut assurer la s\u00e9curit\u00e9 de l&#8217;enfant Pour les enfants, c&#8217;est un substitut parfait pour les smartphones<\/li>\n<\/ul>","protected":false},"excerpt":{"rendered":"<ul>\n<li>Prend en charge l&#8217;ajout d&#8217;une carte SIM Micro Sim.<\/li>\n<li>Il est compatible avec l&#8217;application SeTracker2 install\u00e9e sur les t\u00e9l\u00e9phones des parents pour apporter de nombreuses fonctionnalit\u00e9s.<\/li>\n<li>\u00c9quip\u00e9 d&#8217;un appareil photo pour prendre de belles photos et savoir o\u00f9 se trouve votre enfant depuis votre t\u00e9l\u00e9phone.<\/li>\n<li>La possibilit\u00e9 de d\u00e9terminer l&#8217;emplacement approximatif de votre enfant sur l&#8217;application sp\u00e9ciale du t\u00e9l\u00e9phone.<\/li>\n<li>La possibilit\u00e9 de passer des appels des deux c\u00f4t\u00e9s et d&#8217;ajouter des num\u00e9ros favoris \u00e0 partir du t\u00e9l\u00e9phone.<\/li>\n<li>Bouton d&#8217;appel d&#8217;urgence pour une communication facile avec votre enfant en appuyant simplement sur le bouton SOS.<\/li>\n<li>\u00c9cran tactile color\u00e9 avec un design adapt\u00e9 aux enfants.<\/li>\n<li>Equip\u00e9 d&#8217;une ampoule.<\/li>\n<li>La couleur verte<\/li>\n<\/ul>","protected":false},"featured_media":10606,"comment_status":"open","ping_status":"closed","template":"","meta":{"_joinchat":[]},"product_cat":[69,28,42],"product_tag":[],"class_list":{"0":"post-10605","1":"product","2":"type-product","3":"status-publish","4":"has-post-thumbnail","6":"product_cat-electronics","7":"product_cat-clocks","8":"product_cat-phone-accessories","10":"first","11":"instock","12":"shipping-taxable","13":"purchasable","14":"product-type-simple"},"_links":{"self":[{"href":"https:\/\/windowshopline.com\/en\/wp-json\/wp\/v2\/product\/10605","targetHints":{"allow":["GET"]}}],"collection":[{"href":"https:\/\/windowshopline.com\/en\/wp-json\/wp\/v2\/product"}],"about":[{"href":"https:\/\/windowshopline.com\/en\/wp-json\/wp\/v2\/types\/product"}],"replies":[{"embeddable":true,"href":"https:\/\/windowshopline.com\/en\/wp-json\/wp\/v2\/comments?post=10605"}],"wp:featuredmedia":[{"embeddable":true,"href":"https:\/\/windowshopline.com\/en\/wp-json\/wp\/v2\/media\/10606"}],"wp:attachment":[{"href":"https:\/\/windowshopline.com\/en\/wp-json\/wp\/v2\/media?parent=10605"}],"wp:term":[{"taxonomy":"product_cat","embeddable":true,"href":"https:\/\/windowshopline.com\/en\/wp-json\/wp\/v2\/product_cat?post=10605"},{"taxonomy":"product_tag","embeddable":true,"href":"https:\/\/windowshopline.com\/en\/wp-json\/wp\/v2\/product_tag?post=10605"}],"curies":[{"name":"wp","href":"https:\/\/api.w.org\/{rel}","templated":true}]}}