{"id":10619,"date":"2024-09-02T14:39:01","date_gmt":"2024-09-02T14:39:01","guid":{"rendered":"https:\/\/windowshopline.com\/?post_type=product&#038;p=10619"},"modified":"2024-09-02T14:39:01","modified_gmt":"2024-09-02T14:39:01","slug":"support-laptop-tablette-reglable-pliable-noir","status":"publish","type":"product","link":"https:\/\/windowshopline.com\/en\/shop\/support-laptop-tablette-reglable-pliable-noir\/","title":{"rendered":"Support Laptop Tablette R\u00e9glable Pliable Noir"},"content":{"rendered":"<p>\u00c9largir et \u00e9paissir la construction en alliage d&#8217;aluminium, durable, charge statique de 30 kg, la surface de contact est en gel de silice, antid\u00e9rapant, qui peut prot\u00e9ger l&#8217;ordinateur et r\u00e9duire les secousses du bureau. R\u00e9glage de la hauteur multi-engrenages, la hauteur peut \u00eatre augment\u00e9e et abaiss\u00e9e, ajustez-vous \u00e0 un angle confortable en fonction de vos propres besoins, soulagez la pression cervicale, r\u00e9duisant la fatigue oculaire et cervicale Conception triangulaire, structure plus stable, plus porteuse, plus stable Aucune structure ne bloque, am\u00e9liore la circulation de l&#8217;air, acc\u00e9l\u00e8re le refroidissement, plus propice \u00e0 la ventilation et au refroidissement de l&#8217;ordinateur Compact et portable: super fin et l\u00e9ger; se plie facilement \u00e0 plat pour voyager<br \/>\nLe support utilise un coussinet antid\u00e9rapant en silicone pour am\u00e9liorer la friction et emp\u00eacher le glissement, la frappe a haute fr\u00e9quence ne tremble pas, est stable et ne tombe pas. La conception de dissipation thermique creuse augmente la circulation de l\u2019air, acc\u00e9l\u00e8re la dissipation thermique de l\u2019\u00e9quipement et rend le divertissement et le travail de bureau gratuits. Proth\u00e8ses, am\u00e9liore la posture assise, soul\u00e8ve l\u2019\u00e9quipement pour ajuster l\u2019angle de vue, rend la colonne cervicale dans un \u00e9tat d\u00e9tendu, r\u00e9duit la tension lombaire et la rend plus confortable pendant les heures de bureau. R\u00e9glage de l\u2019angle a dix niveaux, adapte aux utilisateurs de diff\u00e9rentes hauteurs, 80 MM aussi bas que la hauteur de support, 195 MM aussi haut que la hauteur de support. Une fois le support ouvert, le cahier de taille agrandie peut \u00eatre place et le clavier est toujours stable lorsque vous entrez dans le bureau. Conception de pliage ing\u00e9nieuse, le support peut \u00eatre plie dans un petit volume et ne prend pas de place dans le sac a dos.<\/p>","protected":false},"excerpt":{"rendered":"<ul>\n<li>Support laptop R\u00e9glable Pliable<\/li>\n<li>Avec design moderne, petit, robuste, pratique, a multiusage.<\/li>\n<li>Couleur \/ NOIR<\/li>\n<li>Taille de stockage: 25,5 * 4 * 0,85 cm<\/li>\n<li>Poids: 200g<\/li>\n<li>Niveau r\u00e9glable: 8<\/li>\n<li>Gamme de hauteur: 6-18 cm<\/li>\n<li class=\"-pvxs\"><span class=\"-b\">Gamme de produits<\/span>: support laptop , support Tablette<\/li>\n<li class=\"-pvxs\"><span class=\"-b\">Mod\u00e8le<\/span>: p4<\/li>\n<li class=\"-pvxs\"><span class=\"-b\">Pays de production<\/span>: China<\/li>\n<li class=\"-pvxs\"><span class=\"-b\">Poids (kg)<\/span>: 0.2<\/li>\n<li class=\"-pvxs\"><span class=\"-b\">Couleur<\/span>: noir<\/li>\n<li class=\"-pvxs\"><span class=\"-b\">Mat\u00e9riau principal<\/span>: plastique<\/li>\n<li><\/li>\n<\/ul>","protected":false},"featured_media":10620,"comment_status":"open","ping_status":"closed","template":"","meta":{"_joinchat":[]},"product_cat":[83,79],"product_tag":[],"class_list":{"0":"post-10619","1":"product","2":"type-product","3":"status-publish","4":"has-post-thumbnail","6":"product_cat-accessoires-pc-laptop","7":"product_cat-supports-de-bureau","9":"first","10":"instock","11":"shipping-taxable","12":"purchasable","13":"product-type-simple"},"_links":{"self":[{"href":"https:\/\/windowshopline.com\/en\/wp-json\/wp\/v2\/product\/10619","targetHints":{"allow":["GET"]}}],"collection":[{"href":"https:\/\/windowshopline.com\/en\/wp-json\/wp\/v2\/product"}],"about":[{"href":"https:\/\/windowshopline.com\/en\/wp-json\/wp\/v2\/types\/product"}],"replies":[{"embeddable":true,"href":"https:\/\/windowshopline.com\/en\/wp-json\/wp\/v2\/comments?post=10619"}],"wp:featuredmedia":[{"embeddable":true,"href":"https:\/\/windowshopline.com\/en\/wp-json\/wp\/v2\/media\/10620"}],"wp:attachment":[{"href":"https:\/\/windowshopline.com\/en\/wp-json\/wp\/v2\/media?parent=10619"}],"wp:term":[{"taxonomy":"product_cat","embeddable":true,"href":"https:\/\/windowshopline.com\/en\/wp-json\/wp\/v2\/product_cat?post=10619"},{"taxonomy":"product_tag","embeddable":true,"href":"https:\/\/windowshopline.com\/en\/wp-json\/wp\/v2\/product_tag?post=10619"}],"curies":[{"name":"wp","href":"https:\/\/api.w.org\/{rel}","templated":true}]}}