{"id":10630,"date":"2024-09-02T14:51:33","date_gmt":"2024-09-02T14:51:33","guid":{"rendered":"https:\/\/windowshopline.com\/?post_type=product&#038;p=10630"},"modified":"2024-09-02T14:51:33","modified_gmt":"2024-09-02T14:51:33","slug":"support-de-voiture-multifonctionnel-zj099","status":"publish","type":"product","link":"https:\/\/windowshopline.com\/en\/shop\/support-de-voiture-multifonctionnel-zj099\/","title":{"rendered":"Support de voiture multifonctionnel ZJ099"},"content":{"rendered":"<h5 class=\"system-title classyunicodedone\">ZJ099 SUPPORT DE T\u00c9L\u00c9PHONE POUR R\u00c9TROVISEUR DE VOITURE SUPPORT DE T\u00c9L\u00c9PHONE PORTABLE ROTATIF \u00c0 LONGUEUR R\u00c9GLABLE<\/h5>\n<ul>\n<li>Install\u00e9 sur le r\u00e9troviseur, vous n&#8217;avez pas besoin de baisser la t\u00eate pour regarder la navigation, et voyager en toute s\u00e9curit\u00e9<\/li>\n<li>Il peut \u00eatre au niveau du r\u00e9troviseur et ne bloque pas la ligne de vue<\/li>\n<li>Choisissez et placez votre t\u00e9l\u00e9phone d&#8217;une seule main, stable et ferme, ne tremblera pas et ne tombera pas<\/li>\n<li>Conception rotative \u00e0 360 degr\u00e9s, diff\u00e9rents angles peuvent \u00eatre ajust\u00e9s arbitrairement<\/li>\n<li>Conception de longueur extensible, adapt\u00e9e \u00e0 diverses occasions.<\/li>\n<\/ul>\n<p>Le support de t\u00e9l\u00e9phone portable pour r\u00e9troviseur de voiture multifonctionnel \u00e0 360 \u00b0 peut ajuster l&#8217;angle \u00e0 volont\u00e9 et affleure le r\u00e9troviseur sans bloquer la ligne de vue. Vous pouvez l&#8217;utiliser pour naviguer, regarder des vid\u00e9os, passer des appels vid\u00e9o, diffuser en direct, enregistrer des vid\u00e9os, enregistrer des dossiers de conduite, etc. Fonctions puissantes Cela ne bloquera pas votre vue Fonctionnement s\u00fbr \u00e0 une main Fermement verrouill\u00e9 et stable Conception d&#8217;ajustement de rotation \u00e0 360 degr\u00e9s C&#8217;est facile \u00e0 installer et \u00e0 supprimer Pas besoin de baisser les yeux sur la navigation et obtenez une exp\u00e9rience utilisateur plus confortable et plus s\u00fbre. support de t\u00e9l\u00e9phone de voiture r\u00e9tractable rotatif Support de t\u00e9l\u00e9phone multifonctionnel pour r\u00e9troviseur \u00e0 360 \u00b0 Visuel appropri\u00e9 vers l&#8217;avant, super stable, super pratique, adapt\u00e9 \u00e0 tous les types de r\u00e9troviseurs de voiture, rotation \u00e0 360 degr\u00e9s, longueur de tige r\u00e9glable, peut \u00eatre long ou court, facile \u00e0 choisir et \u00e0 placer, \u00e0 prendre et Mettez , Ne baissez pas la t\u00eate, ne louchez pas, ne secouez pas, ne secouez pas, diffusez en direct, enregistrez les beaux moments du voyage.<\/p>","protected":false},"excerpt":{"rendered":"<ul>\n<li>Longueur r\u00e9tractable : environ 25-30 cm\/9,8-11,8 pouces<\/li>\n<li>Taille du paquet: environ 145*95*85mm\/5,7*3,7*3,3 pouces<\/li>\n<li>Mod\u00e8le de t\u00e9l\u00e9phone : n&#8217;importe quel t\u00e9l\u00e9phone<\/li>\n<li>Position d&#8217;installation: r\u00e9troviseur de voiture<\/li>\n<li>Longueur r\u00e9tractable : environ 25-30 cm\/9,8-11,8 pouces<\/li>\n<li>Taille du paquet: environ 145*95*85mm\/5,7*3,7*3,3 pouces<\/li>\n<li>Mod\u00e8le de t\u00e9l\u00e9phone : n&#8217;importe quel t\u00e9l\u00e9phone<\/li>\n<li>Position d&#8217;installation: r\u00e9troviseur de voiture<\/li>\n<li class=\"-pvxs\">Couleur\u00a0: Noir Classique<\/li>\n<\/ul>","protected":false},"featured_media":10632,"comment_status":"open","ping_status":"closed","template":"","meta":{"_joinchat":[]},"product_cat":[69,73,79,42],"product_tag":[],"class_list":{"0":"post-10630","1":"product","2":"type-product","3":"status-publish","4":"has-post-thumbnail","6":"product_cat-electronics","7":"product_cat-cars-accessories","8":"product_cat-supports-de-bureau","9":"product_cat-phone-accessories","11":"first","12":"instock","13":"shipping-taxable","14":"purchasable","15":"product-type-simple"},"_links":{"self":[{"href":"https:\/\/windowshopline.com\/en\/wp-json\/wp\/v2\/product\/10630","targetHints":{"allow":["GET"]}}],"collection":[{"href":"https:\/\/windowshopline.com\/en\/wp-json\/wp\/v2\/product"}],"about":[{"href":"https:\/\/windowshopline.com\/en\/wp-json\/wp\/v2\/types\/product"}],"replies":[{"embeddable":true,"href":"https:\/\/windowshopline.com\/en\/wp-json\/wp\/v2\/comments?post=10630"}],"wp:featuredmedia":[{"embeddable":true,"href":"https:\/\/windowshopline.com\/en\/wp-json\/wp\/v2\/media\/10632"}],"wp:attachment":[{"href":"https:\/\/windowshopline.com\/en\/wp-json\/wp\/v2\/media?parent=10630"}],"wp:term":[{"taxonomy":"product_cat","embeddable":true,"href":"https:\/\/windowshopline.com\/en\/wp-json\/wp\/v2\/product_cat?post=10630"},{"taxonomy":"product_tag","embeddable":true,"href":"https:\/\/windowshopline.com\/en\/wp-json\/wp\/v2\/product_tag?post=10630"}],"curies":[{"name":"wp","href":"https:\/\/api.w.org\/{rel}","templated":true}]}}