{"id":10660,"date":"2024-09-02T15:18:11","date_gmt":"2024-09-02T15:18:11","guid":{"rendered":"https:\/\/windowshopline.com\/?post_type=product&#038;p=10660"},"modified":"2024-09-05T17:04:34","modified_gmt":"2024-09-05T17:04:34","slug":"microphone-sans-fil-k8-type-c-et-iphone","status":"publish","type":"product","link":"https:\/\/windowshopline.com\/en\/shop\/microphone-sans-fil-k8-type-c-et-iphone\/","title":{"rendered":"Microphone sans fil K8 Type C et iPhone"},"content":{"rendered":"<p>Activez OTG dans les t\u00e9l\u00e9phones, ce micro \u00e0 clipser est facile \u00e0 utiliser, appairage automatique, se connecte automatiquement lorsqu&#8217;il est branch\u00e9 sur le r\u00e9cepteur, pas d&#8217;adaptateur, application suppl\u00e9mentaire, Bluetooth n\u00e9cessaire. Le voyant rouge \u00e0 la r\u00e9ception clignote ; appuyez sur la touche de commutation du micro, le voyant devient vert, puis l&#8217;alimentation est allum\u00e9e ; Le voyant rouge du r\u00e9cepteur et le voyant vert du microphone restent toujours allum\u00e9s, vous pouvez alors utiliser le microphone pour recevoir le son en ouvrant l&#8217;appareil photo du t\u00e9l\u00e9phone, l&#8217;application en direct ou d&#8217;autres applications. \u3010Transmission longue distance et longues heures de travail\u3011 Microphone sans fil haute performance, stabilit\u00e9 du signal. Le microphone lava lier est construit avec des piles rechargeables de 75 MAH jusqu&#8217;\u00e0 10 heures de temps de fonctionnement. Distance de travail de 20 m\/65 pieds sans obstacle. \u3010R\u00e9duction intelligente du bruit dans la puce de d\u00e9codage\u3011 Le microphone pour iPhone est une puce de r\u00e9duction du bruit int\u00e9gr\u00e9e, une forte capacit\u00e9 anti-interf\u00e9rence, reconna\u00eet efficacement le son et le microphone \u00e0 revers peut toujours enregistrer clairement dans un environnement bruyant. \u3010R\u00e9ception du son omnidirectionnelle \u00e0 360\u00b0\u3011 Synchronisation de la voix en cristal en temps r\u00e9el sans d\u00e9lai, \u00e9ponge haute densit\u00e9 anti-pulv\u00e9risation, microphone haute sensibilit\u00e9, r\u00e9ception du son omnidirectionnelle \u00e0 360\u00b0, travail rapide, radio bien ind\u00e9pendamment de l&#8217;environnement environnant, enregistrement de tous les d\u00e9tails. Le microphone Bluetooth convient \u00e0 la diffusion vid\u00e9o, \u00e0 l&#8217;enregistrement, \u00e0 YouTube, \u00e0 la diffusion en direct sur Facebook, au podcast, au Vlog, au Tik tok, au Twitch, etc. \u3010Compatible avec les appareils iOS et Android\u3011 Le microphone cravate sans fil am\u00e9lior\u00e9 est \u00e9quip\u00e9 d&#8217;un connecteur de type C et d&#8217;un connecteur Lightning. Les microphones sans fil sont compatibles avec les smartphones iPhone\/iPad et Android, les tablettes avec port USB C (prend en charge la fonction OTG) pour r\u00e9pondre \u00e0 vos besoins. diff\u00e9rentes exigences dans le besoin.<\/p>","protected":false},"excerpt":{"rendered":"<table class=\"a-keyvalue prodDetTable\">\n<tbody>\n<tr>\n<th class=\"a-color-secondary a-size-base prodDetSectionEntry\">Model<\/th>\n<td class=\"a-size-base prodDetAttrValue\">\u200eWireless Collar Mic for Type-C &amp; iOS<\/td>\n<\/tr>\n<tr>\n<th class=\"a-color-secondary a-size-base prodDetSectionEntry\">Model Name<\/th>\n<td class=\"a-size-base prodDetAttrValue\">\u200eWireless Collar Mic<\/td>\n<\/tr>\n<tr>\n<th class=\"a-color-secondary a-size-base prodDetSectionEntry\">Product Dimensions<\/th>\n<td class=\"a-size-base prodDetAttrValue\">\u200e5 x 5 x 2 cm; 70 Grams<\/td>\n<\/tr>\n<tr>\n<th class=\"a-color-secondary a-size-base prodDetSectionEntry\">Item model number<\/th>\n<td class=\"a-size-base prodDetAttrValue\">\u200eWireless Collar Mic for Type-C &amp; iOS<\/td>\n<\/tr>\n<tr>\n<th class=\"a-color-secondary a-size-base prodDetSectionEntry\">Hardware Platform<\/th>\n<td class=\"a-size-base prodDetAttrValue\">\u200eSmartphone<\/td>\n<\/tr>\n<tr>\n<th class=\"a-color-secondary a-size-base prodDetSectionEntry\">Compatible Devices<\/th>\n<td class=\"a-size-base prodDetAttrValue\">\u200eLaptop, Camera, Smartphone<\/td>\n<\/tr>\n<tr>\n<th class=\"a-color-secondary a-size-base prodDetSectionEntry\">Mounting Hardware<\/th>\n<td class=\"a-size-base prodDetAttrValue\">\u200e1 x Charger cable, 1 x Wireless Mic Audio Transmitter, 1 x Type C Wireless Mic Audio Receiver, 1 x Mic Foam, 1 x Manual, 1 x Lightining Connector<\/td>\n<\/tr>\n<tr>\n<th class=\"a-color-secondary a-size-base prodDetSectionEntry\">Number Of Items<\/th>\n<td class=\"a-size-base prodDetAttrValue\">\u200e7<\/td>\n<\/tr>\n<tr>\n<th class=\"a-color-secondary a-size-base prodDetSectionEntry\">Remote Control Description<\/th>\n<td class=\"a-size-base prodDetAttrValue\">\u200eUniversal<\/td>\n<\/tr>\n<tr>\n<th class=\"a-color-secondary a-size-base prodDetSectionEntry\">Microphone format<\/th>\n<td class=\"a-size-base prodDetAttrValue\">\u200eLavalier<\/td>\n<\/tr>\n<tr>\n<th class=\"a-color-secondary a-size-base prodDetSectionEntry\">Power Source<\/th>\n<td class=\"a-size-base prodDetAttrValue\">\u200eCorded Electric, Battery Powered<\/td>\n<\/tr>\n<tr>\n<th class=\"a-color-secondary a-size-base prodDetSectionEntry\">Batteries Required<\/th>\n<td class=\"a-size-base prodDetAttrValue\">\u200eNo<\/td>\n<\/tr>\n<tr>\n<th class=\"a-color-secondary a-size-base prodDetSectionEntry\">Connector Type<\/th>\n<td class=\"a-size-base prodDetAttrValue\">\u200eBluetooth, USB<\/td>\n<\/tr>\n<tr>\n<th class=\"a-color-secondary a-size-base prodDetSectionEntry\">Material<\/th>\n<td class=\"a-size-base prodDetAttrValue\">\u200eSponge<\/td>\n<\/tr>\n<tr>\n<th class=\"a-color-secondary a-size-base prodDetSectionEntry\">Includes Remote<\/th>\n<td class=\"a-size-base prodDetAttrValue\">\u200eYes<\/td>\n<\/tr>\n<tr>\n<th class=\"a-color-secondary a-size-base prodDetSectionEntry\"><\/th>\n<td class=\"a-size-base prodDetAttrValue\"><\/td>\n<\/tr>\n<tr>\n<th class=\"a-color-secondary a-size-base prodDetSectionEntry\">Item Weight<\/th>\n<td class=\"a-size-base prodDetAttrValue\">\u200e70 g<\/td>\n<\/tr>\n<\/tbody>\n<\/table>","protected":false},"featured_media":10886,"comment_status":"open","ping_status":"closed","template":"","meta":{"_joinchat":[]},"product_cat":[69,42],"product_tag":[],"class_list":{"0":"post-10660","1":"product","2":"type-product","3":"status-publish","4":"has-post-thumbnail","6":"product_cat-electronics","7":"product_cat-phone-accessories","9":"first","10":"instock","11":"sale","12":"shipping-taxable","13":"purchasable","14":"product-type-simple"},"_links":{"self":[{"href":"https:\/\/windowshopline.com\/en\/wp-json\/wp\/v2\/product\/10660","targetHints":{"allow":["GET"]}}],"collection":[{"href":"https:\/\/windowshopline.com\/en\/wp-json\/wp\/v2\/product"}],"about":[{"href":"https:\/\/windowshopline.com\/en\/wp-json\/wp\/v2\/types\/product"}],"replies":[{"embeddable":true,"href":"https:\/\/windowshopline.com\/en\/wp-json\/wp\/v2\/comments?post=10660"}],"wp:featuredmedia":[{"embeddable":true,"href":"https:\/\/windowshopline.com\/en\/wp-json\/wp\/v2\/media\/10886"}],"wp:attachment":[{"href":"https:\/\/windowshopline.com\/en\/wp-json\/wp\/v2\/media?parent=10660"}],"wp:term":[{"taxonomy":"product_cat","embeddable":true,"href":"https:\/\/windowshopline.com\/en\/wp-json\/wp\/v2\/product_cat?post=10660"},{"taxonomy":"product_tag","embeddable":true,"href":"https:\/\/windowshopline.com\/en\/wp-json\/wp\/v2\/product_tag?post=10660"}],"curies":[{"name":"wp","href":"https:\/\/api.w.org\/{rel}","templated":true}]}}