{"id":10677,"date":"2024-09-02T15:32:55","date_gmt":"2024-09-02T15:32:55","guid":{"rendered":"https:\/\/windowshopline.com\/?post_type=product&#038;p=10677"},"modified":"2024-09-02T15:32:55","modified_gmt":"2024-09-02T15:32:55","slug":"support-de-telephone-portable-pour-velo","status":"publish","type":"product","link":"https:\/\/windowshopline.com\/en\/shop\/support-de-telephone-portable-pour-velo\/","title":{"rendered":"support de t\u00e9l\u00e9phone portable pour v\u00e9lo"},"content":{"rendered":"<p><b>Les points produits son<\/b>t :<br \/>\n1. Support \u00e0\u00a0<b>360 degr\u00e9s<\/b>\u00a0avec vis en alliage d&#8217;aluminium antid\u00e9rapante, PE sti de grand niveau et de bas niveau, avec couvercle en verre, tr\u00e8s proche, aucune d\u00e9formation; pas de ligne; Protection contre la corrosion et le colmatage.<br \/>\n2. Il est possible d&#8217;ouvrir un t\u00e9l\u00e9phone mobile et de le remplacer par un t\u00e9l\u00e9phone mobile. Cela peut donc \u00eatre utile et facile \u00e0 utiliser.<br \/>\n3. La technologie et l&#8217;entretien des surfaces m\u00e9talliques aident \u00e0 pr\u00e9venir la corrosion et \u00e0 garder les m\u00e9taux propres et nets.<br \/>\n4. Le t\u00e9l\u00e9phone mobile peut \u00eatre diffus\u00e9 verticalement ou horizontalement lorsque votre t\u00e9l\u00e9phone est \u00e9quip\u00e9. jauge mosti. Apr\u00e8s avoir r\u00e9solu le probl\u00e8me du t\u00e9l\u00e9phone portable, vous devez utiliser la fonction de configuration du t\u00e9l\u00e9phone.5. La construction de votre entreprise, la l\u00e9gislation et la r\u00e9glementation en vigueur, la mise en place rapide et pr\u00e9alable des installations pour votre t\u00e9l\u00e9phone mobile t\u00e9l\u00e9phone, adapt\u00e9 \u00e0 toutes les vid\u00e9os de t\u00e9l\u00e9phones mobiles : v\u00e9los, v\u00e9los doubles, motos, v\u00e9hicules \u00e9lectriques. Les t\u00e9l\u00e9phones mobiles doivent avoir une largeur maximale de <b>50 \u00e0 95 mm.<\/b><\/p>\n<p><strong>Caract\u00e9ristiques :<\/strong><\/p>\n<ul>\n<li>Caract\u00e9ristiques du produit : 360 degr\u00e9s, tous pivotants, pour des r\u00e9glages plus rapides.<\/li>\n<li>Style : vue lat\u00e9rale\/\u00e9cran (facultatif)<\/li>\n<li>couleur noire<\/li>\n<li>Mat\u00e9riau : plaque d&#8217;aluminium<\/li>\n<li>Taille : environ 200 grammes<\/li>\n<li>Taille du t\u00e9l\u00e9phone portable sovi\u00e9tique : 50 ~ 95 mm.<\/li>\n<li>Graphique : informations g\u00e9n\u00e9rales<\/li>\n<li><b>Liste des produits :<\/b>\u00a0t\u00e9l\u00e9phone portable moto*1<\/li>\n<\/ul>","protected":false},"excerpt":{"rendered":"<ul>\n<li>Rotation libre \u00e0 360 degr\u00e9s.<\/li>\n<li>Protection sup\u00e9rieure.<\/li>\n<li>Pratique et utile.<\/li>\n<li>S\u00e9curit\u00e9.<\/li>\n<li>Stable et stable.<\/li>\n<li>PARAM\u00c8TRES R\u00c9GLABLES La largeur maximale du support de t\u00e9l\u00e9phone pour v\u00e9lo est de 88 mm, compatible avec la plupart des t\u00e9l\u00e9phones mobiles intelligents d&#8217;un \u00e9cran de 4 pouces \u00e0 7 pouces.<\/li>\n<li>Rotation \u00e0 360 degr\u00e9s, offrant le meilleur angle de vision sur les guidons de v\u00e9lo et de moto.<\/li>\n<li>Alliage d&#8217;aluminium de haute qualit\u00e9, accrocheur et plus durable que le support de t\u00e9l\u00e9phone de v\u00e9lo en plastique pour le cyclisme en plein air.<\/li>\n<li>Pinces rainur\u00e9es avanc\u00e9es avec caoutchouc antid\u00e9rapant et cl\u00e9 hexagonale incluses pour serrer fermement l&#8217;\u00e9crou afin de maintenir votre t\u00e9l\u00e9phone en place, contre les rayures, les chocs et les vibrations.<\/li>\n<li class=\"-pvxs\"><span class=\"-b\">Mod\u00e8le<\/span>: 03-H1 03-H2<\/li>\n<li class=\"-pvxs\"><span class=\"-b\">Poids (kg)<\/span>: 0.1<\/li>\n<li class=\"-pvxs\"><span class=\"-b\">Couleur<\/span>: Noir<\/li>\n<li class=\"-pvxs\"><span class=\"-b\">Mat\u00e9riau principal<\/span>: aluminium<\/li>\n<li><\/li>\n<\/ul>","protected":false},"featured_media":10678,"comment_status":"open","ping_status":"closed","template":"","meta":{"_joinchat":[]},"product_cat":[69,86,42],"product_tag":[],"class_list":{"0":"post-10677","1":"product","2":"type-product","3":"status-publish","4":"has-post-thumbnail","6":"product_cat-electronics","7":"product_cat-86","8":"product_cat-phone-accessories","10":"first","11":"instock","12":"shipping-taxable","13":"purchasable","14":"product-type-simple"},"_links":{"self":[{"href":"https:\/\/windowshopline.com\/en\/wp-json\/wp\/v2\/product\/10677","targetHints":{"allow":["GET"]}}],"collection":[{"href":"https:\/\/windowshopline.com\/en\/wp-json\/wp\/v2\/product"}],"about":[{"href":"https:\/\/windowshopline.com\/en\/wp-json\/wp\/v2\/types\/product"}],"replies":[{"embeddable":true,"href":"https:\/\/windowshopline.com\/en\/wp-json\/wp\/v2\/comments?post=10677"}],"wp:featuredmedia":[{"embeddable":true,"href":"https:\/\/windowshopline.com\/en\/wp-json\/wp\/v2\/media\/10678"}],"wp:attachment":[{"href":"https:\/\/windowshopline.com\/en\/wp-json\/wp\/v2\/media?parent=10677"}],"wp:term":[{"taxonomy":"product_cat","embeddable":true,"href":"https:\/\/windowshopline.com\/en\/wp-json\/wp\/v2\/product_cat?post=10677"},{"taxonomy":"product_tag","embeddable":true,"href":"https:\/\/windowshopline.com\/en\/wp-json\/wp\/v2\/product_tag?post=10677"}],"curies":[{"name":"wp","href":"https:\/\/api.w.org\/{rel}","templated":true}]}}