{"id":10686,"date":"2024-09-02T15:38:50","date_gmt":"2024-09-02T15:38:50","guid":{"rendered":"https:\/\/windowshopline.com\/?post_type=product&#038;p=10686"},"modified":"2024-09-02T15:38:50","modified_gmt":"2024-09-02T15:38:50","slug":"support-pour-tablette-artkron-pad-gl027-gold","status":"publish","type":"product","link":"https:\/\/windowshopline.com\/en\/shop\/support-pour-tablette-artkron-pad-gl027-gold\/","title":{"rendered":"Support pour tablette ARTKRON Pad GL027- Gold"},"content":{"rendered":"<p>Support de support de t\u00e9l\u00e9phone pour tablette de lit paresseux \u00e0 bras long pliant\u00a0GL027<\/p>\n<p>Support de tablette ARTKRON Pad GL027, compatible avec tous les appareils portables populaires tels que : iPad pro\u00a0<b>9.7\/air 2\/mini 4 2<\/b>, Galaxy Tab, Xperia Tablet, iPhone 6s plus 6 5s, Galaxy Note 5\/S7 et avec de nombreux autres t\u00e9l\u00e9phones et tablettes . Les dimensions de la tablette install\u00e9e sur le support Bracket Pad GG010 varient d&#8217;un minimum de\u00a0<b>14 x 20 cm<\/b>\u00a0\u00e0 un maximum de\u00a0<b>20 x 25 cm<\/b>. Le support ARTKRON Pad GG010 est con\u00e7u pour les appareils dont l&#8217;\u00e9paisseur ne d\u00e9passe pas 19 mm. Le support de bureau vous permet de changer facilement l&#8217;orientation de la tablette du paysage au portrait, la rotation est de\u00a0<b>360\u00b0<\/b>\u00a0et la rotation de haut en bas est possible dans un rayon de 180\u00b0. Retirer votre tablette du support est aussi simple que de l&#8217;installer.<b><br \/>\n<\/b><b>Caract\u00e9ristiques du support ARTKRON Pad GL027 :<\/b><br \/>\nLargeur d&#8217;ouverture maximale :<b>\u00a027 mm<\/b>\u00a0;\u00c9paisseur maximale du plateau :\u00a0<b>75 mm<\/b>\u00a0;Conception durable con\u00e7ue pour une utilisation quotidienne \u00e0 long terme ;Le support pivote \u00e0 360\u00b0 droite\/gauche ;La tablette pivote \u00e0 360\u00b0 en orientation portrait\/paysage ;La tablette s&#8217;incline de 180\u00b0 vers le haut\/bas.<\/p>\n<p>Poids maximum autoris\u00e9 de l&#8217;appareil :\u00a0<b>1,1 kg<\/b>.<\/p>\n<ul>\n<li>\u3010Conseils d&#8217;utilisation\u3011 1. Si vous le tenez avec une tablette lourde, nous vous recommandons de placer le &#8220;&#8221;S&#8221;&#8221;&#8221; ou le col de cygne circulaire car il offre plus de stabilit\u00e9 2. Pliez le col de cygne avec les deux mains lors du r\u00e9glage de la position car il est tr\u00e8s rigide. L&#8217;\u00e9crou de la vis se brisera si le bras est tir\u00e9 fort lors du r\u00e9glage. 3. Ne serrez pas trop la pince de base afin qu&#8217;elle ne se brise pas.<\/li>\n<\/ul>","protected":false},"excerpt":{"rendered":"<ul>\n<li>1. Portable pliable, facile \u00e0 utiliser.<\/li>\n<\/ul>\n<ul>\n<li>2. Combinaison libre de bo\u00eete amovible.<\/li>\n<\/ul>\n<ul>\n<li>3. Convient pour t\u00e9l\u00e9phone portable et tablette de 4 \u00e0 14 pouces.<\/li>\n<\/ul>\n<ul>\n<li>4. Rotation de l&#8217;\u00e9cran \u00e0 360 degr\u00e9s.<\/li>\n<\/ul>\n<ul>\n<li>5. Peut \u00eatre utilis\u00e9 sur le lit et le bureau.<\/li>\n<\/ul>\n<ul>\n<li>6. Mains libres, profitez de votre vie<\/li>\n<\/ul>\n<ul>\n<li>Poteau dur de rotation de 7,360 degr\u00e9s<\/li>\n<\/ul>\n<ul>\n<li>8. Base \u00e0 vis de qualit\u00e9, peut serrer une \u00e9paisseur maximale de 75 mm.<\/li>\n<\/ul>\n<ul>\n<li>Stents de support de bureau de type pliable pour Apple iPhone X XR XS XSMAX 11<\/li>\n<\/ul>\n<ul>\n<li>Compatible 1 : Pour iphone 4 4s 5 5s 6 6s 6plus 6splus 7s 7plus 8<\/li>\n<\/ul>\n<ul>\n<li>Compatible 2 : Pour iPad 2 3 4 5 6 pour iPad mini 2 3 4 pour iPad air 1 2 pro12.9<\/li>\n<\/ul>\n<ul>\n<li>Compatible 3: pour Samsung Galaxy S7 S8 S8edge S9plus<\/li>\n<\/ul>\n<ul>\n<li>Compatible 4: pour Samsung Galaxy Note 3 4 5 A5 A7 A8<\/li>\n<\/ul>\n<ul>\n<li>Compatible 5: pour t\u00e9l\u00e9phone Huawei LG xiaomi<\/li>\n<li class=\"-pvxs\"><span class=\"-b\">Mod\u00e8le<\/span>: GL027<\/li>\n<li class=\"-pvxs\"><span class=\"-b\">Poids (kg)<\/span>: 500<\/li>\n<li class=\"-pvxs\"><span class=\"-b\">Couleur<\/span>: Gold-Noir<\/li>\n<li class=\"-pvxs\"><span class=\"-b\">Mat\u00e9riau principal<\/span>: Plastique + ABS<\/li>\n<\/ul>","protected":false},"featured_media":10688,"comment_status":"open","ping_status":"closed","template":"","meta":{"_joinchat":[]},"product_cat":[69,33,79,42],"product_tag":[],"class_list":{"0":"post-10686","1":"product","2":"type-product","3":"status-publish","4":"has-post-thumbnail","6":"product_cat-electronics","7":"product_cat-home-kitchen","8":"product_cat-supports-de-bureau","9":"product_cat-phone-accessories","11":"first","12":"instock","13":"sale","14":"shipping-taxable","15":"purchasable","16":"product-type-simple"},"_links":{"self":[{"href":"https:\/\/windowshopline.com\/en\/wp-json\/wp\/v2\/product\/10686","targetHints":{"allow":["GET"]}}],"collection":[{"href":"https:\/\/windowshopline.com\/en\/wp-json\/wp\/v2\/product"}],"about":[{"href":"https:\/\/windowshopline.com\/en\/wp-json\/wp\/v2\/types\/product"}],"replies":[{"embeddable":true,"href":"https:\/\/windowshopline.com\/en\/wp-json\/wp\/v2\/comments?post=10686"}],"wp:featuredmedia":[{"embeddable":true,"href":"https:\/\/windowshopline.com\/en\/wp-json\/wp\/v2\/media\/10688"}],"wp:attachment":[{"href":"https:\/\/windowshopline.com\/en\/wp-json\/wp\/v2\/media?parent=10686"}],"wp:term":[{"taxonomy":"product_cat","embeddable":true,"href":"https:\/\/windowshopline.com\/en\/wp-json\/wp\/v2\/product_cat?post=10686"},{"taxonomy":"product_tag","embeddable":true,"href":"https:\/\/windowshopline.com\/en\/wp-json\/wp\/v2\/product_tag?post=10686"}],"curies":[{"name":"wp","href":"https:\/\/api.w.org\/{rel}","templated":true}]}}