{"id":10695,"date":"2024-09-02T15:50:18","date_gmt":"2024-09-02T15:50:18","guid":{"rendered":"https:\/\/windowshopline.com\/?post_type=product&#038;p=10695"},"modified":"2024-09-02T15:50:18","modified_gmt":"2024-09-02T15:50:18","slug":"support-a-ventouse-flexible-pour-voiture","status":"publish","type":"product","link":"https:\/\/windowshopline.com\/en\/shop\/support-a-ventouse-flexible-pour-voiture\/","title":{"rendered":"SUPPORT \u00c0 VENTOUSE FLEXIBLE POUR VOITURE"},"content":{"rendered":"<ul>\n<li>Multi-angle r\u00e9glable : conception de bras r\u00e9glable et t\u00eate \u00e0 rotule pour une rotation libre et angle r\u00e9glable pour garantir le meilleur angle de prise de vue.<\/li>\n<li>Le support \u00e0 ventouse d&#8217;extension pour voiture est compos\u00e9 de 4 joints r\u00e9glables et chaque joint peut \u00eatre tourn\u00e9 \u00e0 360 degr\u00e9s.<\/li>\n<li>Peut \u00eatre utilis\u00e9 pour monter sur une planche de surf, un pare-brise et des portes de voiture, des r\u00e9servoirs de moto et d&#8217;autres surfaces lisses (m\u00e9tal, plastique et verre).<\/li>\n<li>Support 2 en 1\u00a0: le connecteur d&#8217;origine peut \u00eatre utilis\u00e9 pour monter n&#8217;importe quelle cam\u00e9ra d&#8217;action et la connexion de l&#8217;adaptateur de t\u00eate vous permet de monter un support mobile qui peut \u00eatre utilis\u00e9 pour contenir des smartphones.<\/li>\n<li>Support \u00e0 ventouse \u00e0 filetage 1\/4&#8243; compatible avec tous les appareils photo num\u00e9riques.<\/li>\n<li>\u00c9quip\u00e9 d&#8217;un adaptateur de montage sur tr\u00e9pied compatible avec les cam\u00e9ras d&#8217;action Gopro et autres.<\/li>\n<li>Ferme et stable : conception \u00e0 ventouse robuste et grande (3,55 pouces), fournit une forte force d&#8217;aspiration pour le maintenir stable.<\/li>\n<li>Compatibilit\u00e9 pour : GoPro Hero 9 Black\/8\/7\/6, SJCAM SJ6 Legend, Eken, Yi, Akaso, Noise et toutes les autres cam\u00e9ras d&#8217;action.<\/li>\n<\/ul>\n<p>REMARQUE\u00a0:<\/p>\n<p>1. LA CAM\u00c9RA ET LE MOBILE NE SONT PAS INCLUS AVEC LE PRODUIT.\u00a0LES IMAGES SONT \u00c0 DES FINS DE R\u00c9F\u00c9RENCE UNIQUEMENT.<br \/>\n2. Compatible avec GoPro Hero 9\/8\/7\/6, SJCAM SJ4000\/SJ6\/SJ8, Yi, Eken, Noise, Akaso et autres cam\u00e9ras d&#8217;action et tous les smartphones.<\/p>","protected":false},"excerpt":{"rendered":"<table class=\"_14cfVK\">\n<tbody>\n<tr class=\"_1s_Smc row\">\n<td class=\"URwL2w col col-9-12\">\n<ul>\n<li>Num\u00e9ro de mod\u00e8le: Support de voiture \u00e0 ventouse avec extension flexible en col de cygne pour GoPro.<\/li>\n<li>Mat\u00e9riel: Plastique<\/li>\n<li>Compatible: avec tout mobile, appareil photo<\/li>\n<li>Taper: Tableau de bord<\/li>\n<li>Type de montage: Ventouse<\/li>\n<li>Pliable: Oui<\/li>\n<li>Couleur: Noir<\/li>\n<li class=\"-pvxs\"><span class=\"-b\">Mod\u00e8le<\/span>: Suction cup<\/li>\n<li class=\"-pvxs\"><span class=\"-b\">Poids (kg)<\/span>: 0.1<\/li>\n<li class=\"-pvxs\"><span class=\"-b\">Couleur<\/span>: Noir<\/li>\n<li class=\"-pvxs\"><span class=\"-b\">Mat\u00e9riau principal<\/span>: Plastique + ABS<\/li>\n<\/ul>\n<\/td>\n<\/tr>\n<\/tbody>\n<\/table>","protected":false},"featured_media":10698,"comment_status":"open","ping_status":"closed","template":"","meta":{"_joinchat":[]},"product_cat":[69,73,33,79,42],"product_tag":[],"class_list":{"0":"post-10695","1":"product","2":"type-product","3":"status-publish","4":"has-post-thumbnail","6":"product_cat-electronics","7":"product_cat-cars-accessories","8":"product_cat-home-kitchen","9":"product_cat-supports-de-bureau","10":"product_cat-phone-accessories","12":"first","13":"instock","14":"shipping-taxable","15":"purchasable","16":"product-type-simple"},"_links":{"self":[{"href":"https:\/\/windowshopline.com\/en\/wp-json\/wp\/v2\/product\/10695","targetHints":{"allow":["GET"]}}],"collection":[{"href":"https:\/\/windowshopline.com\/en\/wp-json\/wp\/v2\/product"}],"about":[{"href":"https:\/\/windowshopline.com\/en\/wp-json\/wp\/v2\/types\/product"}],"replies":[{"embeddable":true,"href":"https:\/\/windowshopline.com\/en\/wp-json\/wp\/v2\/comments?post=10695"}],"wp:featuredmedia":[{"embeddable":true,"href":"https:\/\/windowshopline.com\/en\/wp-json\/wp\/v2\/media\/10698"}],"wp:attachment":[{"href":"https:\/\/windowshopline.com\/en\/wp-json\/wp\/v2\/media?parent=10695"}],"wp:term":[{"taxonomy":"product_cat","embeddable":true,"href":"https:\/\/windowshopline.com\/en\/wp-json\/wp\/v2\/product_cat?post=10695"},{"taxonomy":"product_tag","embeddable":true,"href":"https:\/\/windowshopline.com\/en\/wp-json\/wp\/v2\/product_tag?post=10695"}],"curies":[{"name":"wp","href":"https:\/\/api.w.org\/{rel}","templated":true}]}}