{"id":10716,"date":"2024-09-03T12:47:49","date_gmt":"2024-09-03T12:47:49","guid":{"rendered":"https:\/\/windowshopline.com\/?post_type=product&#038;p=10716"},"modified":"2024-09-03T12:47:49","modified_gmt":"2024-09-03T12:47:49","slug":"xiaomi-white-mi-true-wireless-earphones-2-version-globale-de-base","status":"publish","type":"product","link":"https:\/\/windowshopline.com\/en\/shop\/xiaomi-white-mi-true-wireless-earphones-2-version-globale-de-base\/","title":{"rendered":"XIAOMI White Mi True Wireless Earphones 2 Version globale de base"},"content":{"rendered":"<p><b>D\u00e9tails du produit des \u00e9couteurs XiaoMi True Wireless Earphones 2 Basic <\/b>Le Xiaomi Mi True Wireless Headset 2 Basic est un casque Bluetooth version 5.0 r\u00e9cemment lanc\u00e9 qui offre un son exceptionnel et une qualit\u00e9 complexe lors des appels sans fil. Conception semi-intra-auriculaire. \uff1a Il offre un maximum de confort et est id\u00e9al pour une utilisation \u00e0 long terme, des appels silencieux et une suppression du bruit ambiant avec deux microphones pour garantir que le t\u00e9l\u00e9phone n&#8217;est pas obstru\u00e9. Dur\u00e9e de vie de la batterie plus longue : la dur\u00e9e de vie de la batterie des \u00e9couteurs est de 5 heures lorsqu&#8217;elle est compl\u00e8tement charg\u00e9e, tandis que la dur\u00e9e de vie totale de la batterie dans la bo\u00eete est de 20 heures. D\u00e9tection d&#8217;\u00e9coute : lorsqu&#8217;un casque est retir\u00e9, le capteur int\u00e9gr\u00e9 peut aider \u00e0 arr\u00eater automatiquement la musique, double-cliquez sur le couplage rapide (MIUI global) et appuyez sur le casque pour acc\u00e9der au contr\u00f4le de la musique, au t\u00e9l\u00e9phone ou \u00e0 la prise en charge vocale. Excellente qualit\u00e9 sonore : les \u00e9couteurs sont compatibles avec AAC, un codec avanc\u00e9 qui permet d&#8217;obtenir une meilleure qualit\u00e9 sonore sur iOS et Android. <b>Sentez le rythme toute la journ\u00e9e<\/b><br \/>\nJusqu&#8217;\u00e0 20 heures d&#8217;autonomie totale de la batterie Appels cristallins avec ENC \u00e0 double microphone Couplage automatique et connexion automatique Fonction de d\u00e9tection intelligente dans l&#8217;oreille Excellent son avec pilote 14,2 mm et codec AAC<br \/>\n<b>Batterie longue dur\u00e9e de 20 heures <\/b>vous permet de l&#8217;utiliser du matin au soir<br \/>\nGr\u00e2ce au contr\u00f4le de la consommation d&#8217;\u00e9nergie de la nouvelle puce, les \u00e9couteurs peuvent \u00eatre utilis\u00e9s pendant environ 5 heures sur une seule charge compl\u00e8te et 20 heures en combinaison avec un bo\u00eetier de charge. L&#8217;autonomie de la batterie vous permet d&#8217;\u00e9couter de la musique toute la journ\u00e9e.<br \/>\nDonn\u00e9es d&#8217;endurance des \u00e9couteurs : lorsque les \u00e9couteurs sont compl\u00e8tement charg\u00e9s et que le volume est r\u00e9gl\u00e9 \u00e0 50 % (smartphone), ils peuvent \u00eatre utilis\u00e9s jusqu&#8217;\u00e0 5 heures. Lorsque les \u00e9couteurs et le bo\u00eetier de charge sont compl\u00e8tement charg\u00e9s, la musique peut \u00eatre jou\u00e9e en continu pendant environ 20 heures.<br \/>\nAvec deux microphones, le bruit pendant les appels est r\u00e9duit, s&#8217;assurer qu&#8217;il n&#8217;y a pas de perturbation<br \/>\nChaque \u00e9couteur est \u00e9quip\u00e9 de deux microphones haute sensibilit\u00e9 int\u00e9gr\u00e9s, qui utilisent la technologie de formation de faisceaux pour \u00e9liminer le bruit de fond pendant les appels, permettant \u00e0 l&#8217;autre utilisateur de vous entendre clairement, m\u00eame dans des environnements bruyants.<br \/>\n<b>Une fen\u00eatre appara\u00eet \u00e0 l&#8217;ouverture du bo\u00eetier* et la connexion intelligente devient visible<\/b><br \/>\nLes \u00e9couteurs Mi True Wireless Earphones 2 Basic disposent de l&#8217;interface utilisateur MIUI Global. Lorsque le bo\u00eetier de charge est ouvert, une interface pour la connexion des \u00e9couteurs appara\u00eet. Une fois connect\u00e9s, les \u00e9couteurs peuvent \u00eatre facilement contr\u00f4l\u00e9s \u00e0 partir de votre t\u00e9l\u00e9phone et vous pouvez voir les niveaux de batterie des \u00e9couteurs et du bo\u00eetier de charge.<br \/>\n<b>Un grand pilote dynamique rend le son riche et naturel<\/b><br \/>\nLe pilote dynamique avec un grand diaphragme composite de 14,2 mm est utilis\u00e9 pour rendre le son plus plein et plus riche avec une sensation plus naturelle, en restaurant une texture et des d\u00e9tails plus r\u00e9els. Dans le m\u00eame temps, la technologie de codec audio AAC est prise en charge pour am\u00e9liorer la qualit\u00e9 et l&#8217;exp\u00e9rience audio, offrant aux utilisateurs un son clair.<\/p>","protected":false},"excerpt":{"rendered":"<ul>\n<li>Principe de fonctionnement : Bluetooth, cadran de mod\u00e8le<\/li>\n<li>\u00a0Avec la technologie TWS qui fait que l&#8217;\u00e9couteur n&#8217;a plus besoin de c\u00e2ble, il peut \u00eatre utilis\u00e9 ind\u00e9pendamment.<\/li>\n<li>\u00a0Utilise la technologie Bluetooth 5.0 pour une conversation silencieuse, une r\u00e9duction du bruit, une connectivit\u00e9 bas de gamme et une \u00e9coute discr\u00e8te.<\/li>\n<li>\u00a0Les \u00e9couteurs sans fil con\u00e7us avec une bo\u00eete de rangement qui peut \u00eatre charg\u00e9e et \u00e9teinte automatiquement pendant le stockage et lorsque les \u00e9couteurs sont retir\u00e9s des \u00e9couteurs fonctionneront et se connecteront \u00e9galement.<\/li>\n<li>\u00a0Conception d&#8217;\u00e9couteurs selon les principes conservateurs, pas faciles \u00e0 porter et l\u00e9gers, de sorte que vous puissiez porter n&#8217;importe quoi<\/li>\n<li>\u00a0Pilote de borne d&#8217;\u00e9couteur de 7,2 mm pour un son plus efficace.<\/li>\n<li>\u00a0Technologie DSP qui r\u00e9duit le bruit de la robe<\/li>\n<li>\u00a0Utilisez les fonctions en touchant le c\u00f4t\u00e9 des \u00e9couteurs (des deux c\u00f4t\u00e9s).<\/li>\n<li>\u00a0Appui court 2 fois &gt; Assistant vocal + fonctionnement silencieux<\/li>\n<li>\u00a01 appui court (lorsqu&#8217;un appel arrive) &gt; r\u00e9pondre au t\u00e9l\u00e9phone + raccrocher<\/li>\n<li>\u00a01 appui court (lors de la lecture de musique) &gt; pause\/lecture<\/li>\n<li>\u00a0Appui long 1 fois &gt; Arr\u00eater la lecture musique et r\u00e9pondre \u00e0 l&#8217;appel \u00e0 la place<\/li>\n<li>\u00a0Vous pouvez activer Xiaomi, Google Assistant et Siri en seulement 2 clics.<\/li>\n<li>\u00a0Commentaire : 32 ohms<\/li>\n<li>\u00a0Int\u00e9gration du syst\u00e8me : 20-20 000 Hz<\/li>\n<li>\u00a0Bo\u00eete de rangement pour casque, capacit\u00e9 Li-ion 300 mAh int\u00e9gr\u00e9e, peut attendre jusqu&#8217;\u00e0 \u2022 150 heures, temps de charge 2,5 heures.<\/li>\n<li>\u00a0La capacit\u00e9 \u00e9lectrique int\u00e9gr\u00e9e du casque La batterie Li-ion de 40 mAh peut jouer de la musique et parler pendant 4 heures en continu, le temps de charge est de 1,5 heure.<\/li>\n<li>\u00a0Type de charge : Poteau d&#8217;\u00e9corce m\u00e8re<\/li>\n<li>\u00a0\u00c9tanche IPX4 (anti-br\u00fblure)<\/li>\n<li>\u00a0Petite bo\u00eete de rangement pour \u00e9couteurs, facile \u00e0 transporter.<\/li>\n<li>\u00a0Bluetooth 5.0 peut recevoir des signaux jusqu&#8217;\u00e0 10 microm\u00e8tres (uniquement pour les appareils avec Bluetooth 4.2 et sup\u00e9rieur).<\/li>\n<li>\u00a0Protocole Bluetooth Kubu HFP \/ A2DP \/ HSP \/ AVRCP<\/li>\n<li>\u00a0Android et iOS<\/li>\n<li>\u00a0Le son est connect\u00e9 \u00e0 la notification en chinois.<\/li>\n<li>\u00a0Il existe 3 tailles d&#8217;embouts interchangeables pour s&#8217;adapter \u00e0 l&#8217;oreille humaine.<\/li>\n<li>\u00a0Poids du produit : 0,41 g<\/li>\n<li>\u00a0Taille du produit (L x l x H) : 2,66 x 1,64 x 2,16 cm.<\/li>\n<\/ul>","protected":false},"featured_media":10718,"comment_status":"open","ping_status":"closed","template":"","meta":{"_joinchat":[]},"product_cat":[69,21,76,42],"product_tag":[],"class_list":{"0":"post-10716","1":"product","2":"type-product","3":"status-publish","4":"has-post-thumbnail","6":"product_cat-electronics","7":"product_cat-accessories","8":"product_cat-ecouteurs-casques","9":"product_cat-phone-accessories","11":"first","12":"instock","13":"sale","14":"shipping-taxable","15":"purchasable","16":"product-type-simple"},"_links":{"self":[{"href":"https:\/\/windowshopline.com\/en\/wp-json\/wp\/v2\/product\/10716","targetHints":{"allow":["GET"]}}],"collection":[{"href":"https:\/\/windowshopline.com\/en\/wp-json\/wp\/v2\/product"}],"about":[{"href":"https:\/\/windowshopline.com\/en\/wp-json\/wp\/v2\/types\/product"}],"replies":[{"embeddable":true,"href":"https:\/\/windowshopline.com\/en\/wp-json\/wp\/v2\/comments?post=10716"}],"wp:featuredmedia":[{"embeddable":true,"href":"https:\/\/windowshopline.com\/en\/wp-json\/wp\/v2\/media\/10718"}],"wp:attachment":[{"href":"https:\/\/windowshopline.com\/en\/wp-json\/wp\/v2\/media?parent=10716"}],"wp:term":[{"taxonomy":"product_cat","embeddable":true,"href":"https:\/\/windowshopline.com\/en\/wp-json\/wp\/v2\/product_cat?post=10716"},{"taxonomy":"product_tag","embeddable":true,"href":"https:\/\/windowshopline.com\/en\/wp-json\/wp\/v2\/product_tag?post=10716"}],"curies":[{"name":"wp","href":"https:\/\/api.w.org\/{rel}","templated":true}]}}