{"id":10757,"date":"2024-09-03T13:52:30","date_gmt":"2024-09-03T13:52:30","guid":{"rendered":"https:\/\/windowshopline.com\/?post_type=product&#038;p=10757"},"modified":"2024-09-03T13:52:30","modified_gmt":"2024-09-03T13:52:30","slug":"serum-unika-agilise-100ml","status":"publish","type":"product","link":"https:\/\/windowshopline.com\/en\/shop\/serum-unika-agilise-100ml\/","title":{"rendered":"S\u00e9rum Unika Agilise 100mL"},"content":{"rendered":"<p>S\u00e9rum Agalyze 100% original pour cheveux avec Botox et K\u00e9ratine (cr\u00e9atine)<br \/>\nS\u00e9rum agilise 100 ml, UNIKA<\/p>\n<p>S\u00e9rum. L&#8217;Agalis original est br\u00e9silien, pas libanais<br \/>\nPour les cheveux avec Botox et cr\u00e9atine<br \/>\nSes avantages#<br \/>\n1. Pr\u00e9vient la chute des cheveux\u2705<br \/>\n2. Cr\u00e8me hydratante pour cheveux\u2705<br \/>\n3. Maintient la coiffure\u2705<br \/>\n4. Th\u00e9\u00e2tre de po\u00e9sie\u2705<br \/>\nComment utiliser..<br \/>\nUtiliser apr\u00e8s la douche en appliquant une quantit\u00e9 appropri\u00e9e sur les cheveux. \u00c9vitez de l&#8217;appliquer sur le cuir chevelu.<\/p>","protected":false},"excerpt":{"rendered":"<ul>\n<li>Convient aux cheveux \u00e9pais, ab\u00eem\u00e9s et br\u00fbl\u00e9s.<\/li>\n<li>\u00a0\u00a0\u00a0 Facile \u00e0 utiliser et en seulement deux heures.<\/li>\n<li>\u00a0\u00a0\u00a0 Sans formald\u00e9hyde nocif pour le nez et les cheveux.<\/li>\n<li>\u00a0\u00a0\u00a0 Brillance soyeuse et lustre attrayant pour vos cheveux.<\/li>\n<li>\u00a0\u00a0\u00a0 Produit br\u00e9silien authentique.<\/li>\n<li class=\"-pvxs\"><span class=\"-b\">Gamme de produits<\/span>: unika agilise<\/li>\n<li class=\"-pvxs\"><span class=\"-b\">Taille (Longueur x Largeur x Hauteur cm)<\/span>: 30*10*10<\/li>\n<li class=\"-pvxs\"><span class=\"-b\">Poids (kg)<\/span>: 1<\/li>\n<li class=\"-pvxs\"><span class=\"-b\">Couleur<\/span>: blanche<\/li>\n<li class=\"-pvxs\"><span class=\"-b\">Mat\u00e9riau principal<\/span>: plastique<\/li>\n<\/ul>","protected":false},"featured_media":10760,"comment_status":"open","ping_status":"closed","template":"","meta":{"_joinchat":[]},"product_cat":[75],"product_tag":[],"class_list":{"0":"post-10757","1":"product","2":"type-product","3":"status-publish","4":"has-post-thumbnail","6":"product_cat-health-and-beauty","8":"first","9":"instock","10":"sale","11":"shipping-taxable","12":"purchasable","13":"product-type-simple"},"_links":{"self":[{"href":"https:\/\/windowshopline.com\/en\/wp-json\/wp\/v2\/product\/10757","targetHints":{"allow":["GET"]}}],"collection":[{"href":"https:\/\/windowshopline.com\/en\/wp-json\/wp\/v2\/product"}],"about":[{"href":"https:\/\/windowshopline.com\/en\/wp-json\/wp\/v2\/types\/product"}],"replies":[{"embeddable":true,"href":"https:\/\/windowshopline.com\/en\/wp-json\/wp\/v2\/comments?post=10757"}],"wp:featuredmedia":[{"embeddable":true,"href":"https:\/\/windowshopline.com\/en\/wp-json\/wp\/v2\/media\/10760"}],"wp:attachment":[{"href":"https:\/\/windowshopline.com\/en\/wp-json\/wp\/v2\/media?parent=10757"}],"wp:term":[{"taxonomy":"product_cat","embeddable":true,"href":"https:\/\/windowshopline.com\/en\/wp-json\/wp\/v2\/product_cat?post=10757"},{"taxonomy":"product_tag","embeddable":true,"href":"https:\/\/windowshopline.com\/en\/wp-json\/wp\/v2\/product_tag?post=10757"}],"curies":[{"name":"wp","href":"https:\/\/api.w.org\/{rel}","templated":true}]}}