{"id":10832,"date":"2024-09-05T15:13:47","date_gmt":"2024-09-05T15:13:47","guid":{"rendered":"https:\/\/windowshopline.com\/?post_type=product&#038;p=10832"},"modified":"2024-09-05T15:16:29","modified_gmt":"2024-09-05T15:16:29","slug":"tablette-decriture-lcd-avec-stylo-dessin-numerique-tableau-decriture-electronique-message-graphique-bleu","status":"publish","type":"product","link":"https:\/\/windowshopline.com\/en\/shop\/tablette-decriture-lcd-avec-stylo-dessin-numerique-tableau-decriture-electronique-message-graphique-bleu\/","title":{"rendered":"Tablette d&#8217;\u00e9criture LCD avec stylo, dessin num\u00e9rique, tableau d&#8217;\u00e9criture \u00e9lectronique, message graphique -Bleu"},"content":{"rendered":"<p>[Excellent design]: \u00c9cran de verrouillage de bouton&#8212;&#8212;Conception humanis\u00e9e de suppression anti-erreur, protection intime du contenu \u00e9crit des enfants; Faible consommation d&#8217;\u00e9nergie, plus grande capacit\u00e9&#8212;&#8212;Utiliser une batterie avec une plus grande capacit\u00e9 que d&#8217;autres produits similaires sur le march\u00e9. Aucune consommation d&#8217;\u00e9nergie pendant l&#8217;\u00e9criture et la veille, seulement le moment de la suppression; Fente pour carte \u00e0 stylet&#8212;&#8212;Stockage intime pour \u00e9viter les pertes.[\u00c9conomique et Environnemental] : Notre tablette d&#8217;\u00e9criture peut \u00eatre effac\u00e9e plus de 100,000 de fois, et peut \u00e9conomiser 100,000 morceaux de papier pour mieux prot\u00e9ger l&#8217;environnement et plus respectueuse de la nature.[Portable et Facile \u00e0 Utiliser]: Ultra fin, portable et durable. La pointe sp\u00e9ciale du stylo est lisse et r\u00e9sistante aux frottements, et la sensation d&#8217;\u00e9criture est plus proche du vrai papier. Avec une seule cl\u00e9, les traces de peinture peuvent \u00eatre effac\u00e9es instantan\u00e9ment.[Parfait Cadeau Enfant]: Avec un mat\u00e9riau ABS de qualit\u00e9 sup\u00e9rieure qui est s\u00fbr, non toxique, imperm\u00e9able et anti-chute. Id\u00e9al pour les filles et les gar\u00e7ons comme cadeau de retour \u00e0 l&#8217;\u00e9cole, d&#8217;anniversaire, de No\u00ebl, de P\u00e2ques et de toute occasion!<\/p>","protected":false},"excerpt":{"rendered":"<table class=\"all magic-9\" style=\"height: 146px;\" width=\"586\">\n<tbody>\n<tr>\n<td colspan=\"1\" rowspan=\"1\">\n<div class=\"magic-10\"><strong>Nom du produit<\/strong><\/div>\n<\/td>\n<td colspan=\"1\" rowspan=\"1\">\n<div class=\"magic-11\"><strong>Tablette d&#8217;\u00e9criture \u00e0 \u00e9cran<\/strong><\/div>\n<\/td>\n<td colspan=\"1\" rowspan=\"1\">\n<div class=\"magic-12\"><strong>Taille du produit<\/strong><\/div>\n<\/td>\n<td colspan=\"1\" rowspan=\"1\">\n<div class=\"magic-13\"><strong>275,5*190*10mm<\/strong><\/div>\n<\/td>\n<\/tr>\n<tr>\n<td colspan=\"1\" rowspan=\"1\">\n<div class=\"magic-10\"><strong>Taille de l&#8217;\u00e9cran<\/strong><\/div>\n<\/td>\n<td colspan=\"1\" rowspan=\"1\">\n<div class=\"magic-11\"><strong>9 pouces<\/strong><\/div>\n<\/td>\n<td colspan=\"1\" rowspan=\"1\">\n<div class=\"magic-12\"><strong>Mat\u00e9riau du produit<\/strong><\/div>\n<\/td>\n<td colspan=\"1\" rowspan=\"1\">\n<div class=\"magic-13\"><strong>LCD + ABS<\/strong><\/div>\n<\/td>\n<\/tr>\n<tr>\n<td colspan=\"1\" rowspan=\"1\">\n<div class=\"magic-10\"><strong>Taille du paquet<\/strong><\/div>\n<\/td>\n<td colspan=\"1\" rowspan=\"1\">\n<div class=\"magic-11\"><strong>300*192*14mm<\/strong><\/div>\n<\/td>\n<td colspan=\"1\" rowspan=\"1\">\n<div class=\"magic-12\"><strong>Batterie<\/strong><\/div>\n<\/td>\n<td colspan=\"1\" rowspan=\"1\">\n<div class=\"magic-13\"><strong>CR2032<\/strong><\/div>\n<\/td>\n<\/tr>\n<tr>\n<td colspan=\"1\" rowspan=\"1\">\n<div class=\"magic-10\"><strong>certificat<\/strong><\/div>\n<\/td>\n<td colspan=\"1\" rowspan=\"1\"><strong>CE\/ROHS\/FCC<\/strong><\/td>\n<td colspan=\"1\" rowspan=\"1\">COULEUR<\/td>\n<td colspan=\"1\" rowspan=\"1\">\u00a0Bleu<\/td>\n<\/tr>\n<\/tbody>\n<\/table>","protected":false},"featured_media":10834,"comment_status":"open","ping_status":"closed","template":"","meta":{"_joinchat":[]},"product_cat":[49,74,79],"product_tag":[],"class_list":{"0":"post-10832","1":"product","2":"type-product","3":"status-publish","4":"has-post-thumbnail","6":"product_cat-toys","7":"product_cat-baby-supplies","8":"product_cat-supports-de-bureau","10":"first","11":"instock","12":"shipping-taxable","13":"purchasable","14":"product-type-simple"},"_links":{"self":[{"href":"https:\/\/windowshopline.com\/en\/wp-json\/wp\/v2\/product\/10832","targetHints":{"allow":["GET"]}}],"collection":[{"href":"https:\/\/windowshopline.com\/en\/wp-json\/wp\/v2\/product"}],"about":[{"href":"https:\/\/windowshopline.com\/en\/wp-json\/wp\/v2\/types\/product"}],"replies":[{"embeddable":true,"href":"https:\/\/windowshopline.com\/en\/wp-json\/wp\/v2\/comments?post=10832"}],"wp:featuredmedia":[{"embeddable":true,"href":"https:\/\/windowshopline.com\/en\/wp-json\/wp\/v2\/media\/10834"}],"wp:attachment":[{"href":"https:\/\/windowshopline.com\/en\/wp-json\/wp\/v2\/media?parent=10832"}],"wp:term":[{"taxonomy":"product_cat","embeddable":true,"href":"https:\/\/windowshopline.com\/en\/wp-json\/wp\/v2\/product_cat?post=10832"},{"taxonomy":"product_tag","embeddable":true,"href":"https:\/\/windowshopline.com\/en\/wp-json\/wp\/v2\/product_tag?post=10832"}],"curies":[{"name":"wp","href":"https:\/\/api.w.org\/{rel}","templated":true}]}}