{"id":9406,"date":"2023-04-29T11:31:01","date_gmt":"2023-04-29T11:31:01","guid":{"rendered":"https:\/\/windowshopline.com\/?post_type=product&#038;p=9406"},"modified":"2023-12-16T22:03:36","modified_gmt":"2023-12-16T22:03:36","slug":"baton-de-massage-sans-fil","status":"publish","type":"product","link":"https:\/\/windowshopline.com\/en\/shop\/baton-de-massage-sans-fil\/","title":{"rendered":"B\u00e2ton de massage sans fil"},"content":{"rendered":"<p><b><span style=\"vertical-align: inherit;\"><span style=\"vertical-align: inherit;\"><span style=\"vertical-align: inherit;\"><span style=\"vertical-align: inherit;\">B\u00e2ton de massage sans fil<\/span><\/span><\/span><\/span><\/b><span style=\"vertical-align: inherit;\"><span style=\"vertical-align: inherit;\"><span style=\"vertical-align: inherit;\"><span style=\"vertical-align: inherit;\"> il existe diff\u00e9rentes t\u00eates de massage, qui peuvent \u00eatre utilis\u00e9es de mani\u00e8re s\u00e9lective en fonction de l&#8217;emplacement. <\/span><\/span><\/span><\/span><br \/>\n<span style=\"vertical-align: inherit;\"><span style=\"vertical-align: inherit;\"><span style=\"vertical-align: inherit;\"><span style=\"vertical-align: inherit;\">la force du b\u00e2ton de massage est divis\u00e9e en 4 segments, exprim\u00e9e en LED. <\/span><\/span><\/span><\/span><br \/>\n<span style=\"vertical-align: inherit;\"><span style=\"vertical-align: inherit;\"><span style=\"vertical-align: inherit;\"><span style=\"vertical-align: inherit;\">b\u00e2ton de massage \u00e0 charge sans fil, pr\u00eat \u00e0 transporter. <\/span><\/span><\/span><\/span><br \/>\n<span style=\"vertical-align: inherit;\"><span style=\"vertical-align: inherit;\"><span style=\"vertical-align: inherit;\"><span style=\"vertical-align: inherit;\">le poids et la conception de la poign\u00e9e sont raisonnables, \u00e0 port\u00e9e de main peuvent \u00eatre utilis\u00e9s facilement.Intensit\u00e9 variableOffre une exp\u00e9rience personnalis\u00e9e avec une intensit\u00e9 variable qui vous permet de choisir vos impulsions par minute avec le cadran \u00e0 vitesse variable de faible (2000) \u00e0 \u00e9lev\u00e9e (4000)\u00a0; <\/span><\/span><\/span><span style=\"vertical-align: inherit;\"><span style=\"vertical-align: inherit;\"><span style=\"vertical-align: inherit;\">Mur \u00e0 des basses plus basses et des aigus plus \u00e9lev\u00e9 par rapport aux masseurs concurrents<\/span><\/span><\/span><\/span><br \/>\n<span style=\"vertical-align: inherit;\"><span style=\"vertical-align: inherit;\"><span style=\"vertical-align: inherit;\"><span style=\"vertical-align: inherit;\">Puissance de p\u00e9trissage en profondeur &#8211; Notre masseur \u00e0 percussion th\u00e9rapeutique ergonomique et \u00e9l\u00e9gant dispose d&#8217;un moteur extr\u00eamement puissant avec jusqu&#8217;\u00e0 4 000 impulsions par minute qui aide \u00e0 se d\u00e9tendre et \u00e0 soulager les tensions ou les douleurs musculaires ainsi qu&#8217;\u00e0 fournir des massages doux \u00e0 doux.Le masseur Tissue Percussion procure un soulagement musculaire complet et cibl\u00e9, m\u00eame en profondeur, pour acc\u00e9l\u00e9rer la gu\u00e9rison ou la r\u00e9cup\u00e9ration de la forme physique afin de soutenir un mode de vie actif. <\/span><\/span><\/span><span style=\"vertical-align: inherit;\"><span style=\"vertical-align: inherit;\"><span style=\"vertical-align: inherit;\">La percussion est l&#8217;exp\u00e9rience de massage ultime offrant un confort rapide en perturbant les signaux de douleur et en augmentant la circulation sanguine locale et en bloquant les neurotransmetteurs et peut aider \u00e0 r\u00e9duire l&#8217;inflammation et \u00e0 augmenter les niveaux d&#8217;ocytocine ;<\/span><\/span><\/span><\/span><\/p>","protected":false},"excerpt":{"rendered":"<ul>\n<li><span style=\"vertical-align: inherit;\"><span style=\"vertical-align: inherit;\"><span style=\"vertical-align: inherit;\"><span style=\"vertical-align: inherit;\">Capacit\u00e9 de la batterie 2200 mAh<\/span><\/span><\/span><\/span><\/li>\n<li><span style=\"vertical-align: inherit;\"><span style=\"vertical-align: inherit;\"><span style=\"vertical-align: inherit;\"><span style=\"vertical-align: inherit;\">b\u00e2ton de massage gratuit<\/span><\/span><\/span><\/span><\/li>\n<li><span style=\"vertical-align: inherit;\"><span style=\"vertical-align: inherit;\"><span style=\"vertical-align: inherit;\"><span style=\"vertical-align: inherit;\">Puissance nominale 8,4 V\/16 W<\/span><\/span><\/span><\/span><\/li>\n<li><span style=\"vertical-align: inherit;\"><span style=\"vertical-align: inherit;\"><span style=\"vertical-align: inherit;\"><span style=\"vertical-align: inherit;\">Temps d&#8217;\u00e9valuation 15 minutes<\/span><\/span><\/span><\/span><\/li>\n<li><span style=\"vertical-align: inherit;\"><span style=\"vertical-align: inherit;\"><span style=\"vertical-align: inherit;\"><span style=\"vertical-align: inherit;\">Mode de contr\u00f4le d&#8217;op\u00e9ration de frappe 5<\/span><\/span><\/span><\/span><\/li>\n<li><span style=\"vertical-align: inherit;\"><span style=\"vertical-align: inherit;\"><span style=\"vertical-align: inherit;\"><span style=\"vertical-align: inherit;\">Poids 0,82 kg<\/span><\/span><\/span><\/span><\/li>\n<li><span style=\"vertical-align: inherit;\"><span style=\"vertical-align: inherit;\"><span style=\"vertical-align: inherit;\"><span style=\"vertical-align: inherit;\">Produit ABS Coque ABS<\/span><\/span><\/span><\/span><\/li>\n<\/ul>","protected":false},"featured_media":9407,"comment_status":"open","ping_status":"closed","template":"","meta":{"_joinchat":[]},"product_cat":[75,70],"product_tag":[],"class_list":{"0":"post-9406","1":"product","2":"type-product","3":"status-publish","4":"has-post-thumbnail","6":"product_cat-health-and-beauty","7":"product_cat-massage-and-relaxation","9":"first","10":"instock","11":"shipping-taxable","12":"purchasable","13":"product-type-simple"},"_links":{"self":[{"href":"https:\/\/windowshopline.com\/en\/wp-json\/wp\/v2\/product\/9406","targetHints":{"allow":["GET"]}}],"collection":[{"href":"https:\/\/windowshopline.com\/en\/wp-json\/wp\/v2\/product"}],"about":[{"href":"https:\/\/windowshopline.com\/en\/wp-json\/wp\/v2\/types\/product"}],"replies":[{"embeddable":true,"href":"https:\/\/windowshopline.com\/en\/wp-json\/wp\/v2\/comments?post=9406"}],"wp:featuredmedia":[{"embeddable":true,"href":"https:\/\/windowshopline.com\/en\/wp-json\/wp\/v2\/media\/9407"}],"wp:attachment":[{"href":"https:\/\/windowshopline.com\/en\/wp-json\/wp\/v2\/media?parent=9406"}],"wp:term":[{"taxonomy":"product_cat","embeddable":true,"href":"https:\/\/windowshopline.com\/en\/wp-json\/wp\/v2\/product_cat?post=9406"},{"taxonomy":"product_tag","embeddable":true,"href":"https:\/\/windowshopline.com\/en\/wp-json\/wp\/v2\/product_tag?post=9406"}],"curies":[{"name":"wp","href":"https:\/\/api.w.org\/{rel}","templated":true}]}}