{"id":9427,"date":"2023-04-29T11:45:39","date_gmt":"2023-04-29T11:45:39","guid":{"rendered":"https:\/\/windowshopline.com\/?post_type=product&#038;p=9427"},"modified":"2023-12-16T22:03:53","modified_gmt":"2023-12-16T22:03:53","slug":"masseur-electrique-oreiller-cervical-portable-rose","status":"publish","type":"product","link":"https:\/\/windowshopline.com\/en\/shop\/masseur-electrique-oreiller-cervical-portable-rose\/","title":{"rendered":"Masseur \u00c9lectrique Oreiller Cervical Portable- Rose"},"content":{"rendered":"<p><b><span style=\"vertical-align: inherit;\"><span style=\"vertical-align: inherit;\">Masseur \u00e9lectrique\u00a0<\/span><\/span><\/b><span style=\"vertical-align: inherit;\"><span style=\"vertical-align: inherit;\"> de cou en forme de U, oreiller multifonctionnel, Portable, pour \u00e9paules, cervicales, chauffant, Support de cou <\/span><\/span><br \/>\n<span style=\"vertical-align: inherit;\"><span style=\"vertical-align: inherit;\">1) hauteur de support tridimensionnelle de 360 \u200b\u200b\u00b0 conception de surface incurv\u00e9e ondul\u00e9e, proche de la courbe des \u00e9paules et du cou, absorbe efficacement la Force de pression du cou, supporte am\u00e9lior\u00e9e la force, r\u00e9duit le point de pression, fournit un soutien et une protection avanc\u00e9s suffisants, et il est \u00e9galement tr\u00e8s confortable pour s&#8217;incliner \u00e0 gauche et \u00e0 droite 2) conception de support de cou incurv\u00e9 en forme de U, soutient confortablement la t\u00eate et le cou, le massage avant d&#8217;aller au lit peut r\u00e9duire le stress.<\/span><\/span><\/p>","protected":false},"excerpt":{"rendered":"<ul>\n<li><span style=\"vertical-align: inherit;\"><span style=\"vertical-align: inherit;\">1, massage de p\u00e9trissage de massage de la t\u00eate 6D, simulation de moule de techniques de massage humain.<\/span><\/span><\/li>\n<li><span style=\"vertical-align: inherit;\"><span style=\"vertical-align: inherit;\">2, massage et protection du cou, deux groupes de double t\u00eate positive et n\u00e9gative, massage par rotation en cycle profond, apaise les tensions musculaires, force plus confortable.<\/span><\/span><\/li>\n<li><span style=\"vertical-align: inherit;\"><span style=\"vertical-align: inherit;\">3, contr\u00f4lez comme vous le souhaitez. <\/span><span style=\"vertical-align: inherit;\">Trois boutons, r\u00e9glage de la puissance, chauffage l\u00e9ger, bouton d&#8217;alimentation.<\/span><\/span><\/li>\n<li><span style=\"vertical-align: inherit;\"><span style=\"vertical-align: inherit;\">4, conception ergonomique, conception en forme de U plus proche de la courbe de la t\u00eate et du cou, soutient la t\u00eate et le cou pour le massage.<\/span><\/span><\/li>\n<li><span style=\"vertical-align: inherit;\"><span style=\"vertical-align: inherit;\">5, vous pouvez utiliser votre coussin de massage \u00e0 tout moment, n&#8217;importe o\u00f9, pour la maison, le bureau, les voyages et d&#8217;autres occasions.<\/span><\/span><\/li>\n<\/ul>\n<p><span style=\"vertical-align: inherit;\"><span style=\"vertical-align: inherit;\">Sp\u00e9cificationsNom\u00a0: Coussin de massage en forme de UCouleur\u00a0: rose\/grisTension nominale\u00a0: 3VPuissance nominale\u00a0: 5WM\u00e9thode de massage\u00a0: p\u00e9trissage, massageMat\u00e9riel\u00a0: mousse \u00e0 m\u00e9moire de forme, tissu en veloursCharge\u00a0: USBFonction\u00a0: Physioth\u00e9rapie infrarouge<\/span><\/span><\/p>","protected":false},"featured_media":9428,"comment_status":"open","ping_status":"closed","template":"","meta":{"_joinchat":[]},"product_cat":[75,70],"product_tag":[],"class_list":{"0":"post-9427","1":"product","2":"type-product","3":"status-publish","4":"has-post-thumbnail","6":"product_cat-health-and-beauty","7":"product_cat-massage-and-relaxation","9":"first","10":"instock","11":"shipping-taxable","12":"purchasable","13":"product-type-simple"},"_links":{"self":[{"href":"https:\/\/windowshopline.com\/en\/wp-json\/wp\/v2\/product\/9427","targetHints":{"allow":["GET"]}}],"collection":[{"href":"https:\/\/windowshopline.com\/en\/wp-json\/wp\/v2\/product"}],"about":[{"href":"https:\/\/windowshopline.com\/en\/wp-json\/wp\/v2\/types\/product"}],"replies":[{"embeddable":true,"href":"https:\/\/windowshopline.com\/en\/wp-json\/wp\/v2\/comments?post=9427"}],"wp:featuredmedia":[{"embeddable":true,"href":"https:\/\/windowshopline.com\/en\/wp-json\/wp\/v2\/media\/9428"}],"wp:attachment":[{"href":"https:\/\/windowshopline.com\/en\/wp-json\/wp\/v2\/media?parent=9427"}],"wp:term":[{"taxonomy":"product_cat","embeddable":true,"href":"https:\/\/windowshopline.com\/en\/wp-json\/wp\/v2\/product_cat?post=9427"},{"taxonomy":"product_tag","embeddable":true,"href":"https:\/\/windowshopline.com\/en\/wp-json\/wp\/v2\/product_tag?post=9427"}],"curies":[{"name":"wp","href":"https:\/\/api.w.org\/{rel}","templated":true}]}}