{"id":9826,"date":"2023-05-14T10:05:37","date_gmt":"2023-05-14T10:05:37","guid":{"rendered":"https:\/\/windowshopline.com\/?post_type=product&#038;p=9826"},"modified":"2023-12-16T21:55:11","modified_gmt":"2023-12-16T21:55:11","slug":"chargeur-de-voiture-2-en-1-oreillette-bluetooth-blanc","status":"publish","type":"product","link":"https:\/\/windowshopline.com\/en\/shop\/chargeur-de-voiture-2-en-1-oreillette-bluetooth-blanc\/","title":{"rendered":"Chargeur De Voiture 2 En 1 + Oreillette Bluetooth &#8211; Blanc"},"content":{"rendered":"<p>Puce Bluetooth 5.0, connexion plus stable et faible consommation d&#8217;\u00e9nergie, pas de retard. Circuit de contr\u00f4le intelligent IC, emp\u00eache efficacement la surcharge, les courts-circuits et autres risques de s\u00e9curit\u00e9. Deux t\u00e9l\u00e9phones mobiles peuvent \u00eatre connect\u00e9s en m\u00eame temps et n&#8217;importe quel t\u00e9l\u00e9phone peut r\u00e9pondre \u00e0 un appel. Appairage automatique, d\u00e9monter et coupler les deux automatiquement, plus pratique. Taille compacte, facile \u00e0 ranger et \u00e0 transporter. Compatible avec la plupart des appareils Bluetooth intelligents.<\/p>","protected":false},"excerpt":{"rendered":"<p>Maison Bluetooth : 5.0.<br \/>\n-Mati\u00e8re : ABS, PC.<br \/>\n&#8211; couleur blanche.<br \/>\nTaille du haut-parleur : environ 16,7 x 41 mm.<br \/>\nDimensions du chargeur : environ 37 x 74,5 x 21 mm.<br \/>\nAlimentation : batterie int\u00e9gr\u00e9e de 30 mAh.<br \/>\nTension de sortie : 5V.<br \/>\nCourant de sortie : 2400mA.<br \/>\nTension d&#8217;entr\u00e9e : 12-24 volts.<\/p>","protected":false},"featured_media":9827,"comment_status":"open","ping_status":"closed","template":"","meta":{"_joinchat":[]},"product_cat":[21],"product_tag":[],"class_list":{"0":"post-9826","1":"product","2":"type-product","3":"status-publish","4":"has-post-thumbnail","6":"product_cat-accessories","8":"first","9":"instock","10":"sale","11":"shipping-taxable","12":"purchasable","13":"product-type-simple"},"_links":{"self":[{"href":"https:\/\/windowshopline.com\/en\/wp-json\/wp\/v2\/product\/9826","targetHints":{"allow":["GET"]}}],"collection":[{"href":"https:\/\/windowshopline.com\/en\/wp-json\/wp\/v2\/product"}],"about":[{"href":"https:\/\/windowshopline.com\/en\/wp-json\/wp\/v2\/types\/product"}],"replies":[{"embeddable":true,"href":"https:\/\/windowshopline.com\/en\/wp-json\/wp\/v2\/comments?post=9826"}],"wp:featuredmedia":[{"embeddable":true,"href":"https:\/\/windowshopline.com\/en\/wp-json\/wp\/v2\/media\/9827"}],"wp:attachment":[{"href":"https:\/\/windowshopline.com\/en\/wp-json\/wp\/v2\/media?parent=9826"}],"wp:term":[{"taxonomy":"product_cat","embeddable":true,"href":"https:\/\/windowshopline.com\/en\/wp-json\/wp\/v2\/product_cat?post=9826"},{"taxonomy":"product_tag","embeddable":true,"href":"https:\/\/windowshopline.com\/en\/wp-json\/wp\/v2\/product_tag?post=9826"}],"curies":[{"name":"wp","href":"https:\/\/api.w.org\/{rel}","templated":true}]}}