{"id":9843,"date":"2023-05-15T08:39:55","date_gmt":"2023-05-15T08:39:55","guid":{"rendered":"https:\/\/windowshopline.com\/?post_type=product&#038;p=9843"},"modified":"2023-12-16T21:54:55","modified_gmt":"2023-12-16T21:54:55","slug":"mini-support-de-bureau-pliable-reglable-pour-telephone-tablette-vert","status":"publish","type":"product","link":"https:\/\/windowshopline.com\/en\/shop\/mini-support-de-bureau-pliable-reglable-pour-telephone-tablette-vert\/","title":{"rendered":"Mini Support De Bureau  Pliable-R\u00e9glable Pour T\u00e9l\u00e9phone &#038; Tablette Vert"},"content":{"rendered":"<p>100% nouvelle qualit\u00e9 Fabriqu\u00e9 en alliage d&#8217;aluminium de haute qualit\u00e9 + Plastique ABS, s\u00fbr, durable, lisse, \u00e9cologique Durable et pratique Simple et l\u00e9ger, Design minimaliste, apparence \u00e9l\u00e9gante Vous pouvez ajuster le support \u00e0 un Angle de vision appropri\u00e9 de 0 \u00e0 35 degr\u00e9s selon l&#8217;inclinaison r\u00e9glable Angle Le coussin en silicone sur le fond de Le support emp\u00eache tout glissement Support Stable de tablette PC et Support m\u00e9tallique en aluminium, il est assez grand pour accueillir divers t\u00e9l\u00e9phones portables Vous pouvez toujours acc\u00e9der enti\u00e8rement au Port de chargement sur l&#8217;appareil en position debout, et vous pouvez jouer \u00e0 des jeux ou regarder Films pendant la charge Le support de t\u00e9l\u00e9phone de bureau est simple Et compact, facile \u00e0 installer Fonctionne parfaitement avec votre t\u00e9l\u00e9phone Et tablette pour garder votre bureau organis\u00e9 Le support pour t\u00e9l\u00e9phone portable et tablette est En effet un excellent accessoire de bureau pour votre bureau et votre maison.<\/p>\n<p>&nbsp;<\/p>","protected":false},"excerpt":{"rendered":"<p>&#8211; Mat\u00e9riau : ABS, PC, alliage d&#8217;aluminium<br \/>\n&#8211; Taille : 12 * 7,2 * 18 cm<br \/>\n&#8211; Hauteur maximale du support : 180 mm (+\/- 10 mm)<br \/>\nAngle d&#8217;appui : 0-150 degr\u00e9s<br \/>\nAngle de p\u00f4le\u00a0: 0-90\u00a0degr\u00e9s<br \/>\n&#8211; Mod\u00e8le : Z1<br \/>\n&#8211; Taille (L x l x H cm) : 12 * 7,2 * 18 cm<br \/>\nPoids (kg) : 200<br \/>\n&#8211; La couleur verte<\/p>","protected":false},"featured_media":9844,"comment_status":"open","ping_status":"closed","template":"","meta":{"_joinchat":[]},"product_cat":[79,42],"product_tag":[],"class_list":{"0":"post-9843","1":"product","2":"type-product","3":"status-publish","4":"has-post-thumbnail","6":"product_cat-supports-de-bureau","7":"product_cat-phone-accessories","9":"first","10":"instock","11":"sale","12":"shipping-taxable","13":"purchasable","14":"product-type-simple"},"_links":{"self":[{"href":"https:\/\/windowshopline.com\/en\/wp-json\/wp\/v2\/product\/9843","targetHints":{"allow":["GET"]}}],"collection":[{"href":"https:\/\/windowshopline.com\/en\/wp-json\/wp\/v2\/product"}],"about":[{"href":"https:\/\/windowshopline.com\/en\/wp-json\/wp\/v2\/types\/product"}],"replies":[{"embeddable":true,"href":"https:\/\/windowshopline.com\/en\/wp-json\/wp\/v2\/comments?post=9843"}],"wp:featuredmedia":[{"embeddable":true,"href":"https:\/\/windowshopline.com\/en\/wp-json\/wp\/v2\/media\/9844"}],"wp:attachment":[{"href":"https:\/\/windowshopline.com\/en\/wp-json\/wp\/v2\/media?parent=9843"}],"wp:term":[{"taxonomy":"product_cat","embeddable":true,"href":"https:\/\/windowshopline.com\/en\/wp-json\/wp\/v2\/product_cat?post=9843"},{"taxonomy":"product_tag","embeddable":true,"href":"https:\/\/windowshopline.com\/en\/wp-json\/wp\/v2\/product_tag?post=9843"}],"curies":[{"name":"wp","href":"https:\/\/api.w.org\/{rel}","templated":true}]}}