{"id":9884,"date":"2023-05-15T09:36:38","date_gmt":"2023-05-15T09:36:38","guid":{"rendered":"https:\/\/windowshopline.com\/?post_type=product&#038;p=9884"},"modified":"2023-12-16T21:54:21","modified_gmt":"2023-12-16T21:54:21","slug":"support-telephone-de-bureau-pliant-reglable-noir","status":"publish","type":"product","link":"https:\/\/windowshopline.com\/en\/shop\/support-telephone-de-bureau-pliant-reglable-noir\/","title":{"rendered":"Support T\u00e9l\u00e9phone de bureau pliant r\u00e9glable- Noir"},"content":{"rendered":"<p>fabriqu\u00e9 en ABS de haute qualit\u00e9, qui est imperm\u00e9able, r\u00e9sistant \u00e0 l&#8217;usure, respectueux de l&#8217;environnement, durable, s\u00fbr, non toxique et durable. Peut \u00eatre r\u00e9gl\u00e9 par de multiples angles (la tige de support peut \u00eatre r\u00e9gl\u00e9e de 90 \u00b0 et la fin de support peut \u00eatre r\u00e9gl\u00e9e de 45 \u00b0 Ce support de t\u00e9l\u00e9phone a une bonne stabilit\u00e9 et r\u00e9sistance au glissement, qui peut fixer le t\u00e9l\u00e9phone tr\u00e8s bien, et il ne provoquera pas endommager votre t\u00e9l\u00e9phone et ne laisse aucune trace lorsqu&#8217;il est retir\u00e9. Le support de t\u00e9l\u00e9phone est petit et l\u00e9ger, ce qui est tr\u00e8s facile \u00e0 transporter, il peut \u00eatre mis dans vos sacs et n&#8217;occupera pas trop de place, de sorte que vous puissiez l&#8217;utiliser \u00e0 tout moment et nulle part.<\/p>","protected":false},"excerpt":{"rendered":"<p>&#8211; Support de bureau compact et portable pour smartphones ou tablettes<br \/>\n&#8211; Bras r\u00e9glable en forme d&#8217;arc et support de gravit\u00e9 pour une grande stabilit\u00e9<br \/>\nSolution parfaite pour la visualisation multim\u00e9dia mains libres sur votre appareil<br \/>\n&#8211; Le coussin en silicone prot\u00e8ge votre appareil des rayures et des glissades<br \/>\n&#8211; Se replie dans une taille compacte pour tenir dans une poche ou un sac \u00e0 main<br \/>\n&#8211; Ce support de bureau est compatible avec les appareils d&#8217;un diam\u00e8tre maximum de 12,9 pouces 1. R\u00e9glage sans angle multi-angle<br \/>\n2. Pliable et facile \u00e0 transporter<br \/>\n3. Conception d&#8217;\u00e9vitement de ligne, chassant le drame sans entraver la traduction<br \/>\n4. Support inf\u00e9rieur par gravit\u00e9, r\u00e9tractable librement<br \/>\nType de produit : Support de t\u00e9l\u00e9phone pour tablette<br \/>\nSc\u00e9narios applicables\u00a0: \u00e9tude de classe en ligne, conf\u00e9rence de travail, drame vid\u00e9o, diffusion en direct<\/p>","protected":false},"featured_media":9885,"comment_status":"open","ping_status":"closed","template":"","meta":{"_joinchat":[]},"product_cat":[79,42],"product_tag":[],"class_list":{"0":"post-9884","1":"product","2":"type-product","3":"status-publish","4":"has-post-thumbnail","6":"product_cat-supports-de-bureau","7":"product_cat-phone-accessories","9":"first","10":"instock","11":"sale","12":"shipping-taxable","13":"purchasable","14":"product-type-simple"},"_links":{"self":[{"href":"https:\/\/windowshopline.com\/en\/wp-json\/wp\/v2\/product\/9884","targetHints":{"allow":["GET"]}}],"collection":[{"href":"https:\/\/windowshopline.com\/en\/wp-json\/wp\/v2\/product"}],"about":[{"href":"https:\/\/windowshopline.com\/en\/wp-json\/wp\/v2\/types\/product"}],"replies":[{"embeddable":true,"href":"https:\/\/windowshopline.com\/en\/wp-json\/wp\/v2\/comments?post=9884"}],"wp:featuredmedia":[{"embeddable":true,"href":"https:\/\/windowshopline.com\/en\/wp-json\/wp\/v2\/media\/9885"}],"wp:attachment":[{"href":"https:\/\/windowshopline.com\/en\/wp-json\/wp\/v2\/media?parent=9884"}],"wp:term":[{"taxonomy":"product_cat","embeddable":true,"href":"https:\/\/windowshopline.com\/en\/wp-json\/wp\/v2\/product_cat?post=9884"},{"taxonomy":"product_tag","embeddable":true,"href":"https:\/\/windowshopline.com\/en\/wp-json\/wp\/v2\/product_tag?post=9884"}],"curies":[{"name":"wp","href":"https:\/\/api.w.org\/{rel}","templated":true}]}}