{"id":9936,"date":"2023-05-16T13:57:01","date_gmt":"2023-05-16T13:57:01","guid":{"rendered":"https:\/\/windowshopline.com\/?post_type=product&#038;p=9936"},"modified":"2023-12-16T21:51:49","modified_gmt":"2023-12-16T21:51:49","slug":"support-laptop-reglable-pliable-en-aluminium-noir","status":"publish","type":"product","link":"https:\/\/windowshopline.com\/en\/shop\/support-laptop-reglable-pliable-en-aluminium-noir\/","title":{"rendered":"Support laptop R\u00e9glable Pliable en Aluminium- Noir"},"content":{"rendered":"<p>\u25aa\ufe0fCONCEPTION ERGONOMIQUE \u00c0 8 NIVEAUX Le support r\u00e9glable pour ordinateur portable \u00e9l\u00e8ve votre ordinateur portable de 2,15&#8243; \u00e0 6&#8243; pour un niveau parfait des yeux, 6 choix de hauteur total, ce qui aide \u00e0 corriger votre posture et \u00e0 r\u00e9duire les douleurs au dos, la raideur de la nuque, les douleurs au poignet et la fatigue des yeux. Tr\u00e8s ergonomique et confortable pour lire et taper \u25aa\ufe0fPORTABLE ET INSTALLATION FACILE : Produit l\u00e9ger et solide , Petite taille, pliable, facile \u00e0 transporter n&#8217;importe o\u00f9, gain de place, il ne prend pas de place et peut glisser facilement dans le sac. \u25aa\ufe0fCOMPATIBILITE UNIVERSELLE : Le socle de l&#8217;ordinateur est compatible avec tous les ordinateurs portables jusqu&#8217;\u00e0 15,6 pouces, Soyez votre compagnon id\u00e9al \u00e0 la maison, au bureau, \u00e0 l&#8217;a\u00e9roport, au caf\u00e9 et en plein air. \u25aa\ufe0f ROBUSTE &amp; PROTECTEUR : Fabriqu\u00e9 en alliage d&#8217;aluminium premium de 4 mm, il est assez robuste et peut supporter jusqu&#8217;\u00e0 5 kg de poids sur le dessus ; Avec 4 coussinets en silicone antid\u00e9rapants sur le dessus et le dessous du support et 2 tapis en caoutchouc sur le crochet, il maintient votre ordinateur portable en place, prot\u00e8ge le portable de tout risque de glissade et de rayure.<\/p>","protected":false},"excerpt":{"rendered":"<p>\u2666\ufe0f Support pour ordinateur portable pliable en aluminium<br \/>\n\u2666 Avec un design moderne, petit, puissant, pratique, polyvalent.<br \/>\n\u2666\ufe0f Mat\u00e9riau : alliage d&#8217;aluminium<br \/>\n\u2666 Taille de stockage : 25,5 * 4 * 0,85 cm<br \/>\n\u2666\ufe0f Poids (kg) : 1<br \/>\n\u2666\ufe0f Couleur : Noir<\/p>","protected":false},"featured_media":9937,"comment_status":"open","ping_status":"closed","template":"","meta":{"_joinchat":[]},"product_cat":[83],"product_tag":[],"class_list":{"0":"post-9936","1":"product","2":"type-product","3":"status-publish","4":"has-post-thumbnail","6":"product_cat-accessoires-pc-laptop","8":"first","9":"instock","10":"sale","11":"shipping-taxable","12":"purchasable","13":"product-type-simple"},"_links":{"self":[{"href":"https:\/\/windowshopline.com\/en\/wp-json\/wp\/v2\/product\/9936","targetHints":{"allow":["GET"]}}],"collection":[{"href":"https:\/\/windowshopline.com\/en\/wp-json\/wp\/v2\/product"}],"about":[{"href":"https:\/\/windowshopline.com\/en\/wp-json\/wp\/v2\/types\/product"}],"replies":[{"embeddable":true,"href":"https:\/\/windowshopline.com\/en\/wp-json\/wp\/v2\/comments?post=9936"}],"wp:featuredmedia":[{"embeddable":true,"href":"https:\/\/windowshopline.com\/en\/wp-json\/wp\/v2\/media\/9937"}],"wp:attachment":[{"href":"https:\/\/windowshopline.com\/en\/wp-json\/wp\/v2\/media?parent=9936"}],"wp:term":[{"taxonomy":"product_cat","embeddable":true,"href":"https:\/\/windowshopline.com\/en\/wp-json\/wp\/v2\/product_cat?post=9936"},{"taxonomy":"product_tag","embeddable":true,"href":"https:\/\/windowshopline.com\/en\/wp-json\/wp\/v2\/product_tag?post=9936"}],"curies":[{"name":"wp","href":"https:\/\/api.w.org\/{rel}","templated":true}]}}