{"id":9944,"date":"2023-05-16T14:02:53","date_gmt":"2023-05-16T14:02:53","guid":{"rendered":"https:\/\/windowshopline.com\/?post_type=product&#038;p=9944"},"modified":"2023-12-16T21:51:45","modified_gmt":"2023-12-16T21:51:45","slug":"support-laptop-tablette-reglable-pliable-rose","status":"publish","type":"product","link":"https:\/\/windowshopline.com\/en\/shop\/support-laptop-tablette-reglable-pliable-rose\/","title":{"rendered":"Support Laptop Tablette R\u00e9glable Pliable  &#8211; Rose"},"content":{"rendered":"<p>de qualit\u00e9 sup\u00e9rieur avec design moderne, petit, robuste, et pratique. \u00b7 CONCEPTION ERGONOMIQUE \u00c0 8 NIVEAUX DES YEUX : Le support r\u00e9glable pour ordinateur portable \u00e9l\u00e8ve votre ordinateur portable de 2,15&#8243; \u00e0 6&#8243; pour un niveau parfait des yeux, 8 choix de hauteur total, ce qui aide \u00e0 corriger votre posture et \u00e0 r\u00e9duire les douleurs au dos, la raideur de la nuque, les douleurs au poignet et la fatigue des yeux. Tr\u00e8s ergonomique et confortable pour lire et taper \u00b7 PORTABLE ET INSTALLATION FACILE : Produit l\u00e9ger et solide , Petite taille, pliable, facile \u00e0 transporter n&#8217;importe o\u00f9, gain de place, il ne prend pas de place et peut glisser facilement dans le sac \u00b7 COMPATIBILITE UNIVERSELLE : Le socle de l&#8217;ordinateur est compatible avec tous les ordinateurs portables jusqu&#8217;\u00e0 17 pouces, tels que pour MacBook Air \/ Pro, Google Pixel, Dell XIS, HP, ASUS, Lenovo Thinkpad, Acer, tablette, iPad, etc. . Soyez votre compagnon id\u00e9al \u00e0 la maison, au bureau, \u00e0 l&#8217;a\u00e9roport, au caf\u00e9 et en plein air \u00b7 ROBUSTE &amp; PROTECTEUR : Fabriqu\u00e9 en alliage de plastique premium de 4 mm, il est assez robuste et peut supporter jusqu&#8217;\u00e0 5 kg de poids sur le dessus ; Avec 4 coussinets en silicone antid\u00e9rapants sur le dessus et le dessous du support et 2 tapis en caoutchouc sur le crochet, il maintient votre ordinateur portable en place, prot\u00e8ge le portable de tout risque de glissade et de rayure \u00b7 DISSIPATION DE CHALEUR : Le mat\u00e9riau en alliage de plastique peut absorber et \u00e9vacuer la chaleur facilement. L&#8217;angle d&#8217;inclinaison vers l&#8217;avant et la conception ouverte offrent une meilleure ventilation et plus de circulation d&#8217;air pour refroidir votre laptop pendant le fonctionnement.<\/p>","protected":false},"excerpt":{"rendered":"<p>&#8211; Mod\u00e8le : p1<br \/>\n&#8211; Poids (kg) : 0,6<br \/>\n&#8211; Couleur Rose<br \/>\n&#8211; Support pour ordinateur portable pliable r\u00e9glable en ABS et silicone<br \/>\n&#8211; Avec un design moderne, petit, puissant, pratique, polyvalent.<br \/>\n&#8211; Mati\u00e8re : alliage plastique<br \/>\n&#8211; Taille de stockage : 25,5 * 4 * 0,85 cm<br \/>\n&#8211; Poids : 200 grammes<br \/>\nNiveau r\u00e9glable : 8<br \/>\nPlage de hauteur : 6-18 cm<\/p>","protected":false},"featured_media":9945,"comment_status":"open","ping_status":"closed","template":"","meta":{"_joinchat":[]},"product_cat":[83],"product_tag":[],"class_list":{"0":"post-9944","1":"product","2":"type-product","3":"status-publish","4":"has-post-thumbnail","6":"product_cat-accessoires-pc-laptop","8":"first","9":"instock","10":"sale","11":"shipping-taxable","12":"purchasable","13":"product-type-simple"},"_links":{"self":[{"href":"https:\/\/windowshopline.com\/en\/wp-json\/wp\/v2\/product\/9944","targetHints":{"allow":["GET"]}}],"collection":[{"href":"https:\/\/windowshopline.com\/en\/wp-json\/wp\/v2\/product"}],"about":[{"href":"https:\/\/windowshopline.com\/en\/wp-json\/wp\/v2\/types\/product"}],"replies":[{"embeddable":true,"href":"https:\/\/windowshopline.com\/en\/wp-json\/wp\/v2\/comments?post=9944"}],"wp:featuredmedia":[{"embeddable":true,"href":"https:\/\/windowshopline.com\/en\/wp-json\/wp\/v2\/media\/9945"}],"wp:attachment":[{"href":"https:\/\/windowshopline.com\/en\/wp-json\/wp\/v2\/media?parent=9944"}],"wp:term":[{"taxonomy":"product_cat","embeddable":true,"href":"https:\/\/windowshopline.com\/en\/wp-json\/wp\/v2\/product_cat?post=9944"},{"taxonomy":"product_tag","embeddable":true,"href":"https:\/\/windowshopline.com\/en\/wp-json\/wp\/v2\/product_tag?post=9944"}],"curies":[{"name":"wp","href":"https:\/\/api.w.org\/{rel}","templated":true}]}}