{"id":10068,"date":"2023-05-22T09:32:17","date_gmt":"2023-05-22T09:32:17","guid":{"rendered":"https:\/\/windowshopline.com\/?post_type=product&#038;p=10068"},"modified":"2023-12-16T21:47:38","modified_gmt":"2023-12-16T21:47:38","slug":"generique-support-de-telephone-portable-de-voiture","status":"publish","type":"product","link":"https:\/\/windowshopline.com\/fr\/shop\/generique-support-de-telephone-portable-de-voiture\/","title":{"rendered":"G\u00e9n\u00e9rique Support De T\u00e9l\u00e9phone Portable De Voiture"},"content":{"rendered":"<ul class=\"a-unordered-list a-vertical a-spacing-none\">\n<li>\n<h2 class=\"hdr -upp -fs14 -m -pam\">C&#8217;EST UN TAMPON DE NANO-CAOUTCHOUC DE QUALIT\u00c9 SUP\u00c9RIEURE COMPOS\u00c9 D&#8217;AUTOCOLLANTS DE QUALIT\u00c9 DURABLE ET RESPECTUEUX DE L&#8217;ENVIRONNEMENT. DE NOUVELLES FORMULATIONS ET DE NOUVEAUX MOD\u00c8LES LES RENDENT PLUS SOLIDES, PLUS COLLANTS, ET DE MEILLEURE QUALIT\u00c9. \u00c9LASTOM\u00c8RE DURABLE SANS RUPTURE. IL EST TOTALEMENT LIBRE DE TOXICIT\u00c9, INOFFENSIF POUR LE CORPS DE LA PEAU DE VOTRE MAIN. IL PEUT COLLER N&#8217;IMPORTE O\u00d9, LORSQUE VOUS NE L&#8217;UTILISEZ PAS, IL PEUT \u00caTRE RETIR\u00c9 ET LAV<\/h2>\n<\/li>\n<li>\u2605 \u3010USE UTILISATION MULTI-R\u00d4LES\u3011 Il peut s&#8217;agir d&#8217;un support de t\u00e9l\u00e9phone portable pour voiture, mais aussi de votre t\u00e9l\u00e9phone, iPad, t\u00e9l\u00e9commande, appareil photo, haut-parleurs, tasse \u00e0 eau, cl\u00e9 USB au verre, miroirs, tableaux blancs, m\u00e9tal, armoires de cuisine ou Carrelage, voiture, maison et beaucoup plus. Il colle bien aux formes inhabituelles ou irr\u00e9guli\u00e8res ainsi qu\u2019\u00e0 l\u2019organisation des c\u00e2bles et au collage des pros aux planches \u00e0 roulettes.<\/li>\n<li>\u2605 \u3010AUCUNE TRACE APR\u00c8S LE RETRAIT \u3011Ces tampons en silicone pratiques sont compatibles avec une grande vari\u00e9t\u00e9 de surfaces et sont faciles \u00e0 monter en quelques secondes! Placez-les simplement sur du plastique, du m\u00e9tal, du verre, de la peinture, des carreaux de c\u00e9ramique, des planches, des miroirs, du marbre et vous pourrez les enlever en toute s\u00e9curit\u00e9 sans laisser de traces collantes!<\/li>\n<li>\u2605 \u3010MODE D&#8217;EMPLOI\u3011 Retirez le premier film protecteur et collez le tampon sur la surface, puis appuyez sur le gel pour renforcer la prise. Retirez ensuite le second film et placez l&#8217;objet que vous souhaitez immobiliser. La rainure du milieu permet c\u00e2ble de donn\u00e9es ou l&#8217;\u00e9couteur filaire.<\/li>\n<li>\u2605 \u3010DESIGN DE STYLE DE VIE MODERNE\u3011 Con\u00e7u pour la vie moderne. Collez-le dans le tableau de bord, le volant, le pare-brise, la table de salon, le bureau, la salle de sport ou la cuisine de votre voiture pour passer des appels mains libres, naviguer et regarder des vid\u00e9os. Organisez votre t\u00e9l\u00e9phone, vos appareils \u00e9lectroniques, vos c\u00e2bles USB et vos \u00e9couteurs. Petit coussin de silicone portable, sans r\u00e9sidus.<\/li>\n<li>UTILISATIONS MULTIPLES: Il peut s&#8217;agir d&#8217;un support de t\u00e9l\u00e9phone portable pour voiture, mais aussi de votre t\u00e9l\u00e9phone, iPad, t\u00e9l\u00e9commande, appareil photo, haut-parleurs, tasse \u00e0 eau, cl\u00e9 pour verre, miroirs, tableaux blancs, m\u00e9tal, armoires de cuisine ou carrelage, Voiture, maison et beaucoup plus. Il colle bien aux formes inhabituelles ou irr\u00e9guli\u00e8res ainsi qu\u2019\u00e0 l\u2019organisation des c\u00e2bles et au collage des pros aux planches \u00e0 roulettes.<\/li>\n<li>FACILE \u00c0 APPLIQUER: Ces coussinets en silicone pratiques sont compatibles avec une grande vari\u00e9t\u00e9 de surfaces et se montent facilement en quelques secondes! Placez-les simplement sur du plastique, du m\u00e9tal, du verre, de la peinture, des carreaux de c\u00e9ramique, des planches, des miroirs, du marbre et vous pourrez les enlever en toute s\u00e9curit\u00e9 sans laisser de traces collantes!<\/li>\n<li>MODE D&#8217;EMPLOI: Retirez le premier film de protection et collez le tampon sur la surface, puis appuyez sur le gel pour renforcer la prise. Retirez ensuite le second film et placez l&#8217;objet que vous souhaitez immobiliser. La rainure centrale permet d&#8217;enrouler le c\u00e2ble de donn\u00e9es. ou l&#8217;\u00e9couteur filaire.<\/li>\n<li>CONCEPTION DE MODE DE VIE MODERNE: Con\u00e7u pour la vie moderne. Collez-le sur le tableau de bord, le volant, le pare-brise, le bureau du salon, la table, la salle de sport ou la cuisine de votre voiture pour passer des appels mains libres, naviguer et regarder des vid\u00e9os. Organisez les t\u00e9l\u00e9phones mobiles, les gadgets \u00e9lectroniques, les c\u00e2bles USB et les \u00e9couteurs. Petit coussin de gel de silicone \u00e9l\u00e9gant, portable et sans r\u00e9sidus.<\/li>\n<li>ENVIRONNEMENT ET R\u00c9UTILISATION: C\u2019est un tampon de qualit\u00e9 Nanoruban inoffensif compos\u00e9 d\u2019autocollants de qualit\u00e9 durable et respectueux de l\u2019environnement. De nouvelles formulations et de nouveaux mod\u00e8les les rendent plus solides, plus collants, et meilleurs. \u00c9lastom\u00e8re durable sans rupture. Il est totalement libre de toxicit\u00e9, inoffensif pour le corps de la peau de votre main. Il peut coller n&#8217;importe o\u00f9, lorsque vous ne l&#8217;utilisez pas, il peut \u00eatre enlev\u00e9 et lav\u00e9, il est r\u00e9utilisable.<\/li>\n<\/ul>","protected":false},"excerpt":{"rendered":"<ul class=\"-pvs -mvxs -phm -lsn\">\n<li class=\"-pvxs\"><span class=\"-b\">Taille (Longueur x Largeur x Hauteur cm)<\/span>: 0,01*0,05*0,005<\/li>\n<li class=\"-pvxs\"><span class=\"-b\">Poids (kg)<\/span>: 0.02<\/li>\n<li class=\"-pvxs\"><span class=\"-b\">Couleur<\/span>: transparent.<\/li>\n<li class=\"-pvxs\">Mati\u00e8re Transparente<\/li>\n<li class=\"-pvxs\">Poid 20 Gramme<\/li>\n<li class=\"-pvxs\">Taille (Longueur x Largeur x Hauteur cm): 0,01*0,05*0,005<\/li>\n<li class=\"-pvxs\">Poids (kg): 0.02<\/li>\n<\/ul>","protected":false},"featured_media":10070,"comment_status":"open","ping_status":"closed","template":"","meta":{"_joinchat":[]},"product_cat":[73,42],"product_tag":[],"class_list":{"0":"post-10068","1":"product","2":"type-product","3":"status-publish","4":"has-post-thumbnail","6":"product_cat-cars-accessories","7":"product_cat-phone-accessories","9":"first","10":"instock","11":"sale","12":"shipping-taxable","13":"purchasable","14":"product-type-simple"},"_links":{"self":[{"href":"https:\/\/windowshopline.com\/fr\/wp-json\/wp\/v2\/product\/10068","targetHints":{"allow":["GET"]}}],"collection":[{"href":"https:\/\/windowshopline.com\/fr\/wp-json\/wp\/v2\/product"}],"about":[{"href":"https:\/\/windowshopline.com\/fr\/wp-json\/wp\/v2\/types\/product"}],"replies":[{"embeddable":true,"href":"https:\/\/windowshopline.com\/fr\/wp-json\/wp\/v2\/comments?post=10068"}],"wp:featuredmedia":[{"embeddable":true,"href":"https:\/\/windowshopline.com\/fr\/wp-json\/wp\/v2\/media\/10070"}],"wp:attachment":[{"href":"https:\/\/windowshopline.com\/fr\/wp-json\/wp\/v2\/media?parent=10068"}],"wp:term":[{"taxonomy":"product_cat","embeddable":true,"href":"https:\/\/windowshopline.com\/fr\/wp-json\/wp\/v2\/product_cat?post=10068"},{"taxonomy":"product_tag","embeddable":true,"href":"https:\/\/windowshopline.com\/fr\/wp-json\/wp\/v2\/product_tag?post=10068"}],"curies":[{"name":"wp","href":"https:\/\/api.w.org\/{rel}","templated":true}]}}