{"id":10519,"date":"2024-08-30T14:27:08","date_gmt":"2024-08-30T14:27:08","guid":{"rendered":"https:\/\/windowshopline.com\/?post_type=product&#038;p=10519"},"modified":"2024-08-30T14:27:09","modified_gmt":"2024-08-30T14:27:09","slug":"laptop-stand-creative-folding-storage-bracket-blanc","status":"publish","type":"product","link":"https:\/\/windowshopline.com\/fr\/shop\/laptop-stand-creative-folding-storage-bracket-blanc\/","title":{"rendered":"Laptop Stand Creative Folding Storage Bracket Blanc"},"content":{"rendered":"<p>1.\u00a0<b>Multi-ajustement\u00a0<\/b>: ajustez le r\u00e9glage, ce qui vous permet d&#8217;ajuster le fonctionnement du syst\u00e8me d&#8217;exploitation et d&#8217;ajuster le r\u00e9glage si n\u00e9cessaire.2.\u00a0<b>Utilisez le port\u00a0<\/b>: concevez votre port portable de mani\u00e8re cr\u00e9ative ou prenez en charge l&#8217;ordinateur portable sur lequel il est connect\u00e9 au port armazenamento, qui comprend \u00e9galement le clavier et le dispositif de transport. Nous pouvons utiliser la maison ou la salle de bain, viagen ou boussole.3.\u00a0<b>Ensuite<\/b>\u00a0: nous prenons en charge le ligament en aluminium le plus avanc\u00e9, et la valeur calorique lata de l&#8217;interface inf\u00e9rieure est disponible pour que le protecteur ou le port fasse mieux que le mat\u00e9riel et le traitement.4.\u00a0<b>Compatibilit\u00e9\u00a0<\/b>: Station du portable et ad\u00e9quate pour l&#8217;amour despositifs de 10 \u00e0 17 pas. Conception ergonomique, facile \u00e0 assister et tipo, reduzir ou pesco\u00e7o, ombro et dans le monde entier.5.\u00a0<b>Con\u00e7u triangulaire<\/b>\u00a0: Cette conception triangulaire assure un produit stabilis\u00e9 et robuste, ou convient pour soutenir d&#8217;autres.<br \/>\n<b>Description<\/b>\u00a0:Au fur et \u00e0 mesure de son utilisation, le manteau anti-derrapants soutient et prot\u00e8ge le qualificatif superfin qu&#8217;il contient. N&#8217;utilisez pas les fichiers n\u00e9cessaires aussi longtemps que vous le souhaitez, \u00e9crivez et lisez.<\/p>","protected":false},"excerpt":{"rendered":"<ul>\n<li><b>Support pour ordinateur portable<\/b><\/li>\n<li><b>Angle de confort<\/b><\/li>\n<li><b>Rangement pliable<\/b><\/li>\n<li><b>7 positions diff\u00e9rentes \u00e0 choisir<\/b><\/li>\n<li><b>Mat\u00e9riau : plastique et alliage d&#8217;aluminium.<\/b><\/li>\n<li><b>Peut supporter un poids de 15 \u00e0 20 kg<\/b><\/li>\n<li><b>Compatible avec les ordinateurs portables de toutes tailles, les ordinateurs portables et les tablettes de 10 \u00e0 17 pouces<\/b><\/li>\n<li>\n<section class=\"card aim -mtm -fs16\">\n<div class=\"row -pas\">\n<article class=\"col8 -pvs\">\n<div class=\"card-b -fh\"><\/div>\n<\/article>\n<\/div>\n<\/section>\n<div class=\"reco _res -mtm\" data-list=\"viewtogether\" data-plc=\"s\" data-page-type=\"pdp\" data-sku=\"SA050EA0ORXYCNAFAMZ\" data-strategy=\"viewed-together\">\n<div class=\"reco-w\" data-reco-type=\"personalized\">\n<section class=\"card -oh _fw -rad4\">\n<header class=\"row _no-g -fw-nw -j-bet -i-ctr -phm -mh-48px\">\n<div class=\"cola -df -i-ctr -oh\">\n<section class=\"card aim -mtm -fs16\">\n<div class=\"row -pas\">\n<article class=\"col8 -pvs\">\n<div class=\"card-b -fh\">\n<ul class=\"-pvs -mvxs -phm -lsn\">\n<li class=\"-pvxs\"><strong><span class=\"-b\">Taille (Longueur x Largeur x Hauteur cm)<\/span>: 16,5 x 24 x 14,5<\/strong><\/li>\n<li class=\"-pvxs\"><strong><span class=\"-b\">Poids (kg)<\/span>: 0.1<\/strong><\/li>\n<li class=\"-pvxs\"><strong><span class=\"-b\">Couleur<\/span>: Blanc<\/strong><\/li>\n<li class=\"-pvxs\"><strong><span class=\"-b\">Mat\u00e9riau principal<\/span>: Plastique +alliage d&#8217;aluminium<\/strong><\/li>\n<\/ul>\n<\/div>\n<\/article>\n<\/div>\n<\/section>\n<div class=\"reco _res -mtm\" data-list=\"viewtogether\" data-plc=\"s\" data-page-type=\"pdp\" data-sku=\"SA050EA0ORXYCNAFAMZ\" data-strategy=\"viewed-together\">\n<div class=\"reco-w\" data-reco-type=\"personalized\">\n<section class=\"card -oh _fw -rad4\">\n<header class=\"row _no-g -fw-nw -j-bet -i-ctr -phm -mh-48px\">\n<div class=\"cola -df -i-ctr -oh\"><\/div>\n<\/header>\n<\/section>\n<\/div>\n<\/div>\n<\/div>\n<\/header>\n<\/section>\n<\/div>\n<\/div>\n<\/li>\n<\/ul>","protected":false},"featured_media":10524,"comment_status":"open","ping_status":"closed","template":"","meta":{"_joinchat":[]},"product_cat":[83],"product_tag":[],"class_list":{"0":"post-10519","1":"product","2":"type-product","3":"status-publish","4":"has-post-thumbnail","6":"product_cat-accessoires-pc-laptop","8":"first","9":"instock","10":"shipping-taxable","11":"purchasable","12":"product-type-simple"},"_links":{"self":[{"href":"https:\/\/windowshopline.com\/fr\/wp-json\/wp\/v2\/product\/10519","targetHints":{"allow":["GET"]}}],"collection":[{"href":"https:\/\/windowshopline.com\/fr\/wp-json\/wp\/v2\/product"}],"about":[{"href":"https:\/\/windowshopline.com\/fr\/wp-json\/wp\/v2\/types\/product"}],"replies":[{"embeddable":true,"href":"https:\/\/windowshopline.com\/fr\/wp-json\/wp\/v2\/comments?post=10519"}],"wp:featuredmedia":[{"embeddable":true,"href":"https:\/\/windowshopline.com\/fr\/wp-json\/wp\/v2\/media\/10524"}],"wp:attachment":[{"href":"https:\/\/windowshopline.com\/fr\/wp-json\/wp\/v2\/media?parent=10519"}],"wp:term":[{"taxonomy":"product_cat","embeddable":true,"href":"https:\/\/windowshopline.com\/fr\/wp-json\/wp\/v2\/product_cat?post=10519"},{"taxonomy":"product_tag","embeddable":true,"href":"https:\/\/windowshopline.com\/fr\/wp-json\/wp\/v2\/product_tag?post=10519"}],"curies":[{"name":"wp","href":"https:\/\/api.w.org\/{rel}","templated":true}]}}