{"id":10528,"date":"2024-08-30T14:34:48","date_gmt":"2024-08-30T14:34:48","guid":{"rendered":"https:\/\/windowshopline.com\/?post_type=product&#038;p=10528"},"modified":"2024-08-30T14:34:48","modified_gmt":"2024-08-30T14:34:48","slug":"support-de-tablette-portable-daluminium-support-pliable-et-flexible-reglable","status":"publish","type":"product","link":"https:\/\/windowshopline.com\/fr\/shop\/support-de-tablette-portable-daluminium-support-pliable-et-flexible-reglable\/","title":{"rendered":"Support de tablette Portable d&#8217;aluminium support pliable et Flexible r\u00e9glable"},"content":{"rendered":"<p><b>\u3010Angle r\u00e9glable\u3011<\/b>\u00a0&#8211; Notre support offre de nombreux sites de pointage r\u00e9glables, ajustez la hauteur \u00e0 votre niveau de confort, afin que vous puissiez ressentir un certain soulagement des douleurs au dos\/\u00e9paules\/cou\/bras caus\u00e9es par des postures inappropri\u00e9es.\u00a0Compatibilit\u00e9 : les appareils tels que l&#8217;iPhone, Samsung, Huawei et d&#8217;autres t\u00e9l\u00e9phones portables peuvent \u00e9galement servir de support de t\u00e9l\u00e9phone .\u00a0<b>\u3010Mat\u00e9riel\u3011<\/b>\u00a0&#8211; Ce support de t\u00e9l\u00e9phone est en alliage d&#8217;aluminium, robuste. L&#8217;acrylique non collant de haute qualit\u00e9 permet un nettoyage facile.\u00a0\u3010Antid\u00e9rapant et dissipation de la chaleur\u3011 &#8211; Le coussinet en caoutchouc antid\u00e9rapant sur le support du t\u00e9l\u00e9phone peut les emp\u00eacher de glisser et les aider \u00e0 rester immobiles. En prenant en charge le t\u00e9l\u00e9phone, la dissipation de la chaleur s&#8217;acc\u00e9l\u00e9rera, bien mieux et plus rapidement qu&#8217;aucun support de t\u00e9l\u00e9phone.\u00a0<b>\u3010Pliable et l\u00e9ger\u3011<\/b>\u00a0Pesant 200 g (0,45 livre), veuillez nous faire savoir si vous rencontrez un probl\u00e8me li\u00e9 au produit, nous serons plus qu&#8217;heureux de r\u00e9soudre tout probl\u00e8me pour vous.<\/p>","protected":false},"excerpt":{"rendered":"<ul>\n<li>Taille du produit : comme le montre l\u2019image<\/li>\n<li>Type : support de tablette<\/li>\n<li>Couleur : argent<\/li>\n<li>Mat\u00e9riau : alliage d\u2019aluminium<\/li>\n<li>Application\u00a0: Kindle\/tablette<\/li>\n<li>Petit et portable, pliable en un clic<\/li>\n<li>Support iPad Support de tablette Support\u00a0d&#8217;angle r\u00e9glable pliable Mou<\/li>\n<li>Support de bureau support iPad en alliage\u00a0d&#8217;aluminium<\/li>\n<li>Support de support de tablette de bureau\u00a0pliable portable<\/li>\n<li>Support pliable Support de montage r\u00e9glable<\/li>\n<\/ul>","protected":false},"featured_media":10530,"comment_status":"open","ping_status":"closed","template":"","meta":{"_joinchat":[]},"product_cat":[83],"product_tag":[],"class_list":{"0":"post-10528","1":"product","2":"type-product","3":"status-publish","4":"has-post-thumbnail","6":"product_cat-accessoires-pc-laptop","8":"first","9":"instock","10":"shipping-taxable","11":"purchasable","12":"product-type-simple"},"_links":{"self":[{"href":"https:\/\/windowshopline.com\/fr\/wp-json\/wp\/v2\/product\/10528","targetHints":{"allow":["GET"]}}],"collection":[{"href":"https:\/\/windowshopline.com\/fr\/wp-json\/wp\/v2\/product"}],"about":[{"href":"https:\/\/windowshopline.com\/fr\/wp-json\/wp\/v2\/types\/product"}],"replies":[{"embeddable":true,"href":"https:\/\/windowshopline.com\/fr\/wp-json\/wp\/v2\/comments?post=10528"}],"wp:featuredmedia":[{"embeddable":true,"href":"https:\/\/windowshopline.com\/fr\/wp-json\/wp\/v2\/media\/10530"}],"wp:attachment":[{"href":"https:\/\/windowshopline.com\/fr\/wp-json\/wp\/v2\/media?parent=10528"}],"wp:term":[{"taxonomy":"product_cat","embeddable":true,"href":"https:\/\/windowshopline.com\/fr\/wp-json\/wp\/v2\/product_cat?post=10528"},{"taxonomy":"product_tag","embeddable":true,"href":"https:\/\/windowshopline.com\/fr\/wp-json\/wp\/v2\/product_tag?post=10528"}],"curies":[{"name":"wp","href":"https:\/\/api.w.org\/{rel}","templated":true}]}}