{"id":10533,"date":"2024-08-30T14:39:51","date_gmt":"2024-08-30T14:39:51","guid":{"rendered":"https:\/\/windowshopline.com\/?post_type=product&#038;p=10533"},"modified":"2024-08-30T14:39:51","modified_gmt":"2024-08-30T14:39:51","slug":"support-reglable-pour-ordinateur-portable-f28-blanc","status":"publish","type":"product","link":"https:\/\/windowshopline.com\/fr\/shop\/support-reglable-pour-ordinateur-portable-f28-blanc\/","title":{"rendered":"Support r\u00e9glable pour ordinateur portable F28-Blanc"},"content":{"rendered":"<ul>\n<li>R\u00e9glable\u00a0\u2013 Huit hauteurs peuvent \u00eatre ajust\u00e9es librement de 5,5 pouces \u00e0 7,0 pouces.\u00a0Vous pouvez redresser votre taille et soulager la fatigue cervicale et cervicale, vous sentir \u00e0 l&#8217;aise pour travailler.<\/li>\n<\/ul>\n<ul>\n<li>\u00a0Durable\u00a0\u2013 Fabriqu\u00e9 en ABS l\u00e9ger avec des coussinets de surface en caoutchouc antid\u00e9rapants pour maintenir l&#8217;ordinateur portable en place, solide et fiable, ne se d\u00e9colore pas facilement.\u00a0Compatible avec tous les ordinateurs portables de 10 \u00e0 15,6 pouces<\/li>\n<\/ul>\n<ul>\n<li>Portable\u00a0\u2013 Pliable et facile \u00e0 placer.\u00a0Pratique \u00e0 transporter et \u00e0 utiliser \u00e0 la maison, au bureau ou ailleurs.<\/li>\n<\/ul>\n<ul>\n<li>Rotatif \u00e0 360\u00b0\u00a0\u2013 La conception inf\u00e9rieure dispose d&#8217;un plateau tournant, facile \u00e0 faire pivoter l&#8217;ordinateur et \u00e0 le partager avec d&#8217;autres.\u00a0Le support de t\u00e9l\u00e9phone portable est con\u00e7u sur le c\u00f4t\u00e9, facile \u00e0 placer et \u00e0 visualiser.<\/li>\n<li>Assurez-vous d&#8217;avoir compris les t\u00e2ches et les t\u00e2ches \u00e0 effectuer.<\/li>\n<li>Il s&#8217;agit d&#8217;obtenir des performances optimales, ainsi que de geller les douleurs.<\/li>\n<\/ul>","protected":false},"excerpt":{"rendered":"<ul>\n<li>support pour ordinateur portable F28<\/li>\n<li>Il est tr\u00e8s simple \u00e0 utiliser gr\u00e2ce \u00e0 sa fonction pliable et r\u00e9glable.<\/li>\n<li>Hauteur maximale de 13 cm, r\u00e9glable et fixe sur 8 niveaux.<\/li>\n<li>22 cm de viande ; 23 cm d&#8217;huile essentielle.<\/li>\n<li>Sa fonction creuse assure la dissipation de la chaleur et emp\u00eache votre appareil de surchauffer.<\/li>\n<li>Il est fabriqu\u00e9 en silicone antid\u00e9rapant.<\/li>\n<li>Gr\u00e2ce \u00e0 la conception du crochet en bas, votre appareil ne glissera pas et ne tombera pas.<\/li>\n<li>Support de t\u00e9l\u00e9phone de 15,5 cm de long pouvant \u00eatre fix\u00e9 ext\u00e9rieurement sur le c\u00f4t\u00e9.<\/li>\n<li>La stabilisation et la stabilisation sont possibles.<\/li>\n<li>Assurez-vous d&#8217;avoir compris les t\u00e2ches et les t\u00e2ches \u00e0 effectuer.<\/li>\n<li>Il s&#8217;agit d&#8217;obtenir des performances optimales, ainsi que de geller les douleurs.<\/li>\n<\/ul>","protected":false},"featured_media":10534,"comment_status":"open","ping_status":"closed","template":"","meta":{"_joinchat":[]},"product_cat":[83],"product_tag":[],"class_list":{"0":"post-10533","1":"product","2":"type-product","3":"status-publish","4":"has-post-thumbnail","6":"product_cat-accessoires-pc-laptop","8":"first","9":"instock","10":"shipping-taxable","11":"purchasable","12":"product-type-simple"},"_links":{"self":[{"href":"https:\/\/windowshopline.com\/fr\/wp-json\/wp\/v2\/product\/10533","targetHints":{"allow":["GET"]}}],"collection":[{"href":"https:\/\/windowshopline.com\/fr\/wp-json\/wp\/v2\/product"}],"about":[{"href":"https:\/\/windowshopline.com\/fr\/wp-json\/wp\/v2\/types\/product"}],"replies":[{"embeddable":true,"href":"https:\/\/windowshopline.com\/fr\/wp-json\/wp\/v2\/comments?post=10533"}],"wp:featuredmedia":[{"embeddable":true,"href":"https:\/\/windowshopline.com\/fr\/wp-json\/wp\/v2\/media\/10534"}],"wp:attachment":[{"href":"https:\/\/windowshopline.com\/fr\/wp-json\/wp\/v2\/media?parent=10533"}],"wp:term":[{"taxonomy":"product_cat","embeddable":true,"href":"https:\/\/windowshopline.com\/fr\/wp-json\/wp\/v2\/product_cat?post=10533"},{"taxonomy":"product_tag","embeddable":true,"href":"https:\/\/windowshopline.com\/fr\/wp-json\/wp\/v2\/product_tag?post=10533"}],"curies":[{"name":"wp","href":"https:\/\/api.w.org\/{rel}","templated":true}]}}