{"id":10725,"date":"2024-09-03T12:55:38","date_gmt":"2024-09-03T12:55:38","guid":{"rendered":"https:\/\/windowshopline.com\/?post_type=product&#038;p=10725"},"modified":"2024-09-03T12:56:18","modified_gmt":"2024-09-03T12:56:18","slug":"roushun-serum-vitamine-e-20-plus-v-e","status":"publish","type":"product","link":"https:\/\/windowshopline.com\/fr\/shop\/roushun-serum-vitamine-e-20-plus-v-e\/","title":{"rendered":"Roushun S\u00e9rum Vitamine E &#8211; 20 Plus V.E"},"content":{"rendered":"<h3>les propri\u00e9t\u00e9s anti-inflammatoires du s\u00e9rum de vitamine E sont uniques et r\u00e9duisent les vergetures, les ridules et les cicatrices. Il aide \u00e9galement en cas de dermatite, d\u2019acn\u00e9 et d\u2019ecz\u00e9ma.<\/h3>\n<h3><\/h3>\n<h3><\/h3>\n<h3>Il agit comme une solution anti-\u00e2ge naturelle en raffermissant la peau et en la maintenant humide et fra\u00eeche<\/h3>\n<h3>Apr\u00e8s l&#8217;application de l&#8217;encre, dans l&#8217;\u00e9tape de soin de la peau, \u00e9taler 2 \u00e0 3 gouttes sur la peau et tapoter doucement sur l&#8217;embout.<\/h3>\n<h3><\/h3>\n<h3><\/h3>\n<h3>M\u00e9langez une goutte d&#8217;ampoule avec l&#8217;embout d&#8217;essence. Appliquez-le avant les paquets de masque facial pour maximiser les effets .<\/h3>\n<p>&nbsp;<\/p>\n<h3>Masser doucement dans la peau pour une p\u00e9n\u00e9tration maximale. Le s\u00e9rum de vitamine E neutralise les radicaux libres et les dommages caus\u00e9s par le collag\u00e8ne.<\/h3>\n<h3><\/h3>\n<h3><\/h3>\n<h3>Il combat les rides et les ridules et aide \u00e0 cicatriser les plaies ferm\u00e9es, les cicatrices d&#8217;acn\u00e9 et les taches rouges. Le s\u00e9rum de vitamine E hydrate votre peau et maintient un \u00e9clat s<\/h3>","protected":false},"excerpt":{"rendered":"<ul>\n<li>Tout types de peau<\/li>\n<li>Cheveux,\u200e visage et corps<\/li>\n<li>Contient VITAMIN E pur<\/li>\n<li>Booster le collag\u00e8ne<\/li>\n<li>Fondu au soleil et taches de vieillesse<\/li>\n<li>Contenance : 30ML<\/li>\n<\/ul>","protected":false},"featured_media":10726,"comment_status":"open","ping_status":"closed","template":"","meta":{"_joinchat":[]},"product_cat":[75],"product_tag":[],"class_list":{"0":"post-10725","1":"product","2":"type-product","3":"status-publish","4":"has-post-thumbnail","6":"product_cat-health-and-beauty","8":"first","9":"instock","10":"sale","11":"shipping-taxable","12":"purchasable","13":"product-type-simple"},"_links":{"self":[{"href":"https:\/\/windowshopline.com\/fr\/wp-json\/wp\/v2\/product\/10725","targetHints":{"allow":["GET"]}}],"collection":[{"href":"https:\/\/windowshopline.com\/fr\/wp-json\/wp\/v2\/product"}],"about":[{"href":"https:\/\/windowshopline.com\/fr\/wp-json\/wp\/v2\/types\/product"}],"replies":[{"embeddable":true,"href":"https:\/\/windowshopline.com\/fr\/wp-json\/wp\/v2\/comments?post=10725"}],"wp:featuredmedia":[{"embeddable":true,"href":"https:\/\/windowshopline.com\/fr\/wp-json\/wp\/v2\/media\/10726"}],"wp:attachment":[{"href":"https:\/\/windowshopline.com\/fr\/wp-json\/wp\/v2\/media?parent=10725"}],"wp:term":[{"taxonomy":"product_cat","embeddable":true,"href":"https:\/\/windowshopline.com\/fr\/wp-json\/wp\/v2\/product_cat?post=10725"},{"taxonomy":"product_tag","embeddable":true,"href":"https:\/\/windowshopline.com\/fr\/wp-json\/wp\/v2\/product_tag?post=10725"}],"curies":[{"name":"wp","href":"https:\/\/api.w.org\/{rel}","templated":true}]}}