{"id":10739,"date":"2024-09-03T13:15:55","date_gmt":"2024-09-03T13:15:55","guid":{"rendered":"https:\/\/windowshopline.com\/?post_type=product&#038;p=10739"},"modified":"2024-09-03T13:15:55","modified_gmt":"2024-09-03T13:15:55","slug":"tablette-multi-couleur-lcd-8-5-pour-enfants-rouge","status":"publish","type":"product","link":"https:\/\/windowshopline.com\/fr\/shop\/tablette-multi-couleur-lcd-8-5-pour-enfants-rouge\/","title":{"rendered":"Tablette Multi-couleur LCD 8.5&#8243; Pour Enfants- Rouge"},"content":{"rendered":"<p><b>PROTECTION DES YEUX ET \u00c9COLOGIQUE<\/b> : Ce tableau d&#8217;\u00e9criture \u00e9lectronique est exempt de rayonnement \u00e9lectromagn\u00e9tique et de r\u00e9tro\u00e9clairage, ce qui aide \u00e0 prot\u00e9ger vos yeux. Le bouton d&#8217;effacement de la tablette d&#8217;\u00e9criture LCD la rend r\u00e9utilisable plus de 200 000 fois. Vous n&#8217;avez besoin de remplacer la pile bouton CR2025 que si les panneaux ne peuvent pas \u00eatre supprim\u00e9s, ce qui contribue \u00e0 prot\u00e9ger l&#8217;environnement et \u00e0 \u00e9conomiser beaucoup d&#8217;argent. (pile non incluse)Fonction de verrouillage et de suppression : cette planche \u00e0 dessin LCD a une fonction de verrouillage. Basculez simplement le bouton de verrouillage sur le c\u00f4t\u00e9 droit et le bouton d&#8217;effacement sera verrouill\u00e9 pour \u00e9viter toute suppression accidentelle, et ne vous inqui\u00e9tez plus de perdre vos bonnes id\u00e9es. Basculez le bouton de verrouillage sur le c\u00f4t\u00e9 gauche pour activer le bouton d&#8217;effacement, et vous pouvez facilement effacer le motif avec un seul bouton. Utilisations multiples et meilleur cadeau : avec la tablette d&#8217;\u00e9criture LCD, nos enfants peuvent lib\u00e9rer librement leurs instincts naturels et profiter du dessin \u00e0 tout moment et n&#8217;importe o\u00f9. Il peut \u00e9galement \u00eatre utilis\u00e9 pour prendre des notes, r\u00e9diger des listes de courses, des messages \u00e0 domicile, des utilisations au bureau, etc. Ainsi, ce tableau d&#8217;\u00e9criture peut \u00eatre un cadeau pour les enfants, les \u00e9tudiants, les enseignants, les designers, les entrepreneurs et les artistes. Portable et l\u00e9ger : la planche \u00e0 dessin mesure 21,6 cm dans un design portable et l\u00e9ger. Il peut \u00eatre facilement mis dans un sac et emport\u00e9 n&#8217;importe o\u00f9. La conception ultra l\u00e9g\u00e8re du produit le rend id\u00e9al pour la maison, le bureau et l&#8217;\u00e9cole.<\/p>\n<p>Remarque :<\/p>\n<p>1. \u00c9vitez de mouiller la tablette.<\/p>\n<p>2. N&#8217;utilisez pas d&#8217;objets pointus pour toucher la surface.<\/p>\n<p>3. \u00c9vitez l&#8217;exposition au soleil.<\/p>","protected":false},"excerpt":{"rendered":"<ul>\n<li>Portable et l\u00e9ger<\/li>\n<li>Utilisations multiples<\/li>\n<li>La planche \u00e0 dessin LCD a pour fonction de verrouiller et de supprimer<\/li>\n<li>Protection des yeux et respectueux de l&#8217;environnement<\/li>\n<li>\u00c9cran ACL pour tablette de 8,5&#8243;<\/li>\n<li>\u00c9criture Multi-couleur<\/li>\n<li>Utiliser pour la peinture ,le graffiti ,la pratique et le calcul<\/li>\n<\/ul>","protected":false},"featured_media":10742,"comment_status":"open","ping_status":"closed","template":"","meta":{"_joinchat":[]},"product_cat":[49,74,79],"product_tag":[],"class_list":{"0":"post-10739","1":"product","2":"type-product","3":"status-publish","4":"has-post-thumbnail","6":"product_cat-toys","7":"product_cat-baby-supplies","8":"product_cat-supports-de-bureau","10":"first","11":"instock","12":"sale","13":"shipping-taxable","14":"purchasable","15":"product-type-simple"},"_links":{"self":[{"href":"https:\/\/windowshopline.com\/fr\/wp-json\/wp\/v2\/product\/10739","targetHints":{"allow":["GET"]}}],"collection":[{"href":"https:\/\/windowshopline.com\/fr\/wp-json\/wp\/v2\/product"}],"about":[{"href":"https:\/\/windowshopline.com\/fr\/wp-json\/wp\/v2\/types\/product"}],"replies":[{"embeddable":true,"href":"https:\/\/windowshopline.com\/fr\/wp-json\/wp\/v2\/comments?post=10739"}],"wp:featuredmedia":[{"embeddable":true,"href":"https:\/\/windowshopline.com\/fr\/wp-json\/wp\/v2\/media\/10742"}],"wp:attachment":[{"href":"https:\/\/windowshopline.com\/fr\/wp-json\/wp\/v2\/media?parent=10739"}],"wp:term":[{"taxonomy":"product_cat","embeddable":true,"href":"https:\/\/windowshopline.com\/fr\/wp-json\/wp\/v2\/product_cat?post=10739"},{"taxonomy":"product_tag","embeddable":true,"href":"https:\/\/windowshopline.com\/fr\/wp-json\/wp\/v2\/product_tag?post=10739"}],"curies":[{"name":"wp","href":"https:\/\/api.w.org\/{rel}","templated":true}]}}