{"id":10789,"date":"2024-09-03T14:18:24","date_gmt":"2024-09-03T14:18:24","guid":{"rendered":"https:\/\/windowshopline.com\/?post_type=product&#038;p=10789"},"modified":"2024-09-03T14:18:24","modified_gmt":"2024-09-03T14:18:24","slug":"mi-sac-a-dos-10-l-jaune","status":"publish","type":"product","link":"https:\/\/windowshopline.com\/fr\/shop\/mi-sac-a-dos-10-l-jaune\/","title":{"rendered":"Mi Sac A Dos &#8211; 10 L &#8211; Jaune"},"content":{"rendered":"<p>Ce sac \u00e0 dos, a \u00e9t\u00e9 con\u00e7u pour transporter vos affaires de sport et effets personnels au quotidien.<br \/>\nBesoin d&#8217;un sac pratique et solide ? Ce sac \u00e0 dos de 10L est fait pour vous ! Compartiment principal \u00e0 grande ouverture (format A4) avec une poche avant zipp\u00e9e. Bretelles r\u00e9glables et mouss\u00e9es.<\/p>\n<p><strong>AVANTAGES<\/strong>\u00a0PRODUITS<\/p>\n<p><img decoding=\"async\" class=\"media-object\" src=\"https:\/\/dz.jumia.is\/cms\/external\/pet\/XI811SE1IWLK8NAFAMZ\/fd9453139ddbad43906126dd3970b86c.jpg\" alt=\"375abddf-e2fc-49af-b875-d08e70ac0d78.jpg\" data-src=\"https:\/\/dz.jumia.is\/cms\/external\/pet\/XI811SE1IWLK8NAFAMZ\/fd9453139ddbad43906126dd3970b86c.jpg\" \/><\/p>\n<h4 class=\"media-heading\">Compartimentage<\/h4>\n<p>Facilite le rangement gr\u00e2ce \u00e0 son grand compartiment et sa poche avant zipp\u00e9e.<\/p>\n<p><img decoding=\"async\" class=\"media-object\" src=\"https:\/\/dz.jumia.is\/cms\/external\/pet\/XI811SE1IWLK8NAFAMZ\/25699bca392e7c1eff5b909e45f8d68d.jpg\" alt=\"3a37c3d9-9a25-48f5-b55e-83b256a3dcc5.jpg\" data-src=\"https:\/\/dz.jumia.is\/cms\/external\/pet\/XI811SE1IWLK8NAFAMZ\/25699bca392e7c1eff5b909e45f8d68d.jpg\" \/><\/p>\n<h4 class=\"media-heading\">Adaptabilit\u00e9 morphologique<\/h4>\n<p>S&#8217;adapte \u00e0 votre taille gr\u00e2ce \u00e0 ses bretelles r\u00e9glables garnies de mousse.<\/p>\n<p><img decoding=\"async\" class=\"media-object\" src=\"https:\/\/dz.jumia.is\/cms\/external\/pet\/XI811SE1IWLK8NAFAMZ\/5867e464bf282b00e9b40509cb0df860.jpg\" alt=\"571d33b6-2d4d-46a7-a276-c650ae7045c9.jpg\" data-src=\"https:\/\/dz.jumia.is\/cms\/external\/pet\/XI811SE1IWLK8NAFAMZ\/5867e464bf282b00e9b40509cb0df860.jpg\" \/><\/p>\n<h4 class=\"media-heading\">D\u00e9perlance<\/h4>\n<p>Prot\u00e8ge vos affaires d&#8217;une pluie fine gr\u00e2ce au traitement d\u00e9perlant du tissu<\/p>\n<p><img decoding=\"async\" class=\"media-object\" src=\"https:\/\/dz.jumia.is\/cms\/external\/pet\/XI811SE1IWLK8NAFAMZ\/894201d36a0a4afe20f3d14407598bbc.jpg\" alt=\"421c26b5-0013-4217-bf8e-f758d7dd3e6b.jpg\" data-src=\"https:\/\/dz.jumia.is\/cms\/external\/pet\/XI811SE1IWLK8NAFAMZ\/894201d36a0a4afe20f3d14407598bbc.jpg\" \/><\/p>\n<h4 class=\"media-heading\">Solidit\u00e9<\/h4>\n<p>R\u00e9siste dans le temps gr\u00e2ce \u00e0 ses composants test\u00e9s en laboratoire (zips&#8230;).<\/p>","protected":false},"excerpt":{"rendered":"<ul>\n<li>AVANTAGES PRODUITS<\/li>\n<li>Compartimentage<\/li>\n<li>Facilite le rangement gr\u00e2ce \u00e0 son grand compartiment et sa poche avant zipp\u00e9e.<\/li>\n<li>Adaptabilit\u00e9 morphologique<\/li>\n<li>S&#8217;adapte \u00e0 votre taille gr\u00e2ce \u00e0 ses bretelles r\u00e9glables garnies de mousse.<\/li>\n<li>D\u00e9perlance<\/li>\n<li>Prot\u00e8ge vos affaires d&#8217;une pluie fine gr\u00e2ce au traitement d\u00e9perlant du tissu<\/li>\n<li>Solidit\u00e9<\/li>\n<li>R\u00e9siste dans le temps gr\u00e2ce \u00e0 ses composants test\u00e9s en laboratoire (zips&#8230;).<\/li>\n<\/ul>","protected":false},"featured_media":10790,"comment_status":"open","ping_status":"closed","template":"","meta":{"_joinchat":[]},"product_cat":[72,71],"product_tag":[],"class_list":{"0":"post-10789","1":"product","2":"type-product","3":"status-publish","4":"has-post-thumbnail","6":"product_cat-travel-vacation","7":"product_cat-clothes-fashion","9":"first","10":"instock","11":"sale","12":"shipping-taxable","13":"purchasable","14":"product-type-simple"},"_links":{"self":[{"href":"https:\/\/windowshopline.com\/fr\/wp-json\/wp\/v2\/product\/10789","targetHints":{"allow":["GET"]}}],"collection":[{"href":"https:\/\/windowshopline.com\/fr\/wp-json\/wp\/v2\/product"}],"about":[{"href":"https:\/\/windowshopline.com\/fr\/wp-json\/wp\/v2\/types\/product"}],"replies":[{"embeddable":true,"href":"https:\/\/windowshopline.com\/fr\/wp-json\/wp\/v2\/comments?post=10789"}],"wp:featuredmedia":[{"embeddable":true,"href":"https:\/\/windowshopline.com\/fr\/wp-json\/wp\/v2\/media\/10790"}],"wp:attachment":[{"href":"https:\/\/windowshopline.com\/fr\/wp-json\/wp\/v2\/media?parent=10789"}],"wp:term":[{"taxonomy":"product_cat","embeddable":true,"href":"https:\/\/windowshopline.com\/fr\/wp-json\/wp\/v2\/product_cat?post=10789"},{"taxonomy":"product_tag","embeddable":true,"href":"https:\/\/windowshopline.com\/fr\/wp-json\/wp\/v2\/product_tag?post=10789"}],"curies":[{"name":"wp","href":"https:\/\/api.w.org\/{rel}","templated":true}]}}