{"id":10850,"date":"2024-09-05T15:47:49","date_gmt":"2024-09-05T15:47:49","guid":{"rendered":"https:\/\/windowshopline.com\/?post_type=product&#038;p=10850"},"modified":"2024-09-05T15:47:49","modified_gmt":"2024-09-05T15:47:49","slug":"apple-airpods2-pro","status":"publish","type":"product","link":"https:\/\/windowshopline.com\/fr\/shop\/apple-airpods2-pro\/","title":{"rendered":"Apple AirPods2 Pro"},"content":{"rendered":"<table id=\"productDetails_techSpec_section_1\" class=\"a-keyvalue prodDetTable\" role=\"presentation\">\n<tbody>\n<tr>\n<th class=\"a-color-secondary a-size-base prodDetSectionEntry\">Nom du mod\u00e8le<\/th>\n<td class=\"a-size-base prodDetAttrValue\">\u200eAirPods Pro<\/td>\n<\/tr>\n<tr>\n<th class=\"a-color-secondary a-size-base prodDetSectionEntry\">Technologie de connectivit\u00e9<\/th>\n<td class=\"a-size-base prodDetAttrValue\">\u200eSans fil<\/td>\n<\/tr>\n<tr>\n<th class=\"a-color-secondary a-size-base prodDetSectionEntry\">Technologie de communication sans fil<\/th>\n<td class=\"a-size-base prodDetAttrValue\">\u200eBluetooth<\/td>\n<\/tr>\n<tr>\n<th class=\"a-color-secondary a-size-base prodDetSectionEntry\">Fonctionnalit\u00e9 sp\u00e9ciale<\/th>\n<td class=\"a-size-base prodDetAttrValue\">\u200eSans fil., R\u00e9sistant \u00e0 la transpiration, Annulation du bruit<\/td>\n<\/tr>\n<tr>\n<th class=\"a-color-secondary a-size-base prodDetSectionEntry\">Composants inclus<\/th>\n<td class=\"a-size-base prodDetAttrValue\">\u200eEmbouts auriculaires, Documentation :, Documentation, Embouts, \u00c9couteurs, Bo\u00eetier de charge sans fil, C\u00e2ble Lightning vers USB-C, \u00c9tui de chargement sans fil<\/td>\n<\/tr>\n<tr>\n<th class=\"a-color-secondary a-size-base prodDetSectionEntry\">Tranche d&#8217;\u00e2ge (description)<\/th>\n<td class=\"a-size-base prodDetAttrValue\">\u200eAdulte<\/td>\n<\/tr>\n<tr>\n<th class=\"a-color-secondary a-size-base prodDetSectionEntry\">Mat\u00e9riau<\/th>\n<td class=\"a-size-base prodDetAttrValue\">\u200eSilicone<\/td>\n<\/tr>\n<tr>\n<th class=\"a-color-secondary a-size-base prodDetSectionEntry\">Appareils compatibles<\/th>\n<td class=\"a-size-base prodDetAttrValue\">\u200eT\u00e9l\u00e9phones cellulaires<\/td>\n<\/tr>\n<tr>\n<th class=\"a-color-secondary a-size-base prodDetSectionEntry\">Type de contr\u00f4le<\/th>\n<td class=\"a-size-base prodDetAttrValue\">\u200eContr\u00f4le du bruit<\/td>\n<\/tr>\n<tr>\n<th class=\"a-color-secondary a-size-base prodDetSectionEntry\">Fonctionnalit\u00e9s du c\u00e2ble<\/th>\n<td class=\"a-size-base prodDetAttrValue\">\u200eSans c\u00e2ble<\/td>\n<\/tr>\n<tr>\n<th class=\"a-color-secondary a-size-base prodDetSectionEntry\">Poids de l\u2019article<\/th>\n<td class=\"a-size-base prodDetAttrValue\">\u200e1,6 Onces<\/td>\n<\/tr>\n<tr>\n<th class=\"a-color-secondary a-size-base prodDetSectionEntry\">Niveau de r\u00e9sistance \u00e0 l\u2019eau<\/th>\n<td class=\"a-size-base prodDetAttrValue\">\u200eR\u00e9sistant \u00e0 l&#8217;eau<\/td>\n<\/tr>\n<tr>\n<th class=\"a-color-secondary a-size-base prodDetSectionEntry\">Type de colis<\/th>\n<td class=\"a-size-base prodDetAttrValue\">\u200eEmballage standard<\/td>\n<\/tr>\n<tr>\n<th class=\"a-color-secondary a-size-base prodDetSectionEntry\"><\/th>\n<td class=\"a-size-base prodDetAttrValue\"><\/td>\n<\/tr>\n<tr>\n<th class=\"a-color-secondary a-size-base prodDetSectionEntry\">Lieu d\u2019affaires<\/th>\n<td class=\"a-size-base prodDetAttrValue\">\u200eCupertino, CA 95014, US<\/td>\n<\/tr>\n<tr>\n<th class=\"a-color-secondary a-size-base prodDetSectionEntry\">Mod\u00e8le<\/th>\n<td class=\"a-size-base prodDetAttrValue\">\u200eMWP22AM\/A-cr<\/td>\n<\/tr>\n<tr>\n<th class=\"a-color-secondary a-size-base prodDetSectionEntry\">Num\u00e9ro de pi\u00e8ce<\/th>\n<td class=\"a-size-base prodDetAttrValue\">\u200eMWP22AM\/A-CR<\/td>\n<\/tr>\n<tr>\n<th class=\"a-color-secondary a-size-base prodDetSectionEntry\">Caract\u00e9ristiques sp\u00e9ciales<\/th>\n<td class=\"a-size-base prodDetAttrValue\">\u200eSans fil., R\u00e9sistant \u00e0 la transpiration, Annulation du bruit<\/td>\n<\/tr>\n<tr>\n<th class=\"a-color-secondary a-size-base prodDetSectionEntry\"><\/th>\n<td class=\"a-size-base prodDetAttrValue\"><\/td>\n<\/tr>\n<tr>\n<th class=\"a-color-secondary a-size-base prodDetSectionEntry\">Facteur de forme du microphone<\/th>\n<td class=\"a-size-base prodDetAttrValue\">\u200eInt\u00e9gr\u00e9<\/td>\n<\/tr>\n<tr>\n<th class=\"a-color-secondary a-size-base prodDetSectionEntry\">Technologie de microphone<\/th>\n<td class=\"a-size-base prodDetAttrValue\">\u200eOmnidirectionnel<\/td>\n<\/tr>\n<tr>\n<th class=\"a-color-secondary a-size-base prodDetSectionEntry\">Type de source d\u2019alimentation<\/th>\n<td class=\"a-size-base prodDetAttrValue\">\u200e\u00c0 pile<\/td>\n<\/tr>\n<tr>\n<th class=\"a-color-secondary a-size-base prodDetSectionEntry\">Piles incluses<\/th>\n<td class=\"a-size-base prodDetAttrValue\">\u200eNon<\/td>\n<\/tr>\n<tr>\n<th class=\"a-color-secondary a-size-base prodDetSectionEntry\">Piles requises<\/th>\n<td class=\"a-size-base prodDetAttrValue\">\u200eNon<\/td>\n<\/tr>\n<tr>\n<th class=\"a-color-secondary a-size-base prodDetSectionEntry\">Composition des \u00e9l\u00e9ments de la batterie<\/th>\n<td class=\"a-size-base prodDetAttrValue\">\u200eLithium-ion<\/td>\n<\/tr>\n<tr>\n<th class=\"a-color-secondary a-size-base prodDetSectionEntry\">Fonctionnalit\u00e9 du c\u00e2ble<\/th>\n<td class=\"a-size-base prodDetAttrValue\">\u200eSans c\u00e2ble<\/td>\n<\/tr>\n<tr>\n<th class=\"a-color-secondary a-size-base prodDetSectionEntry\">Type de mat\u00e9riau<\/th>\n<td class=\"a-size-base prodDetAttrValue\">\u200eSilicone<\/td>\n<\/tr>\n<tr>\n<th class=\"a-color-secondary a-size-base prodDetSectionEntry\">Distance maximale de fonctionnement<\/th>\n<td class=\"a-size-base prodDetAttrValue\">\u200e60 Pieds<\/td>\n<\/tr>\n<tr>\n<th class=\"a-color-secondary a-size-base prodDetSectionEntry\">Facteur de forme<\/th>\n<td class=\"a-size-base prodDetAttrValue\">\u200eintra-auriculaires<\/td>\n<\/tr>\n<tr>\n<th class=\"a-color-secondary a-size-base prodDetSectionEntry\">Comprend une batterie rechargeable<\/th>\n<td class=\"a-size-base prodDetAttrValue\">\u200eNon<\/td>\n<\/tr>\n<tr>\n<th class=\"a-color-secondary a-size-base prodDetSectionEntry\">Fabricant<\/th>\n<td class=\"a-size-base prodDetAttrValue\">\u200eApple Computer<\/td>\n<\/tr>\n<tr>\n<th class=\"a-color-secondary a-size-base prodDetSectionEntry\">Num\u00e9ro de mod\u00e8le de l&#8217;article<\/th>\n<td class=\"a-size-base prodDetAttrValue\">\u200eMWP22AM\/A-cr<\/td>\n<\/tr>\n<tr>\n<th class=\"a-color-secondary a-size-base prodDetSectionEntry\">Dimensions du produit<\/th>\n<td class=\"a-size-base prodDetAttrValue\">\u200e5,08 x 5,08 x 3,35 cm; 45,36 grammes<\/td>\n<\/tr>\n<tr>\n<th class=\"a-color-secondary a-size-base prodDetSectionEntry\">ASIN<\/th>\n<td class=\"a-size-base prodDetAttrValue\">\u200eB0828BJGD2<\/td>\n<\/tr>\n<\/tbody>\n<\/table>","protected":false},"excerpt":{"rendered":"<ul class=\"a-unordered-list a-vertical a-spacing-mini\">\n<li class=\"a-spacing-mini\"><span class=\"a-list-item\">Suppression active du bruit pour un son immersif<\/span><\/li>\n<li class=\"a-spacing-mini\"><span class=\"a-list-item\">Mode transparent pour entendre et se connecter avec le monde qui vous entoure<\/span><\/li>\n<li class=\"a-spacing-mini\"><span class=\"a-list-item\">Trois tailles d&#8217;embouts en silicone doux et effil\u00e9s pour un ajustement personnalis\u00e9<\/span><\/li>\n<li class=\"a-spacing-mini\"><span class=\"a-list-item\">R\u00e9sistant \u00e0 la transpiration et \u00e0 l&#8217;eau<\/span><\/li>\n<li class=\"a-spacing-mini\"><span class=\"a-list-item\">L&#8217;\u00e9galiseur adaptatif accorde automatiquement la musique \u00e0 la forme de votre oreille<\/span><\/li>\n<li>\n<table class=\"a-normal a-spacing-micro\">\n<tbody>\n<tr class=\"a-spacing-small po-color\">\n<td class=\"a-span3\"><span class=\"a-size-base a-text-bold\">Couleur<\/span><\/td>\n<td class=\"a-span9\"><span class=\"a-size-base po-break-word\">BLANC<\/span><\/td>\n<\/tr>\n<tr class=\"a-spacing-small po-headphones_form_factor\">\n<td class=\"a-span3\"><span class=\"a-size-base a-text-bold\">Facteur de forme<\/span><\/td>\n<td class=\"a-span9\"><span class=\"a-size-base po-break-word\">Dans l\u2019oreille<\/span><\/td>\n<\/tr>\n<tr class=\"a-spacing-small po-noise_control\">\n<td class=\"a-span3\"><span class=\"a-size-base a-text-bold\">Contr\u00f4le du bruit<\/span><\/td>\n<td class=\"a-span9\"><span class=\"a-size-base po-break-word\">Suppression active du bruit<\/span><\/td>\n<\/tr>\n<tr class=\"a-spacing-small po-headphones_jack\">\n<td class=\"a-span3\"><span class=\"a-size-base a-text-bold\">Prise pour casques d\u2019\u00e9coute<\/span><\/td>\n<td class=\"a-span9\"><span class=\"a-size-base po-break-word\">Prise de 3,5\u00a0mm<\/span><\/td>\n<\/tr>\n<\/tbody>\n<\/table>\n<\/li>\n<\/ul>","protected":false},"featured_media":10854,"comment_status":"open","ping_status":"closed","template":"","meta":{"_joinchat":[]},"product_cat":[69,76,42],"product_tag":[],"class_list":{"0":"post-10850","1":"product","2":"type-product","3":"status-publish","4":"has-post-thumbnail","6":"product_cat-electronics","7":"product_cat-ecouteurs-casques","8":"product_cat-phone-accessories","10":"first","11":"instock","12":"shipping-taxable","13":"purchasable","14":"product-type-simple"},"_links":{"self":[{"href":"https:\/\/windowshopline.com\/fr\/wp-json\/wp\/v2\/product\/10850","targetHints":{"allow":["GET"]}}],"collection":[{"href":"https:\/\/windowshopline.com\/fr\/wp-json\/wp\/v2\/product"}],"about":[{"href":"https:\/\/windowshopline.com\/fr\/wp-json\/wp\/v2\/types\/product"}],"replies":[{"embeddable":true,"href":"https:\/\/windowshopline.com\/fr\/wp-json\/wp\/v2\/comments?post=10850"}],"wp:featuredmedia":[{"embeddable":true,"href":"https:\/\/windowshopline.com\/fr\/wp-json\/wp\/v2\/media\/10854"}],"wp:attachment":[{"href":"https:\/\/windowshopline.com\/fr\/wp-json\/wp\/v2\/media?parent=10850"}],"wp:term":[{"taxonomy":"product_cat","embeddable":true,"href":"https:\/\/windowshopline.com\/fr\/wp-json\/wp\/v2\/product_cat?post=10850"},{"taxonomy":"product_tag","embeddable":true,"href":"https:\/\/windowshopline.com\/fr\/wp-json\/wp\/v2\/product_tag?post=10850"}],"curies":[{"name":"wp","href":"https:\/\/api.w.org\/{rel}","templated":true}]}}