{"id":10858,"date":"2024-09-05T16:01:50","date_gmt":"2024-09-05T16:01:50","guid":{"rendered":"https:\/\/windowshopline.com\/?post_type=product&#038;p=10858"},"modified":"2024-09-05T16:03:30","modified_gmt":"2024-09-05T16:03:30","slug":"apple-airpods3-pro","status":"publish","type":"product","link":"https:\/\/windowshopline.com\/fr\/shop\/apple-airpods3-pro\/","title":{"rendered":"Apple AirPods3 Pro"},"content":{"rendered":"<p>Ce mod\u00e8le est un mod\u00e8le photo r\u00e9el de haute qualit\u00e9 qui am\u00e9liorera les d\u00e9tails et le r\u00e9alisme de n&#8217;importe lequel de vos projets de rendu. Le mod\u00e8le a une conception enti\u00e8rement textur\u00e9e et d\u00e9taill\u00e9e qui permet des rendus en gros plan. Il a \u00e9t\u00e9 initialement mod\u00e9lis\u00e9 dans 3ds Max 2012 et rendu avec V-Ray. La fid\u00e9lit\u00e9 est optimale jusqu&#8217;\u00e0 un rendu 4K. Les rendus n&#8217;ont pas de post-traitement. Ce mod\u00e8le est pr\u00eat \u00e0 \u00eatre anim\u00e9. Vous pouvez facilement le positionner comme vous en avez besoin ou l&#8217;animer. +++++++++++++++ Caract\u00e9ristiques : &#8211; Mod\u00e8le polygonal de haute qualit\u00e9, correctement mis \u00e0 l&#8217;\u00e9chelle pour une repr\u00e9sentation pr\u00e9cise de l&#8217;objet original. &#8211; Les r\u00e9solutions des mod\u00e8les sont optimis\u00e9es pour l&#8217;efficacit\u00e9 des polygones. (Dans 3ds Max, la fonction Meshsmooth peut \u00eatre utilis\u00e9e pour augmenter la r\u00e9solution du maillage si n\u00e9cessaire.) &#8211; Toutes les couleurs peuvent \u00eatre facilement modifi\u00e9es. &#8211; Le mod\u00e8le est enti\u00e8rement textur\u00e9 avec tous les mat\u00e9riaux appliqu\u00e9s. &#8211; Toutes les textures et mat\u00e9riaux sont inclus et cartographi\u00e9s dans tous les formats. &#8211; Les mod\u00e8les 3ds Max sont regroup\u00e9s pour faciliter la s\u00e9lection et les objets sont nomm\u00e9s logiquement pour faciliter la gestion des sc\u00e8nes. &#8211; Aucune confusion dans les noms de pi\u00e8ces lors de l&#8217;importation de plusieurs mod\u00e8les dans une sc\u00e8ne. &#8211; Aucun nettoyage n\u00e9cessaire, d\u00e9posez simplement vos mod\u00e8les dans la sc\u00e8ne et lancez le rendu. &#8211; Aucun plugin sp\u00e9cial n&#8217;est n\u00e9cessaire pour ouvrir la sc\u00e8ne. &#8211; Le mod\u00e8le n&#8217;inclut aucun arri\u00e8re-plan ni sc\u00e8ne utilis\u00e9 dans les images d&#8217;aper\u00e7u. +++++++++++++++ Formats de fichiers : &#8211; 3ds Max 2012 V-Ray ( 2.4 ) et sc\u00e8nes de mat\u00e9riaux standards &#8211; OBJ 2012 (Multi Format) &#8211; 3DS 2012 (Multi Format) &#8211; FBX 2012 ( Multi Format) &#8211; Maya 2012 avec des mat\u00e9riaux standards &#8211; Cinema 4D R12 avec des mat\u00e9riaux standards +++++++++++++++ Textures : (uniquement pour les mod\u00e8les ayant des textures) &#8211; Haute r\u00e9solution (jusqu&#8217;\u00e0 4096&#215;4096 pixels pour grandes pi\u00e8ces et 2048&#215;2048 pixels pour les petites pi\u00e8ces). +++++++++++++++ + NOTE pour les utilisateurs de Cinima 4D : ajoutez des Hyper NURBS pour chaque objet pour obtenir une subdivision ( smooth ). Et assurez-vous que le param\u00e8tre Hyper NURBS est Catmull-Clark et que Subdivide UVs est Edge pour corriger les textures et les UV. + REMARQUE : Si vous rencontrez un probl\u00e8me avec le fichier d&#8217;extraction, veuillez utiliser la derni\u00e8re version de winrar (winrar est gratuit) +++++++++++++++ Nous sommes une \u00e9quipe d&#8217;artistes 3D avec plus d&#8217;une d\u00e9cennie d&#8217;exp\u00e9rience dans le terrain. Mon \u00e9quipe a particip\u00e9 \u00e0 divers projets nous permettant de conna\u00eetre les besoins de nos clients. Chaque mod\u00e8le que nous construisons est soumis \u00e0 une \u00e9valuation de qualit\u00e9 approfondie, \u00e0 la fois visuelle et technique, pour garantir que les actifs semblent r\u00e9alistes et que les mod\u00e8les sont de la meilleure qualit\u00e9, ce que vous pouvez constater en regardant les rendus, aucun d&#8217;entre eux n&#8217;a de post-traitement. En plus de cela, tous les mod\u00e8les sont livr\u00e9s avec des UV complets et une topologie optimis\u00e9e, ce qui vous permet de modifier en un rien de temps la g\u00e9o ou les textures si n\u00e9cessaire. + Consultez \u00e9galement nos autres mod\u00e8les, cliquez simplement sur mon nom d&#8217;utilisateur pour voir la galerie compl\u00e8te.<\/p>","protected":false},"excerpt":{"rendered":"<ul>\n<li>Design compact et minimaliste<\/li>\n<li>R\u00e9duction active du bruit et Transparence adaptative<\/li>\n<li>R\u00e9sistance \u00e0 l\u2019eau et \u00e0 la transpiration<\/li>\n<li>Audio spatial personnalis\u00e9 avec suivi dynamique des mouvements de la t\u00eate<\/li>\n<li>Bo\u00eetier de charge MagSafe avec haut-parleur et encoche pour dragonne<\/li>\n<li>Jusqu\u2019\u00e0 6 h d\u2019\u00e9coute sur une seule charge<\/li>\n<li>Fonction Find My pour le bo\u00eetier de chargement<\/li>\n<li>Nouvelle fonction tactile<\/li>\n<li>Version Bluetooth\u00a0: Bluetooth v5.3<\/li>\n<li>Autonomie \u00e9coute\u00a0: 30\u00a0heures<\/li>\n<li>Autonomie appel\u00a0: 24\u00a0heures<\/li>\n<li>Couleur\u00a0: Blanc<\/li>\n<\/ul>\n<p>Inclus\u00a0: \u00e9couteurs Bluetooth, contr\u00f4le des appels, r\u00e9ducteur de bruit, r\u00e9glage du volume, boitier de recharge sans fil MagSafe<\/p>\n<p><i>Remarque\u00a0: ce produit est livr\u00e9 avec bo\u00eete.<\/i><\/p>","protected":false},"featured_media":10863,"comment_status":"open","ping_status":"closed","template":"","meta":{"_joinchat":[]},"product_cat":[69,76,42],"product_tag":[],"class_list":{"0":"post-10858","1":"product","2":"type-product","3":"status-publish","4":"has-post-thumbnail","6":"product_cat-electronics","7":"product_cat-ecouteurs-casques","8":"product_cat-phone-accessories","10":"first","11":"instock","12":"shipping-taxable","13":"purchasable","14":"product-type-simple"},"_links":{"self":[{"href":"https:\/\/windowshopline.com\/fr\/wp-json\/wp\/v2\/product\/10858","targetHints":{"allow":["GET"]}}],"collection":[{"href":"https:\/\/windowshopline.com\/fr\/wp-json\/wp\/v2\/product"}],"about":[{"href":"https:\/\/windowshopline.com\/fr\/wp-json\/wp\/v2\/types\/product"}],"replies":[{"embeddable":true,"href":"https:\/\/windowshopline.com\/fr\/wp-json\/wp\/v2\/comments?post=10858"}],"wp:featuredmedia":[{"embeddable":true,"href":"https:\/\/windowshopline.com\/fr\/wp-json\/wp\/v2\/media\/10863"}],"wp:attachment":[{"href":"https:\/\/windowshopline.com\/fr\/wp-json\/wp\/v2\/media?parent=10858"}],"wp:term":[{"taxonomy":"product_cat","embeddable":true,"href":"https:\/\/windowshopline.com\/fr\/wp-json\/wp\/v2\/product_cat?post=10858"},{"taxonomy":"product_tag","embeddable":true,"href":"https:\/\/windowshopline.com\/fr\/wp-json\/wp\/v2\/product_tag?post=10858"}],"curies":[{"name":"wp","href":"https:\/\/api.w.org\/{rel}","templated":true}]}}