{"id":10871,"date":"2024-09-05T16:39:50","date_gmt":"2024-09-05T16:39:50","guid":{"rendered":"https:\/\/windowshopline.com\/?post_type=product&#038;p=10871"},"modified":"2024-09-05T16:41:10","modified_gmt":"2024-09-05T16:41:10","slug":"x16pro-tws-veritable-sans-fil-bluetooth-5-3-jaune","status":"publish","type":"product","link":"https:\/\/windowshopline.com\/fr\/shop\/x16pro-tws-veritable-sans-fil-bluetooth-5-3-jaune\/","title":{"rendered":"X16pro-TWS- v\u00e9ritable sans fil Bluetooth 5.3 Jaune"},"content":{"rendered":"<p>Version Bluetooth : 5.3Taille du haut-parleur : unit\u00e9 \u00e0 bobine mobile de 10 mm R\u00e9ponse en fr\u00e9quence : 20Hz~20kHzSensibilit\u00e9 : 105 dB Imp\u00e9dance : 16\u03a9Type de batterie du casque : batterie lithium-ion polym\u00e8re (33 mAh \/ 3,7 V)Temps de charge du casque : moins d&#8217;une heure<br \/>\nType de batterie du compartiment de charge : batterie lithium-ion polym\u00e8re (300 mAh \/ 3,7 V)Temps de charge du compartiment de charge : dans les 2 heures Temps d&#8217;appel : environ 6 heures Temps de jeu : environ 6 heures Autonomie en veille : 150 heures Processus de travail :Double d\u00e9codage double mode Le mode jeu\/musique peut \u00eatre commut\u00e9 \u00e0 volont\u00e9, vous permettant de profiter d&#8217;une meilleure exp\u00e9rience sur site<\/p>","protected":false},"excerpt":{"rendered":"<ul>\n<li>Mod\u00e8le: X16PRO<\/li>\n<li>Taille (Longueur x Largeur x Hauteur cm): 10.00 \u00d7 8.00 \u00d7 4.00 Cm<\/li>\n<li>Poids (kg): 0.1<\/li>\n<li>Couleur: Jaune<\/li>\n<li>Mat\u00e9riau principal: plastique<\/li>\n<li>Version Bluetooth\u00a0: 5.3<\/li>\n<li>Taille du haut-parleur\u00a0: unit\u00e9 \u00e0 bobine mobile de 10 mm<\/li>\n<li>R\u00e9ponse en fr\u00e9quence\u00a0: 20Hz~20kHz<\/li>\n<li>Sensibilit\u00e9\u00a0: 105dB<\/li>\n<li>luminance\u00a0: 16\u03a9<\/li>\n<li>Type de batterie du casque\u00a0: batterie lithium-ion polym\u00e8re (33 mah\/3,7 V)<\/li>\n<li>Temps de charge du casque\u00a0: moins de 1 heure<\/li>\n<li>Type de batterie du compartiment de charge\u00a0: batterie lithium-ion polym\u00e8re (300 mah\/3,7 V)<\/li>\n<li>Temps de charge du compartiment de charge\u00a0: moins de 2 heures<\/li>\n<li>Temps d&#8217;appel\u00a0: Environ 6 heures<\/li>\n<li>Temps de jeu\u00a0: Environ 6 heures<\/li>\n<li>Autonomie en veille\u00a0: 150h<\/li>\n<li>Fonctionnement de la fonction :<\/li>\n<li>D\u00e9codage double mode double<\/li>\n<li>Le mode jeu\/musique peut \u00eatre commut\u00e9 \u00e0 volont\u00e9, vous permettant d&#8217;avoir une meilleure exp\u00e9rience sur place<\/li>\n<\/ul>","protected":false},"featured_media":10873,"comment_status":"open","ping_status":"closed","template":"","meta":{"_joinchat":[]},"product_cat":[69,76,42],"product_tag":[],"class_list":{"0":"post-10871","1":"product","2":"type-product","3":"status-publish","4":"has-post-thumbnail","6":"product_cat-electronics","7":"product_cat-ecouteurs-casques","8":"product_cat-phone-accessories","10":"first","11":"instock","12":"sale","13":"shipping-taxable","14":"purchasable","15":"product-type-simple"},"_links":{"self":[{"href":"https:\/\/windowshopline.com\/fr\/wp-json\/wp\/v2\/product\/10871","targetHints":{"allow":["GET"]}}],"collection":[{"href":"https:\/\/windowshopline.com\/fr\/wp-json\/wp\/v2\/product"}],"about":[{"href":"https:\/\/windowshopline.com\/fr\/wp-json\/wp\/v2\/types\/product"}],"replies":[{"embeddable":true,"href":"https:\/\/windowshopline.com\/fr\/wp-json\/wp\/v2\/comments?post=10871"}],"wp:featuredmedia":[{"embeddable":true,"href":"https:\/\/windowshopline.com\/fr\/wp-json\/wp\/v2\/media\/10873"}],"wp:attachment":[{"href":"https:\/\/windowshopline.com\/fr\/wp-json\/wp\/v2\/media?parent=10871"}],"wp:term":[{"taxonomy":"product_cat","embeddable":true,"href":"https:\/\/windowshopline.com\/fr\/wp-json\/wp\/v2\/product_cat?post=10871"},{"taxonomy":"product_tag","embeddable":true,"href":"https:\/\/windowshopline.com\/fr\/wp-json\/wp\/v2\/product_tag?post=10871"}],"curies":[{"name":"wp","href":"https:\/\/api.w.org\/{rel}","templated":true}]}}