{"id":10917,"date":"2024-09-25T20:22:46","date_gmt":"2024-09-25T20:22:46","guid":{"rendered":"https:\/\/windowshopline.com\/?post_type=product&#038;p=10917"},"modified":"2024-09-25T20:22:47","modified_gmt":"2024-09-25T20:22:47","slug":"manette-de-jeu-mobile-pour-pubg-free-fire-k11","status":"publish","type":"product","link":"https:\/\/windowshopline.com\/fr\/shop\/manette-de-jeu-mobile-pour-pubg-free-fire-k11\/","title":{"rendered":"Manette de Jeu Mobile &#8211; Pour PUBG &#8211; Free Fire K11"},"content":{"rendered":"<p>Gamepad avec guide et boutons pour t\u00e9l\u00e9phone mobile Android et iOS.<br \/>\nC&#8217;est r\u00e9volutionnaire! Vous pouvez maintenant vous amuser sur votre portable comme vous jouez sur votre console. Avec ce contr\u00f4leur tactile pour jeu mobile, il est beaucoup plus simple de ma\u00eetriser et \u00e9liminer ses ennemis sur PUBG, Fortnite, Mobile Legends, GTA et autres jeux MOBA, FPS ou sport.<br \/>\nLe guide vous permet d&#8217;\u00eatre plus pr\u00e9cis dans votre d\u00e9placement et les g\u00e2chettes vous permettent de viser et tirer beaucoup plus rapidement. Vous aurez donc un avantage consid\u00e9rable sur les autres joueurs!<br \/>\nC&#8217;est \u00e9galement beaucoup plus ergonomique et confortable de jouer avec cette manette. La commande facile d&#8217;utilisation, il ne reste donc plus qu&#8217;\u00e0 \u00e9pater vos amis!<br \/>\n&#8211; Compatible avec tous les smartphones tactiles, tel que Apple iPhone, Samsung (Galaxy, Note, etc.), Huawei, Sony, Nokia, HTC, Wiko, etc.- Prend en charge les t\u00e9l\u00e9phones mobiles \u00e0 \u00e9cran de 5 \u00e0 6 pouces car les poign\u00e9es sont extensibles- Instructions: Allez dans les param\u00e8tres de votre jeu et mettez l&#8217;emplacement de vos boutons de d\u00e9placement\/viser\/tirer sous les pad tactiles de la manette de jeu, et c&#8217;est pr\u00eat!- Pas de branchement, application ou bluetooth n\u00e9cessaire, le pad s&#8217;accroche directement \u00e0 votre \u00e9cran de natel- Petit et l\u00e9ger, vous pouvez l?emporter partout o\u00f9 vous allez et l&#8217;utilisez \u00e0 chaque fois que vous voulez jouer<\/p>","protected":false},"excerpt":{"rendered":"<ul>\n<li>Nom: Gamepad<\/li>\n<li>Mod\u00e8le: K11<\/li>\n<li>Produits applicables: t\u00e9l\u00e9phone intelligent 4.7-6.5&#8243;<\/li>\n<li>Applicable Jeu: PUBG<\/li>\n<li>Fonction: tirer, viser, d\u00e9placer<\/li>\n<li>Taille du produit: 160*110*55mm<\/li>\n<li>Longueur d&#8217;\u00e9tirement: 0 ~ 30mm<\/li>\n<li>Mat\u00e9riau: ABS + alliage de zinc<\/li>\n<li>Couleur: Noir<\/li>\n<li>Flexibilit\u00e9, pr\u00e9cision, confort<\/li>\n<li>Facile \u00e0 contr\u00f4ler<\/li>\n<li>Compact, portable et durable<\/li>\n<li>Conception r\u00e9versible: ne pas bloquer la ligne de mire du joueur<\/li>\n<li>Le support du corps principal peut \u00eatre \u00e9tir\u00e9 de haut en bas<\/li>\n<li>Fit la plupart des t\u00e9l\u00e9phones<\/li>\n<li>La boucle arri\u00e8re se plie facilement pour devenir un support de t\u00e9l\u00e9phone .<\/li>\n<\/ul>","protected":false},"featured_media":10922,"comment_status":"open","ping_status":"closed","template":"","meta":{"_joinchat":[]},"product_cat":[80,42],"product_tag":[],"class_list":{"0":"post-10917","1":"product","2":"type-product","3":"status-publish","4":"has-post-thumbnail","6":"product_cat-manette-de-jeux","7":"product_cat-phone-accessories","9":"first","10":"instock","11":"sale","12":"shipping-taxable","13":"purchasable","14":"product-type-simple"},"_links":{"self":[{"href":"https:\/\/windowshopline.com\/fr\/wp-json\/wp\/v2\/product\/10917","targetHints":{"allow":["GET"]}}],"collection":[{"href":"https:\/\/windowshopline.com\/fr\/wp-json\/wp\/v2\/product"}],"about":[{"href":"https:\/\/windowshopline.com\/fr\/wp-json\/wp\/v2\/types\/product"}],"replies":[{"embeddable":true,"href":"https:\/\/windowshopline.com\/fr\/wp-json\/wp\/v2\/comments?post=10917"}],"wp:featuredmedia":[{"embeddable":true,"href":"https:\/\/windowshopline.com\/fr\/wp-json\/wp\/v2\/media\/10922"}],"wp:attachment":[{"href":"https:\/\/windowshopline.com\/fr\/wp-json\/wp\/v2\/media?parent=10917"}],"wp:term":[{"taxonomy":"product_cat","embeddable":true,"href":"https:\/\/windowshopline.com\/fr\/wp-json\/wp\/v2\/product_cat?post=10917"},{"taxonomy":"product_tag","embeddable":true,"href":"https:\/\/windowshopline.com\/fr\/wp-json\/wp\/v2\/product_tag?post=10917"}],"curies":[{"name":"wp","href":"https:\/\/api.w.org\/{rel}","templated":true}]}}