{"id":9547,"date":"2023-05-01T12:37:24","date_gmt":"2023-05-01T12:37:24","guid":{"rendered":"https:\/\/windowshopline.com\/?post_type=product&#038;p=9547"},"modified":"2023-12-16T22:00:04","modified_gmt":"2023-12-16T22:00:04","slug":"cervical-massage-jt-809-b","status":"publish","type":"product","link":"https:\/\/windowshopline.com\/fr\/shop\/cervical-massage-jt-809-b\/","title":{"rendered":"Cervical Massage Jt-809 B"},"content":{"rendered":"<p><b><span style=\"vertical-align: inherit;\"><span style=\"vertical-align: inherit;\">3 MODES, 9 NIVEAUX D&#8217;INTENSIT\u00c9 :<\/span><\/span><\/b><span style=\"vertical-align: inherit;\"><span style=\"vertical-align: inherit;\"> \u00a0Y comprennent trois modes d&#8217;acupuncture, de massage et de battement. <\/span><span style=\"vertical-align: inherit;\">Continuez \u00e0 appuyer sur le bouton de l&#8217;interrupteur pendant 3 secondes pour d\u00e9marrer. <\/span><span style=\"vertical-align: inherit;\">Le masseur de cou intelligent se compose de 3 modes d&#8217;impulsion, 9 r\u00e9glages d&#8217;intensit\u00e9. <\/span><span style=\"vertical-align: inherit;\">Le masseur de cou \u00e9lectrique simule un vrai massage humain pour aider \u00e0 soulager les douleurs au cou.<\/span><\/span><br \/>\n<span style=\"vertical-align: inherit;\"><span style=\"vertical-align: inherit;\">MEILLEUR EFFET DE MASSAGE\u00a0: Le masseur de cou intelligent utilise des impulsions \u00e9lectriques \u00e0 basse fr\u00e9quence, des effets magn\u00e9tiques et une th\u00e9rapie de traction en boucle \u00e0 trois synchrones pour former un champ d&#8217;\u00e9nergie composite haute performance. <\/span><span style=\"vertical-align: inherit;\">Technologie de cadre tr\u00e8s flexible, conception de suspension 3D intelligente et conception \u00e0 4 points, l\u00e9ger et portable, vous pouvez transporter ce masseur de cou sans fil avec vous lorsqu&#8217;il est compl\u00e8tement charg\u00e9. <\/span><span style=\"vertical-align: inherit;\">Le cou en forme de U doux pour la peau s&#8217;enroule plus pr\u00e8s de la peau, s&#8217;adapte \u00e0 la taille du cou et \u00e0 la courbe du cou de diff\u00e9rentes personnes.<\/span><\/span><br \/>\n<span style=\"vertical-align: inherit;\"><span style=\"vertical-align: inherit;\">107,6 \u2109 TEMP\u00c9RATURE CONSTANTE\u00a0: Masseur intelligent pour le cou \u00c9quip\u00e9 d&#8217;une technique de compression \u00e0 temp\u00e9rature constante et chaude de 107,6 Fahrenheit \uff0c Le petit masseur pour le cou vous offre la relaxation du cou la plus confortable. <\/span><span style=\"vertical-align: inherit;\">Mise \u00e0 jour avec le nouveau capteur int\u00e9rieur et les nouveaux programmes, qui peut contr\u00f4ler avec pr\u00e9cision la temp\u00e9rature pour \u00e9viter une chaleur excessive. <\/span><\/span><br \/>\n<span style=\"vertical-align: inherit;\"><span style=\"vertical-align: inherit;\">PROFITEZ D&#8217;UN MASSAGE QUAND ET O\u00d9 : Un massage \u00e9lectronique innovant du cou qui est diff\u00e9rent des masseurs traditionnels. <\/span><span style=\"vertical-align: inherit;\">Le masseur de cou peut \u00e9galement \u00eatre appliqu\u00e9 \u00e0 d&#8217;autres parties du corps, telles que la taille, les pieds, les mollets, les bras, etc.<\/span><\/span><br \/>\n<span style=\"vertical-align: inherit;\"><span style=\"vertical-align: inherit;\">CONSEILS DE CHAUFFAGE POUR UN MEILLEUR MASSAGE : Ce masseur de cou intelligent utilise une th\u00e9rapie par impulsions \u00e9lectriques \u00e0 basse fr\u00e9quence. <\/span><span style=\"vertical-align: inherit;\">NE PAS utiliser lorsque l&#8217;implantation de stimulateurs cardiaques ou le port de m\u00e9tal dans le corps est interdit, vous pouvez ressentir un choc \u00e9lectrique lors de la premi\u00e8re utilisation, ce qui est normal.<\/span><\/span><\/p>","protected":false},"excerpt":{"rendered":"<ul>\n<li><span style=\"vertical-align: inherit;\"><span style=\"vertical-align: inherit;\">Temps de charge : 1 \u00e0 3 heures<\/span><\/span><\/li>\n<li><span style=\"vertical-align: inherit;\"><span style=\"vertical-align: inherit;\">Tension : 3,7 V<\/span><\/span><\/li>\n<li><span style=\"vertical-align: inherit;\"><span style=\"vertical-align: inherit;\">Temps nominal : 15 minutes<\/span><\/span><\/li>\n<li><span style=\"vertical-align: inherit;\"><span style=\"vertical-align: inherit;\">Puissance : 3WMasseur \u00e9lectrique intelligent 3D pour le soulagement de la douleur au cou,IHELOL<\/span><\/span><\/li>\n<li><span style=\"vertical-align: inherit;\"><span style=\"vertical-align: inherit;\">Pulse Neck Massage avec chaleur, 6 modes, 15 niveaux sans fil<\/span><\/span><\/li>\n<li><span style=\"vertical-align: inherit;\"><span style=\"vertical-align: inherit;\">Masseur de point de d\u00e9marrage profond, cadeaux pour femmes et hommes<\/span><\/span><\/li>\n<li class=\"-pvxs\"><span class=\"-b\"><span style=\"vertical-align: inherit;\"><span style=\"vertical-align: inherit;\">Gamme de produits<\/span><\/span><\/span><span style=\"vertical-align: inherit;\"><span style=\"vertical-align: inherit;\"> : massage<\/span><\/span><\/li>\n<li class=\"-pvxs\"><span class=\"-b\"><span style=\"vertical-align: inherit;\"><span style=\"vertical-align: inherit;\">Mod\u00e8le<\/span><\/span><\/span><span style=\"vertical-align: inherit;\"><span style=\"vertical-align: inherit;\"> : Jt-809<\/span><\/span><\/li>\n<li class=\"-pvxs\"><span class=\"-b\"><span style=\"vertical-align: inherit;\"><span style=\"vertical-align: inherit;\">Poids (kg)<\/span><\/span><\/span><span style=\"vertical-align: inherit;\"><span style=\"vertical-align: inherit;\"> : 0.6<\/span><\/span><\/li>\n<li class=\"-pvxs\"><span class=\"-b\"><span style=\"vertical-align: inherit;\"><span style=\"vertical-align: inherit;\">Couleur<\/span><\/span><\/span><span style=\"vertical-align: inherit;\"><span style=\"vertical-align: inherit;\"> : Blanc<\/span><\/span><\/li>\n<li class=\"-pvxs\"><span style=\"vertical-align: inherit;\"><span style=\"vertical-align: inherit;\">VENDU AVEC LE PRODUIT<\/span><\/span>\n<div class=\"markup -pam\">\n<ul>\n<li><span style=\"vertical-align: inherit;\"><span style=\"vertical-align: inherit;\">carton<\/span><\/span><\/li>\n<li><span style=\"vertical-align: inherit;\"><span style=\"vertical-align: inherit;\">guide,<\/span><\/span><\/li>\n<li><span style=\"vertical-align: inherit;\"><span style=\"vertical-align: inherit;\">t\u00e9l\u00e9commande<\/span><\/span><\/li>\n<li><span style=\"vertical-align: inherit;\"><span style=\"vertical-align: inherit;\">masseur<\/span><\/span><\/li>\n<li><span style=\"vertical-align: inherit;\"><span style=\"vertical-align: inherit;\">c\u00e2ble USB.<\/span><\/span><\/li>\n<\/ul>\n<\/div>\n<\/li>\n<\/ul>","protected":false},"featured_media":9548,"comment_status":"open","ping_status":"closed","template":"","meta":{"_joinchat":[]},"product_cat":[75,70],"product_tag":[],"class_list":{"0":"post-9547","1":"product","2":"type-product","3":"status-publish","4":"has-post-thumbnail","6":"product_cat-health-and-beauty","7":"product_cat-massage-and-relaxation","9":"first","10":"instock","11":"shipping-taxable","12":"purchasable","13":"product-type-simple"},"_links":{"self":[{"href":"https:\/\/windowshopline.com\/fr\/wp-json\/wp\/v2\/product\/9547","targetHints":{"allow":["GET"]}}],"collection":[{"href":"https:\/\/windowshopline.com\/fr\/wp-json\/wp\/v2\/product"}],"about":[{"href":"https:\/\/windowshopline.com\/fr\/wp-json\/wp\/v2\/types\/product"}],"replies":[{"embeddable":true,"href":"https:\/\/windowshopline.com\/fr\/wp-json\/wp\/v2\/comments?post=9547"}],"wp:featuredmedia":[{"embeddable":true,"href":"https:\/\/windowshopline.com\/fr\/wp-json\/wp\/v2\/media\/9548"}],"wp:attachment":[{"href":"https:\/\/windowshopline.com\/fr\/wp-json\/wp\/v2\/media?parent=9547"}],"wp:term":[{"taxonomy":"product_cat","embeddable":true,"href":"https:\/\/windowshopline.com\/fr\/wp-json\/wp\/v2\/product_cat?post=9547"},{"taxonomy":"product_tag","embeddable":true,"href":"https:\/\/windowshopline.com\/fr\/wp-json\/wp\/v2\/product_tag?post=9547"}],"curies":[{"name":"wp","href":"https:\/\/api.w.org\/{rel}","templated":true}]}}