{"id":9752,"date":"2023-05-13T11:22:32","date_gmt":"2023-05-13T11:22:32","guid":{"rendered":"https:\/\/windowshopline.com\/?post_type=product&#038;p=9752"},"modified":"2023-12-16T21:57:21","modified_gmt":"2023-12-16T21:57:21","slug":"ecouteurs-sans-fil-bluetooth-5-0-tws-be36-rose","status":"publish","type":"product","link":"https:\/\/windowshopline.com\/fr\/shop\/ecouteurs-sans-fil-bluetooth-5-0-tws-be36-rose\/","title":{"rendered":"\u00c9couteurs sans fil Bluetooth 5.0 TWS BE36- Rose"},"content":{"rendered":"<pre>Mod\u00e8le: v\u00e9ritable casque Bluetooth sans fil BE36-TWS\r\nVersion Bluetooth: V5.0 puissance de sortie 5m\r\nHaut-parleur: haut-parleur \u00e0 anneau en cuivre v\u00e9ritable de haute qualit\u00e9 bo\u00eete de chargement 28g\r\nPuce: Jerry\r\nTemps de lecture de la musique: 3-5H r\u00e9ponse en fr\u00e9quence: 20HZ-16HZ\r\nTemps de conversation: 3-5H 95db\r\nCapacit\u00e9 de la batterie du casque: cobalt pur 40 mAh, compartiment de charge temps de charge: 1.5 heures\r\nCapacit\u00e9 de la batterie du bo\u00eetier de charge: 500 mAh cobalt pur temps de charge du casque: 1 heure\r\nDistance Effective: 10 + M\r\nPoids Total: 122g\r\nFonction: prise en charge de la musique, affichage de l'alimentation, commande vocale, fonction d'appel, appel Siri,\r\nStandard: \u00e9couteurs * 2 + bo\u00eete de chargement + c\u00e2ble de chargement USB + manuel + bo\u00eete d'emballage\r\nCher acheteur: avant l'exp\u00e9dition, nous testons strictement chaque produit, car le d\u00e9lai d'exp\u00e9dition est long, lorsque vous recevez le casque Bluetooth, il peut \u00eatre hors tension et ne peut pas fonctionner, ne vous inqui\u00e9tez pas, il suffit de le charger, il peut \u00eatre utilis\u00e9 normalement. Si vous avez des questions sur la qualit\u00e9 ou l'utilisation, veuillez d'abord nous contacter. Nous vous aiderons \u00e0 r\u00e9soudre le probl\u00e8me avec un service de qualit\u00e9. Bon shopping.<\/pre>","protected":false},"excerpt":{"rendered":"<p>1.Version Bluetooth : V5.02.<br \/>\n2. Distance Bluetooth\u00a0: 10\u00a0m<br \/>\n3. Temps de charge : environ 1 \u00e0 2 heures<br \/>\n4. Autonomie en veille : environ 80 heures<br \/>\n5. Temps de musique : environ 3 heures<br \/>\n6. Temps de conversation : environ 4 heures<br \/>\n7. Batterie du haut-parleur\u00a0: batterie au lithium-polym\u00e8re de 45\u00a0mAh<br \/>\n8. Batterie du bo\u00eetier de la batterie\u00a0: batterie au lithium-polym\u00e8re 400\u00a0mAh<br \/>\n9. Format de transmission audio : HFP\/A2DP\/HSP\/AVRCP<br \/>\nListe de colisage: 2 * \u00e9couteurs 1 * c\u00e2ble de charge USB 1 * manuel d&#8217;utilisation en anglais 1 * chargeur<br \/>\n10. Couleur : Rose<\/p>","protected":false},"featured_media":9753,"comment_status":"open","ping_status":"closed","template":"","meta":{"_joinchat":[]},"product_cat":[76,42],"product_tag":[],"class_list":{"0":"post-9752","1":"product","2":"type-product","3":"status-publish","4":"has-post-thumbnail","6":"product_cat-ecouteurs-casques","7":"product_cat-phone-accessories","9":"first","10":"instock","11":"sale","12":"shipping-taxable","13":"purchasable","14":"product-type-simple"},"_links":{"self":[{"href":"https:\/\/windowshopline.com\/fr\/wp-json\/wp\/v2\/product\/9752","targetHints":{"allow":["GET"]}}],"collection":[{"href":"https:\/\/windowshopline.com\/fr\/wp-json\/wp\/v2\/product"}],"about":[{"href":"https:\/\/windowshopline.com\/fr\/wp-json\/wp\/v2\/types\/product"}],"replies":[{"embeddable":true,"href":"https:\/\/windowshopline.com\/fr\/wp-json\/wp\/v2\/comments?post=9752"}],"wp:featuredmedia":[{"embeddable":true,"href":"https:\/\/windowshopline.com\/fr\/wp-json\/wp\/v2\/media\/9753"}],"wp:attachment":[{"href":"https:\/\/windowshopline.com\/fr\/wp-json\/wp\/v2\/media?parent=9752"}],"wp:term":[{"taxonomy":"product_cat","embeddable":true,"href":"https:\/\/windowshopline.com\/fr\/wp-json\/wp\/v2\/product_cat?post=9752"},{"taxonomy":"product_tag","embeddable":true,"href":"https:\/\/windowshopline.com\/fr\/wp-json\/wp\/v2\/product_tag?post=9752"}],"curies":[{"name":"wp","href":"https:\/\/api.w.org\/{rel}","templated":true}]}}