{"id":9797,"date":"2023-05-14T09:42:56","date_gmt":"2023-05-14T09:42:56","guid":{"rendered":"https:\/\/windowshopline.com\/?post_type=product&#038;p=9797"},"modified":"2023-12-16T21:55:36","modified_gmt":"2023-12-16T21:55:36","slug":"gps-tk103-gps-tracker-tk103-pour-securiser-votre-voiture-moto-camion","status":"publish","type":"product","link":"https:\/\/windowshopline.com\/fr\/shop\/gps-tk103-gps-tracker-tk103-pour-securiser-votre-voiture-moto-camion\/","title":{"rendered":"GPS TK103  .  GPS Tracker TK103 &#8211; Pour S\u00e9curiser Votre Voiture &#8211; Moto &#8211; Camion"},"content":{"rendered":"<p>GPS Tracker TK 103 ce GPS est tr\u00e8s fonctionnel et utile il comprend une T\u00e9l\u00e9commande avec fonction marche\/arr\u00eat d&#8217;alarme. Positionnement. Transfert de donn\u00e9es, r\u00e9seau internet. Surveillance Point \u00e0 point, point \u00e0 groupe, groupe \u00e0 groupe. Suivi Accessoires optionnels. Automatique continu selon diff\u00e9rents intervalles de temps et de distance. Adresse rue absolue avec r\u00e9seau. Carte m\u00e9moire pour l&#8217;enregistrement des donn\u00e9es. Support 9-36 V, de sorte qu&#8217;il peut \u00eatre install\u00e9 dans le Bus, le taxi, le camion, la voiture personnelle, la voiture professionnelle, etc. Maximum 5 num\u00e9ros de t\u00e9l\u00e9phone portable sont autoris\u00e9s \u00e0 administrer le tracer. Coupez l&#8217;huile et le syst\u00e8me d&#8217;alimentation.<\/p>","protected":false},"excerpt":{"rendered":"<pre>Dimension: 83*54*26mm.\r\nPoids: 120g.\r\nR\u00e9seau: GSM\/GPRS.\r\nBande: 850\/900\/1800\/1900 Mhz\r\nSensibilit\u00e9 GPS:-159dBm\r\nPr\u00e9cision GPS: 5 m\r\nLb pr\u00e9cision: 100-2000 m\r\nTemps de d\u00e9marrage GPS.\r\n\u00c9tat froid 45 s\r\n\u00c9tat chaud 35 s\r\n\u00c9tat chaud 1 s.\r\nTension de fonctionnement: 12 V-24 V cc\r\nBatterie de secours: li-batterie polym\u00e8re rechargeable de 3,7v500mah.\r\nTemp\u00e9rature de stockage:-40 \u00b0 c \u00e0 + 85 \u00b0 c.\r\nTemp\u00e9rature de fonctionnement:-20 \u00b0 c \u00e0 + 65 \u00b0 c.\r\nHumidit\u00e9: 5%-95% sans condensation.<\/pre>","protected":false},"featured_media":9798,"comment_status":"open","ping_status":"closed","template":"","meta":{"_joinchat":[]},"product_cat":[73],"product_tag":[],"class_list":{"0":"post-9797","1":"product","2":"type-product","3":"status-publish","4":"has-post-thumbnail","6":"product_cat-cars-accessories","8":"first","9":"instock","10":"sale","11":"shipping-taxable","12":"purchasable","13":"product-type-simple"},"_links":{"self":[{"href":"https:\/\/windowshopline.com\/fr\/wp-json\/wp\/v2\/product\/9797","targetHints":{"allow":["GET"]}}],"collection":[{"href":"https:\/\/windowshopline.com\/fr\/wp-json\/wp\/v2\/product"}],"about":[{"href":"https:\/\/windowshopline.com\/fr\/wp-json\/wp\/v2\/types\/product"}],"replies":[{"embeddable":true,"href":"https:\/\/windowshopline.com\/fr\/wp-json\/wp\/v2\/comments?post=9797"}],"wp:featuredmedia":[{"embeddable":true,"href":"https:\/\/windowshopline.com\/fr\/wp-json\/wp\/v2\/media\/9798"}],"wp:attachment":[{"href":"https:\/\/windowshopline.com\/fr\/wp-json\/wp\/v2\/media?parent=9797"}],"wp:term":[{"taxonomy":"product_cat","embeddable":true,"href":"https:\/\/windowshopline.com\/fr\/wp-json\/wp\/v2\/product_cat?post=9797"},{"taxonomy":"product_tag","embeddable":true,"href":"https:\/\/windowshopline.com\/fr\/wp-json\/wp\/v2\/product_tag?post=9797"}],"curies":[{"name":"wp","href":"https:\/\/api.w.org\/{rel}","templated":true}]}}