{"id":9832,"date":"2023-05-14T10:10:06","date_gmt":"2023-05-14T10:10:06","guid":{"rendered":"https:\/\/windowshopline.com\/?post_type=product&#038;p=9832"},"modified":"2023-12-16T21:55:02","modified_gmt":"2023-12-16T21:55:02","slug":"chargeur-de-voiture-2-en-1-oreillette-bluetooth-blanc-2","status":"publish","type":"product","link":"https:\/\/windowshopline.com\/fr\/shop\/chargeur-de-voiture-2-en-1-oreillette-bluetooth-blanc-2\/","title":{"rendered":"Chargeur De voiture 2 en 1 + Oreillette Bluetooth &#8211; Blanc"},"content":{"rendered":"<p>Ceci est un casque Bluetooth affaires et un chargeur de voiture. Avec le port USB, vous pouvez recharger votre t\u00e9l\u00e9phone en m\u00eame temps. Une conduite s\u00fbre. Ne pas avoir peur d&#8217;appeler et de conduire en toute s\u00e9curit\u00e9 pendant la conduite .. L&#8217;alimentation de la base est accompagn\u00e9e de la charge, et le v\u00e9hicule est aliment\u00e9 en continu, en r\u00e9solvant le probl\u00e8me de la conduite sans \u00e9lectricit\u00e9. Convient pour la plupart des mod\u00e8les sur le march\u00e9, avec une grande tension de 12V-24V .. L&#8217;appelant r\u00e9pond automatiquement \/ raccroche le t\u00e9l\u00e9phone et fait ses adieux \u00e0 l&#8217;op\u00e9ration lourde et simple. Prenez le casque et r\u00e9pondre automatiquement. Remettre en place le casque et le casque se bloque automatiquement .. Bluetooth 5.0 connexion intelligente. Smart Touche batterie longue dur\u00e9e, appel HD sans barri\u00e8re, la conduite \u00e0 grande vitesse, la communication est \u00e0 port\u00e9e de main .. sortie USB, charge rapide. L&#8217;interface USB fournit une sortie 5V 2.4A pour les appareils de charge tels que les t\u00e9l\u00e9phones portables, les tablettes, les ordinateurs portables et les appareils photo. Description : Puce Bluetooth 5.0, connexion plus stable et faible consommation d&#8217;\u00e9nergie, pas de retard. Circuit de contr\u00f4le intelligent IC, emp\u00eache efficacement la surcharge, les courts-circuits et autres risques de s\u00e9curit\u00e9. Deux t\u00e9l\u00e9phones mobiles peuvent \u00eatre connect\u00e9s en m\u00eame temps et n&#8217;importe quel t\u00e9l\u00e9phone peut r\u00e9pondre \u00e0 un appel. Appairage automatique, d\u00e9monter et coupler les deux automatiquement, plus pratique. Taille compacte, facile \u00e0 ranger et \u00e0 transporter. Compatible avec la plupart des appareils Bluetooth intelligents.<\/p>","protected":false},"excerpt":{"rendered":"<p>Version Bluetooth : 5.0.<br \/>\n-Mati\u00e8re : ABS, PC.<br \/>\n&#8211; couleur blanche.<br \/>\nTaille du haut-parleur : environ 16,7 x 41 mm.<br \/>\nDimensions du chargeur : environ 37 x 74,5 x 21 mm.<br \/>\nAlimentation : batterie int\u00e9gr\u00e9e de 30 mAh.<br \/>\nTension de sortie : 5V.<br \/>\nCourant de sortie : 2400mA.<br \/>\nTension d&#8217;entr\u00e9e : 12-24 volts.<\/p>","protected":false},"featured_media":9833,"comment_status":"open","ping_status":"closed","template":"","meta":{"_joinchat":[]},"product_cat":[73,42],"product_tag":[],"class_list":{"0":"post-9832","1":"product","2":"type-product","3":"status-publish","4":"has-post-thumbnail","6":"product_cat-cars-accessories","7":"product_cat-phone-accessories","9":"first","10":"instock","11":"sale","12":"shipping-taxable","13":"purchasable","14":"product-type-simple"},"_links":{"self":[{"href":"https:\/\/windowshopline.com\/fr\/wp-json\/wp\/v2\/product\/9832","targetHints":{"allow":["GET"]}}],"collection":[{"href":"https:\/\/windowshopline.com\/fr\/wp-json\/wp\/v2\/product"}],"about":[{"href":"https:\/\/windowshopline.com\/fr\/wp-json\/wp\/v2\/types\/product"}],"replies":[{"embeddable":true,"href":"https:\/\/windowshopline.com\/fr\/wp-json\/wp\/v2\/comments?post=9832"}],"wp:featuredmedia":[{"embeddable":true,"href":"https:\/\/windowshopline.com\/fr\/wp-json\/wp\/v2\/media\/9833"}],"wp:attachment":[{"href":"https:\/\/windowshopline.com\/fr\/wp-json\/wp\/v2\/media?parent=9832"}],"wp:term":[{"taxonomy":"product_cat","embeddable":true,"href":"https:\/\/windowshopline.com\/fr\/wp-json\/wp\/v2\/product_cat?post=9832"},{"taxonomy":"product_tag","embeddable":true,"href":"https:\/\/windowshopline.com\/fr\/wp-json\/wp\/v2\/product_tag?post=9832"}],"curies":[{"name":"wp","href":"https:\/\/api.w.org\/{rel}","templated":true}]}}