{"id":9868,"date":"2023-05-15T09:21:24","date_gmt":"2023-05-15T09:21:24","guid":{"rendered":"https:\/\/windowshopline.com\/?post_type=product&#038;p=9868"},"modified":"2023-12-16T21:54:37","modified_gmt":"2023-12-16T21:54:37","slug":"support-telephone-pour-table-et-bureau-pliable-et-reglable-vert","status":"publish","type":"product","link":"https:\/\/windowshopline.com\/fr\/shop\/support-telephone-pour-table-et-bureau-pliable-et-reglable-vert\/","title":{"rendered":"Support T\u00e9l\u00e9phone Pour Table Et Bureau Pliable Et R\u00e9glable  Vert"},"content":{"rendered":"<p>VOTRE T\u00c9L\u00c9PHONE MOBILE OU VOTRE SUPPORT DE TABLETTE EN COURS DE D\u00c9PART. Portable, facile \u00e0 transporter, mini. La conception pliable vous permet de ranger facilement dans votre poche ou votre sac et de l&#8217;emmener n&#8217;importe o\u00f9 pour travailler, sortir ou vous d\u00e9tendre.<br \/>\nASSEMBLAGE DU PANNEAU ET DES PIEDS EN SILICONE ANTID\u00c9RAPANTS. Maintient votre appareil mobile positionn\u00e9 et stable en un seul endroit. La conception du panneau n&#8217;interf\u00e8re ni ne bloque votre vue de l&#8217;\u00e9cran du gadget mobile.<br \/>\nASSEMBLAGE DE LA BASE POND\u00c9R\u00c9E EN FER. Assure la stabilit\u00e9 totale de votre t\u00e9l\u00e9phone portable ou support de table portable et pliable sur n&#8217;importe quelle surface.<br \/>\nL&#8217;angle et la hauteur peuvent \u00eatre ajust\u00e9s selon vos pr\u00e9f\u00e9rences<br \/>\nPrise en charge de la visualisation horizontale et verticale<br \/>\nConception de rainure en forme de U, ne bloquera pas les sous-titres<br \/>\nR\u00e9server le port de charge, peut jouer pendant la charge<br \/>\nConception pliable, facile \u00e0 transporter dans votre sac<br \/>\nPatin antid\u00e9rapant sur le panneau, la rainure et le fond, plus stable \u00e0 utiliser<\/p>","protected":false},"excerpt":{"rendered":"<p>Nom de marque : Yesido<br \/>\n&#8211; Mod\u00e8le : C104<br \/>\n&#8211; Mat\u00e9riau : ABS + PC + Acrylique + Silicone<br \/>\n&#8211; L&#8217;angle et la hauteur peuvent \u00eatre ajust\u00e9s selon vos pr\u00e9f\u00e9rences<br \/>\nSoutenir la vision horizontale et verticale<br \/>\nConception de rainure en forme de U, ne bloquera pas la traduction<br \/>\n&#8211; Port de charge de secours, peut \u00eatre jou\u00e9 pendant la charge<br \/>\n&#8211; Conception pliable, facile \u00e0 transporter dans votre sac<br \/>\n&#8211; Coussin antid\u00e9rapant sur la planche, la rainure et le fond, plus stable \u00e0 utiliser<br \/>\n&#8211; Ce support de t\u00e9l\u00e9phone est en ABS + PC + silicone + \u00e9ponge<br \/>\nPoids (kg)\u00a0: 0,2<br \/>\n&#8211; couleur verte<\/p>","protected":false},"featured_media":9869,"comment_status":"open","ping_status":"closed","template":"","meta":{"_joinchat":[]},"product_cat":[79,42],"product_tag":[],"class_list":{"0":"post-9868","1":"product","2":"type-product","3":"status-publish","4":"has-post-thumbnail","6":"product_cat-supports-de-bureau","7":"product_cat-phone-accessories","9":"first","10":"instock","11":"sale","12":"shipping-taxable","13":"purchasable","14":"product-type-simple"},"_links":{"self":[{"href":"https:\/\/windowshopline.com\/fr\/wp-json\/wp\/v2\/product\/9868","targetHints":{"allow":["GET"]}}],"collection":[{"href":"https:\/\/windowshopline.com\/fr\/wp-json\/wp\/v2\/product"}],"about":[{"href":"https:\/\/windowshopline.com\/fr\/wp-json\/wp\/v2\/types\/product"}],"replies":[{"embeddable":true,"href":"https:\/\/windowshopline.com\/fr\/wp-json\/wp\/v2\/comments?post=9868"}],"wp:featuredmedia":[{"embeddable":true,"href":"https:\/\/windowshopline.com\/fr\/wp-json\/wp\/v2\/media\/9869"}],"wp:attachment":[{"href":"https:\/\/windowshopline.com\/fr\/wp-json\/wp\/v2\/media?parent=9868"}],"wp:term":[{"taxonomy":"product_cat","embeddable":true,"href":"https:\/\/windowshopline.com\/fr\/wp-json\/wp\/v2\/product_cat?post=9868"},{"taxonomy":"product_tag","embeddable":true,"href":"https:\/\/windowshopline.com\/fr\/wp-json\/wp\/v2\/product_tag?post=9868"}],"curies":[{"name":"wp","href":"https:\/\/api.w.org\/{rel}","templated":true}]}}