{"id":9916,"date":"2023-05-15T11:37:51","date_gmt":"2023-05-15T11:37:51","guid":{"rendered":"https:\/\/windowshopline.com\/?post_type=product&#038;p=9916"},"modified":"2023-12-16T21:53:31","modified_gmt":"2023-12-16T21:53:31","slug":"support-de-bureau-pliable-pour-telephone-tablette-rose-2","status":"publish","type":"product","link":"https:\/\/windowshopline.com\/fr\/shop\/support-de-bureau-pliable-pour-telephone-tablette-rose-2\/","title":{"rendered":"Support De Bureau Pliable &#8211; Pour T\u00e9l\u00e9phone &#038; Tablette &#8211; Rose"},"content":{"rendered":"<p>Support mains libres pour t\u00e9l\u00e9phone et tablette Lib\u00e9rez absolument vos mains! Avec ce support de tablette pour t\u00e9l\u00e9phone portable, vous n&#8217;avez pas \u00e0 tenir les appareils tout le temps! Notre support de t\u00e9l\u00e9phone portable rendra votre vie num\u00e9rique beaucoup plus pratique au bureau, lisez des recettes en ligne dans la cuisine, \u00e0 la maison ou sur la table \u00e0 manger, en particulier vous pouvez toujours l&#8217;utiliser lorsque vos appareils sont en charge. Ce support de t\u00e9l\u00e9phone portable r\u00e9glable est lisse mais tr\u00e8s stable \u00e0 l&#8217;angle de vue que vous choisissez. Compatibilit\u00e9 multi-angle r\u00e9glable et universelle Contrairement aux autres supports de t\u00e9l\u00e9phone portable qui n&#8217;ont qu&#8217;une seule rotation pour le r\u00e9glage de l&#8217;angle, notre support de t\u00e9l\u00e9phone portable dispose d&#8217;un double angle r\u00e9glable \u00e0 270 degr\u00e9s et id\u00e9al pour utiliser Face time et YouTube, messages faciles \u00e0 lire, e-mails, Facebook, Instagram, cuisine \u00e0 partir d&#8217;une recette en ligne sous un angle tr\u00e8s confortable. Notre support de t\u00e9l\u00e9phone portable peut \u00eatre compatible avec la plupart des t\u00e9l\u00e9phones portables et des tablettes de moins de 10 pouces (dans un d\u00e9lai de 13 mm), joue un bon r\u00f4le pour vous faciliter la vie. Excellente stabilit\u00e9 et support de t\u00e9l\u00e9phone portable pliable Contrairement \u00e0 l&#8217;autre support de t\u00e9l\u00e9phone portable qui ne peut pas se plier, notre support de t\u00e9l\u00e9phone portable peut \u00eatre pli\u00e9 compl\u00e8tement pour \u00e9conomiser de l&#8217;espace lorsque vous sortez ou voyagez. Ce support de t\u00e9l\u00e9phone portable est un mat\u00e9riau en alliage d&#8217;aluminium de qualit\u00e9 sup\u00e9rieure et haute densit\u00e9 avec un bord lisse \u00e9l\u00e9gant; Notre support de t\u00e9l\u00e9phone portable est con\u00e7u sur un centre de gravit\u00e9 bas et suffisamment lourd pour contenir vos t\u00e9l\u00e9phones et tablettes tr\u00e8s solides et robustes sur votre bureau, ne laissez jamais tomber votre t\u00e9l\u00e9phone ou vos tablettes. Support de t\u00e9l\u00e9phone prot\u00e9g\u00e9 antid\u00e9rapant et anti-rayures Ce support de tablette de support de t\u00e9l\u00e9phone portable de bureau a des coussinets de protection sur les deux bras de maintien pour \u00e9viter de rayer vos appareils; Le rembourrage en caoutchouc au bas du support de t\u00e9l\u00e9phone portable vous permet de taper sur le t\u00e9l\u00e9phone sans glisser ni basculer; Notre support de tablette r\u00e9glable pour t\u00e9l\u00e9phone portable est votre meilleur choix de cadeau id\u00e9al pour la famille et les amis, vous ne le regretterez pas. Allez et surprenez vos amants!<\/p>","protected":false},"excerpt":{"rendered":"<p>Marque : Yesido<br \/>\nMod\u00e8le : C85<br \/>\nCouleur Rose<br \/>\nChargeur : Non<br \/>\nMat\u00e9riau : alliage d&#8217;aluminium + silicone<br \/>\nHauteur maximale : 16,5 mm<br \/>\nCaract\u00e9ristique : R\u00e9glage t\u00e9lescopique et pliable<br \/>\nAngle d&#8217;arc : arc rotatif de 120\u00b0<\/p>","protected":false},"featured_media":9917,"comment_status":"open","ping_status":"closed","template":"","meta":{"_joinchat":[]},"product_cat":[79,42],"product_tag":[],"class_list":{"0":"post-9916","1":"product","2":"type-product","3":"status-publish","4":"has-post-thumbnail","6":"product_cat-supports-de-bureau","7":"product_cat-phone-accessories","9":"first","10":"instock","11":"sale","12":"shipping-taxable","13":"purchasable","14":"product-type-simple"},"_links":{"self":[{"href":"https:\/\/windowshopline.com\/fr\/wp-json\/wp\/v2\/product\/9916","targetHints":{"allow":["GET"]}}],"collection":[{"href":"https:\/\/windowshopline.com\/fr\/wp-json\/wp\/v2\/product"}],"about":[{"href":"https:\/\/windowshopline.com\/fr\/wp-json\/wp\/v2\/types\/product"}],"replies":[{"embeddable":true,"href":"https:\/\/windowshopline.com\/fr\/wp-json\/wp\/v2\/comments?post=9916"}],"wp:featuredmedia":[{"embeddable":true,"href":"https:\/\/windowshopline.com\/fr\/wp-json\/wp\/v2\/media\/9917"}],"wp:attachment":[{"href":"https:\/\/windowshopline.com\/fr\/wp-json\/wp\/v2\/media?parent=9916"}],"wp:term":[{"taxonomy":"product_cat","embeddable":true,"href":"https:\/\/windowshopline.com\/fr\/wp-json\/wp\/v2\/product_cat?post=9916"},{"taxonomy":"product_tag","embeddable":true,"href":"https:\/\/windowshopline.com\/fr\/wp-json\/wp\/v2\/product_tag?post=9916"}],"curies":[{"name":"wp","href":"https:\/\/api.w.org\/{rel}","templated":true}]}}