{"id":9990,"date":"2023-05-17T12:10:45","date_gmt":"2023-05-17T12:10:45","guid":{"rendered":"https:\/\/windowshopline.com\/?post_type=product&#038;p=9990"},"modified":"2023-12-16T21:51:19","modified_gmt":"2023-12-16T21:51:19","slug":"gold-tech-amplificateur-decran-3d-hd-support-pliable-12-rouge","status":"publish","type":"product","link":"https:\/\/windowshopline.com\/fr\/shop\/gold-tech-amplificateur-decran-3d-hd-support-pliable-12-rouge\/","title":{"rendered":"Gold Tech Amplificateur D&#8217;\u00c9cran 3D HD &#8211; Support Pliable 12&#8243; &#8211; Rouge"},"content":{"rendered":"<p>1. \u00c9cran d&#8217;affichage HD: l&#8217;\u00e9cran de miroir de Fresnel adopte la technologie optique de zoom HD, qui peut agrandir HD de 3 \u00e0 4 fois, emp\u00eachant efficacement le rayonnement g\u00e9n\u00e9r\u00e9 par le t\u00e9l\u00e9phone portable.<\/p>\n<p>2. Conception coulissante: \u00e9tirez le bouton rond en silicone, puis l&#8217;\u00e9cran appara\u00eet. Ce mode d&#8217;\u00e9cran coulissant aide \u00e0 prot\u00e9ger l&#8217;\u00e9cran et est plus adapt\u00e9 au transport.<\/p>\n<p>3. Op\u00e9ration Simple: l&#8217;amplificateur d&#8217;\u00e9cran double la taille de l&#8217;\u00e9cran, de sorte que vous pouvez tirer le meilleur parti des films et des vid\u00e9os sur votre smartphone HD. Ajoutez un clavier Bluetooth et utilisez-le pour lire en HD.<\/p>\n<p>4. Mat\u00e9riaux de haute qualit\u00e9: plastique ABS et miroir de Fresnel, solide et durable, d\u00e9finition encore plus \u00e9lev\u00e9e. Soulevez l&#8217;angle de vue r\u00e9glable du cadre. Le tampon en silicone antid\u00e9rapant prot\u00e8ge et stabilise le t\u00e9l\u00e9phone.<\/p>\n<p>5. Excellente compatibilit\u00e9: que vous soyez pour iPhone ou un t\u00e9l\u00e9phone Android, l&#8217;\u00e9cran du projecteur de la loupe peut \u00eatre utilis\u00e9 avec votre appareil. Le plaisir visuel 3D peut \u00e9viter la fatigue visuelle.<\/p>","protected":false},"excerpt":{"rendered":"<ul>\n<li>Mat\u00e9riau: plastique ABS + lentille Phoenix<\/li>\n<li>Grossissement: 3-4 fois<\/li>\n<li>Fonctions: amplification, protection oculaire, radioprotection, support de support<\/li>\n<li>Taille du produit: 260*175*10mm\/10.23*6.88*0.39&#8221;<\/li>\n<li>Type: Loupe d&#8217;\u00e9cran vid\u00e9o mobile<\/li>\n<li>Mat\u00e9riaux: Bois + Acrylique respectueux de l&#8217;environnement<\/li>\n<li>Couleur: Rouge<\/li>\n<li>Compatible: Convient \u00e0 tous les types de smartphones<\/li>\n<li>Taille de l&#8217;\u00e9cran: 12 pouces<\/li>\n<li>Taille: env. 26 * 19 cm \/ 10,6 * 6,3 pouces;<\/li>\n<li>Taille du film de l&#8217;\u00e9cran: 25,2 * 13 cm<\/li>\n<\/ul>","protected":false},"featured_media":9991,"comment_status":"open","ping_status":"closed","template":"","meta":{"_joinchat":[]},"product_cat":[84,42],"product_tag":[],"class_list":{"0":"post-9990","1":"product","2":"type-product","3":"status-publish","4":"has-post-thumbnail","6":"product_cat-affichages-et-projecteurs","7":"product_cat-phone-accessories","9":"first","10":"instock","11":"sale","12":"shipping-taxable","13":"purchasable","14":"product-type-simple"},"_links":{"self":[{"href":"https:\/\/windowshopline.com\/fr\/wp-json\/wp\/v2\/product\/9990","targetHints":{"allow":["GET"]}}],"collection":[{"href":"https:\/\/windowshopline.com\/fr\/wp-json\/wp\/v2\/product"}],"about":[{"href":"https:\/\/windowshopline.com\/fr\/wp-json\/wp\/v2\/types\/product"}],"replies":[{"embeddable":true,"href":"https:\/\/windowshopline.com\/fr\/wp-json\/wp\/v2\/comments?post=9990"}],"wp:featuredmedia":[{"embeddable":true,"href":"https:\/\/windowshopline.com\/fr\/wp-json\/wp\/v2\/media\/9991"}],"wp:attachment":[{"href":"https:\/\/windowshopline.com\/fr\/wp-json\/wp\/v2\/media?parent=9990"}],"wp:term":[{"taxonomy":"product_cat","embeddable":true,"href":"https:\/\/windowshopline.com\/fr\/wp-json\/wp\/v2\/product_cat?post=9990"},{"taxonomy":"product_tag","embeddable":true,"href":"https:\/\/windowshopline.com\/fr\/wp-json\/wp\/v2\/product_tag?post=9990"}],"curies":[{"name":"wp","href":"https:\/\/api.w.org\/{rel}","templated":true}]}}